{"id":600,"date":"2021-08-06T17:44:29","date_gmt":"2021-08-06T17:44:29","guid":{"rendered":"https:\/\/atsamed.com.mx\/?post_type=product&#038;p=600"},"modified":"2022-10-21T12:52:52","modified_gmt":"2022-10-21T17:52:52","slug":"vitalcheck-reutilizable-brazalete-adulto-azul-marino-26-33-cm","status":"publish","type":"product","link":"https:\/\/atsamed.com.mx\/en\/product\/vitalcheck-reutilizable-brazalete-adulto-azul-marino-26-33-cm\/","title":{"rendered":"Vitalcheck reusable adult cuff navy blue 26-33 cm"},"content":{"rendered":"<h5><em><a href=\"https:\/\/atsamed.com.mx\/en\/#login\">Reg\u00edstrate para mayor informaci\u00f3n<\/a><\/em><\/h5>","protected":false},"excerpt":{"rendered":"<p><span style=\"font-weight: 400;\">Vitalcheck reusable adult cuff navy blue 26-33 cm<\/span>. <span style=\"font-weight: 400;\">Reutilizable con c\u00e1mara desmontable.\u00a0<\/span><\/p>\n<p>Armband with Male Bayonet Connector - Plastic<span style=\"font-weight: 400;\">available in multiple entries)<\/span>\u00a0one Way Adult Plus. Adult ambulatory blood pressure monitoring cuff. The smooth edge reduces the risk of cuts and scratches, increasing patient comfort. By being able to attach \/ remove the tube easily and with one hand, it makes the operation of changing the cuffs much faster and easier.<\/p>","protected":false},"featured_media":3217,"template":"","meta":{"site-sidebar-layout":"default","site-content-layout":"default","ast-site-content-layout":"default","site-content-style":"default","site-sidebar-style":"default","ast-global-header-display":"","ast-banner-title-visibility":"","ast-main-header-display":"","ast-hfb-above-header-display":"","ast-hfb-below-header-display":"","ast-hfb-mobile-header-display":"","site-post-title":"","ast-breadcrumbs-content":"","ast-featured-img":"","footer-sml-layout":"","theme-transparent-header-meta":"default","adv-header-id-meta":"","stick-header-meta":"","header-above-stick-meta":"","header-main-stick-meta":"","header-below-stick-meta":"","astra-migrate-meta-layouts":"default","ast-page-background-enabled":"default","ast-page-background-meta":{"desktop":{"background-color":"var(--ast-global-color-4)","background-image":"","background-repeat":"repeat","background-position":"center center","background-size":"auto","background-attachment":"scroll","background-type":"","background-media":"","overlay-type":"","overlay-color":"","overlay-opacity":"","overlay-gradient":""},"tablet":{"background-color":"","background-image":"","background-repeat":"repeat","background-position":"center center","background-size":"auto","background-attachment":"scroll","background-type":"","background-media":"","overlay-type":"","overlay-color":"","overlay-opacity":"","overlay-gradient":""},"mobile":{"background-color":"","background-image":"","background-repeat":"repeat","background-position":"center center","background-size":"auto","background-attachment":"scroll","background-type":"","background-media":"","overlay-type":"","overlay-color":"","overlay-opacity":"","overlay-gradient":""}},"ast-content-background-meta":{"desktop":{"background-color":"var(--ast-global-color-5)","background-image":"","background-repeat":"repeat","background-position":"center center","background-size":"auto","background-attachment":"scroll","background-type":"","background-media":"","overlay-type":"","overlay-color":"","overlay-opacity":"","overlay-gradient":""},"tablet":{"background-color":"var(--ast-global-color-5)","background-image":"","background-repeat":"repeat","background-position":"center center","background-size":"auto","background-attachment":"scroll","background-type":"","background-media":"","overlay-type":"","overlay-color":"","overlay-opacity":"","overlay-gradient":""},"mobile":{"background-color":"var(--ast-global-color-5)","background-image":"","background-repeat":"repeat","background-position":"center center","background-size":"auto","background-attachment":"scroll","background-type":"","background-media":"","overlay-type":"","overlay-color":"","overlay-opacity":"","overlay-gradient":""}},"_joinchat":[]},"product_brand":[],"product_cat":[25,36,30,28,26,27,41],"product_tag":[66],"class_list":{"0":"post-600","1":"product","2":"type-product","3":"status-publish","4":"has-post-thumbnail","6":"product_cat-anestesiologia","7":"product_cat-areas-criticas","8":"product_cat-cardio-hemodinamia","9":"product_cat-clinica-del-dolor","10":"product_cat-nutricion-clinica","11":"product_cat-oncologia","12":"product_cat-trasplantes-quemados","13":"product_tag-salter","14":"desktop-align-left","15":"tablet-align-left","16":"mobile-align-left","18":"first","19":"instock","20":"shipping-taxable","21":"product-type-simple"},"yoast_head":"<!-- This site is optimized with the Yoast SEO plugin v26.1.1 - https:\/\/yoast.com\/wordpress\/plugins\/seo\/ -->\n<title>Vitalcheck reutilizable brazalete adulto azul marino 26-33 cm - Atsamed<\/title>\n<meta name=\"robots\" content=\"index, follow, max-snippet:-1, max-image-preview:large, max-video-preview:-1\" \/>\n<link rel=\"canonical\" href=\"https:\/\/atsamed.com.mx\/en\/product\/vitalcheck-reutilizable-brazalete-adulto-azul-marino-26-33-cm\/\" \/>\n<meta property=\"og:locale\" content=\"en_US\" \/>\n<meta property=\"og:type\" content=\"article\" \/>\n<meta property=\"og:title\" content=\"Vitalcheck reutilizable brazalete adulto azul marino 26-33 cm - Atsamed\" \/>\n<meta property=\"og:description\" content=\"Vitalcheck reutilizable brazalete adulto azul marino 26-33 cm. Reutilizable con c\u00e1mara desmontable.\u00a0  Brazalete con conector Tipo Bayoneta Macho - Pl\u00e1stico, (Disponible en varias entradas)\u00a0de Una V\u00eda Adulto Plus. Brazalete para monitoreo ambulatorio de presi\u00f3n arterial adulto. El borde suave reduce el riesgo de cortes y ara\u00f1azos, aumentando la comodidad del paciente. Al poder acoplar\/quitar el tubo f\u00e1cilmente y con una sola mano, facilita y hace mucho m\u00e1s r\u00e1pida la operaci\u00f3n de cambiar los manguitos.\" \/>\n<meta property=\"og:url\" content=\"https:\/\/atsamed.com.mx\/en\/product\/vitalcheck-reutilizable-brazalete-adulto-azul-marino-26-33-cm\/\" \/>\n<meta property=\"og:site_name\" content=\"Atsamed\" \/>\n<meta property=\"article:publisher\" content=\"https:\/\/www.facebook.com\/atsamed.mx\" \/>\n<meta property=\"article:modified_time\" content=\"2022-10-21T17:52:52+00:00\" \/>\n<meta property=\"og:image\" content=\"https:\/\/atsamed.com.mx\/wp-content\/uploads\/2021\/08\/1-2.jpg\" \/>\n\t<meta property=\"og:image:width\" content=\"1000\" \/>\n\t<meta property=\"og:image:height\" content=\"1000\" \/>\n\t<meta property=\"og:image:type\" content=\"image\/jpeg\" \/>\n<meta name=\"twitter:card\" content=\"summary_large_image\" \/>\n<script type=\"application\/ld+json\" class=\"yoast-schema-graph\">{\"@context\":\"https:\/\/schema.org\",\"@graph\":[{\"@type\":\"WebPage\",\"@id\":\"https:\/\/atsamed.com.mx\/producto\/vitalcheck-reutilizable-brazalete-adulto-azul-marino-26-33-cm\/\",\"url\":\"https:\/\/atsamed.com.mx\/producto\/vitalcheck-reutilizable-brazalete-adulto-azul-marino-26-33-cm\/\",\"name\":\"Vitalcheck reutilizable brazalete adulto azul marino 26-33 cm - Atsamed\",\"isPartOf\":{\"@id\":\"https:\/\/atsamed.com.mx\/#website\"},\"primaryImageOfPage\":{\"@id\":\"https:\/\/atsamed.com.mx\/producto\/vitalcheck-reutilizable-brazalete-adulto-azul-marino-26-33-cm\/#primaryimage\"},\"image\":{\"@id\":\"https:\/\/atsamed.com.mx\/producto\/vitalcheck-reutilizable-brazalete-adulto-azul-marino-26-33-cm\/#primaryimage\"},\"thumbnailUrl\":\"https:\/\/atsamed.com.mx\/wp-content\/uploads\/2021\/08\/1-2.jpg\",\"datePublished\":\"2021-08-06T17:44:29+00:00\",\"dateModified\":\"2022-10-21T17:52:52+00:00\",\"breadcrumb\":{\"@id\":\"https:\/\/atsamed.com.mx\/producto\/vitalcheck-reutilizable-brazalete-adulto-azul-marino-26-33-cm\/#breadcrumb\"},\"inLanguage\":\"en-US\",\"potentialAction\":[{\"@type\":\"ReadAction\",\"target\":[\"https:\/\/atsamed.com.mx\/producto\/vitalcheck-reutilizable-brazalete-adulto-azul-marino-26-33-cm\/\"]}]},{\"@type\":\"ImageObject\",\"inLanguage\":\"en-US\",\"@id\":\"https:\/\/atsamed.com.mx\/producto\/vitalcheck-reutilizable-brazalete-adulto-azul-marino-26-33-cm\/#primaryimage\",\"url\":\"https:\/\/atsamed.com.mx\/wp-content\/uploads\/2021\/08\/1-2.jpg\",\"contentUrl\":\"https:\/\/atsamed.com.mx\/wp-content\/uploads\/2021\/08\/1-2.jpg\",\"width\":1000,\"height\":1000},{\"@type\":\"BreadcrumbList\",\"@id\":\"https:\/\/atsamed.com.mx\/producto\/vitalcheck-reutilizable-brazalete-adulto-azul-marino-26-33-cm\/#breadcrumb\",\"itemListElement\":[{\"@type\":\"ListItem\",\"position\":1,\"name\":\"Inicio\",\"item\":\"https:\/\/atsamed.com.mx\/\"},{\"@type\":\"ListItem\",\"position\":2,\"name\":\"Productos\",\"item\":\"https:\/\/atsamed.com.mx\/tienda\/\"},{\"@type\":\"ListItem\",\"position\":3,\"name\":\"Vitalcheck reutilizable brazalete adulto azul marino 26-33 cm\"}]},{\"@type\":\"WebSite\",\"@id\":\"https:\/\/atsamed.com.mx\/#website\",\"url\":\"https:\/\/atsamed.com.mx\/\",\"name\":\"Atsamed\",\"description\":\"Abastecedor terap\u00e9utico\",\"publisher\":{\"@id\":\"https:\/\/atsamed.com.mx\/#organization\"},\"potentialAction\":[{\"@type\":\"SearchAction\",\"target\":{\"@type\":\"EntryPoint\",\"urlTemplate\":\"https:\/\/atsamed.com.mx\/?s={search_term_string}\"},\"query-input\":{\"@type\":\"PropertyValueSpecification\",\"valueRequired\":true,\"valueName\":\"search_term_string\"}}],\"inLanguage\":\"en-US\"},{\"@type\":\"Organization\",\"@id\":\"https:\/\/atsamed.com.mx\/#organization\",\"name\":\"atsamed\",\"url\":\"https:\/\/atsamed.com.mx\/\",\"logo\":{\"@type\":\"ImageObject\",\"inLanguage\":\"en-US\",\"@id\":\"https:\/\/atsamed.com.mx\/#\/schema\/logo\/image\/\",\"url\":\"https:\/\/atsamed.com.mx\/wp-content\/uploads\/2021\/07\/cropped-Logo-ATSA-Transparencia.png\",\"contentUrl\":\"https:\/\/atsamed.com.mx\/wp-content\/uploads\/2021\/07\/cropped-Logo-ATSA-Transparencia.png\",\"width\":641,\"height\":184,\"caption\":\"atsamed\"},\"image\":{\"@id\":\"https:\/\/atsamed.com.mx\/#\/schema\/logo\/image\/\"},\"sameAs\":[\"https:\/\/www.facebook.com\/atsamed.mx\",\"https:\/\/mx.linkedin.com\/company\/atsamed\"]}]}<\/script>\n<!-- \/ Yoast SEO plugin. -->","yoast_head_json":{"title":"Vitalcheck reutilizable brazalete adulto azul marino 26-33 cm - Atsamed","robots":{"index":"index","follow":"follow","max-snippet":"max-snippet:-1","max-image-preview":"max-image-preview:large","max-video-preview":"max-video-preview:-1"},"canonical":"https:\/\/atsamed.com.mx\/en\/product\/vitalcheck-reutilizable-brazalete-adulto-azul-marino-26-33-cm\/","og_locale":"en_US","og_type":"article","og_title":"Vitalcheck reutilizable brazalete adulto azul marino 26-33 cm - Atsamed","og_description":"Vitalcheck reutilizable brazalete adulto azul marino 26-33 cm. Reutilizable con c\u00e1mara desmontable.\u00a0  Brazalete con conector Tipo Bayoneta Macho - Pl\u00e1stico, (Disponible en varias entradas)\u00a0de Una V\u00eda Adulto Plus. Brazalete para monitoreo ambulatorio de presi\u00f3n arterial adulto. El borde suave reduce el riesgo de cortes y ara\u00f1azos, aumentando la comodidad del paciente. Al poder acoplar\/quitar el tubo f\u00e1cilmente y con una sola mano, facilita y hace mucho m\u00e1s r\u00e1pida la operaci\u00f3n de cambiar los manguitos.","og_url":"https:\/\/atsamed.com.mx\/en\/product\/vitalcheck-reutilizable-brazalete-adulto-azul-marino-26-33-cm\/","og_site_name":"Atsamed","article_publisher":"https:\/\/www.facebook.com\/atsamed.mx","article_modified_time":"2022-10-21T17:52:52+00:00","og_image":[{"width":1000,"height":1000,"url":"https:\/\/atsamed.com.mx\/wp-content\/uploads\/2021\/08\/1-2.jpg","type":"image\/jpeg"}],"twitter_card":"summary_large_image","schema":{"@context":"https:\/\/schema.org","@graph":[{"@type":"WebPage","@id":"https:\/\/atsamed.com.mx\/producto\/vitalcheck-reutilizable-brazalete-adulto-azul-marino-26-33-cm\/","url":"https:\/\/atsamed.com.mx\/producto\/vitalcheck-reutilizable-brazalete-adulto-azul-marino-26-33-cm\/","name":"Vitalcheck reutilizable brazalete adulto azul marino 26-33 cm - Atsamed","isPartOf":{"@id":"https:\/\/atsamed.com.mx\/#website"},"primaryImageOfPage":{"@id":"https:\/\/atsamed.com.mx\/producto\/vitalcheck-reutilizable-brazalete-adulto-azul-marino-26-33-cm\/#primaryimage"},"image":{"@id":"https:\/\/atsamed.com.mx\/producto\/vitalcheck-reutilizable-brazalete-adulto-azul-marino-26-33-cm\/#primaryimage"},"thumbnailUrl":"https:\/\/atsamed.com.mx\/wp-content\/uploads\/2021\/08\/1-2.jpg","datePublished":"2021-08-06T17:44:29+00:00","dateModified":"2022-10-21T17:52:52+00:00","breadcrumb":{"@id":"https:\/\/atsamed.com.mx\/producto\/vitalcheck-reutilizable-brazalete-adulto-azul-marino-26-33-cm\/#breadcrumb"},"inLanguage":"en-US","potentialAction":[{"@type":"ReadAction","target":["https:\/\/atsamed.com.mx\/producto\/vitalcheck-reutilizable-brazalete-adulto-azul-marino-26-33-cm\/"]}]},{"@type":"ImageObject","inLanguage":"en-US","@id":"https:\/\/atsamed.com.mx\/producto\/vitalcheck-reutilizable-brazalete-adulto-azul-marino-26-33-cm\/#primaryimage","url":"https:\/\/atsamed.com.mx\/wp-content\/uploads\/2021\/08\/1-2.jpg","contentUrl":"https:\/\/atsamed.com.mx\/wp-content\/uploads\/2021\/08\/1-2.jpg","width":1000,"height":1000},{"@type":"BreadcrumbList","@id":"https:\/\/atsamed.com.mx\/producto\/vitalcheck-reutilizable-brazalete-adulto-azul-marino-26-33-cm\/#breadcrumb","itemListElement":[{"@type":"ListItem","position":1,"name":"Inicio","item":"https:\/\/atsamed.com.mx\/"},{"@type":"ListItem","position":2,"name":"Productos","item":"https:\/\/atsamed.com.mx\/tienda\/"},{"@type":"ListItem","position":3,"name":"Vitalcheck reutilizable brazalete adulto azul marino 26-33 cm"}]},{"@type":"WebSite","@id":"https:\/\/atsamed.com.mx\/#website","url":"https:\/\/atsamed.com.mx\/","name":"Atsamed","description":"Abastecedor terap\u00e9utico","publisher":{"@id":"https:\/\/atsamed.com.mx\/#organization"},"potentialAction":[{"@type":"SearchAction","target":{"@type":"EntryPoint","urlTemplate":"https:\/\/atsamed.com.mx\/?s={search_term_string}"},"query-input":{"@type":"PropertyValueSpecification","valueRequired":true,"valueName":"search_term_string"}}],"inLanguage":"en-US"},{"@type":"Organization","@id":"https:\/\/atsamed.com.mx\/#organization","name":"atsamed","url":"https:\/\/atsamed.com.mx\/","logo":{"@type":"ImageObject","inLanguage":"en-US","@id":"https:\/\/atsamed.com.mx\/#\/schema\/logo\/image\/","url":"https:\/\/atsamed.com.mx\/wp-content\/uploads\/2021\/07\/cropped-Logo-ATSA-Transparencia.png","contentUrl":"https:\/\/atsamed.com.mx\/wp-content\/uploads\/2021\/07\/cropped-Logo-ATSA-Transparencia.png","width":641,"height":184,"caption":"atsamed"},"image":{"@id":"https:\/\/atsamed.com.mx\/#\/schema\/logo\/image\/"},"sameAs":["https:\/\/www.facebook.com\/atsamed.mx","https:\/\/mx.linkedin.com\/company\/atsamed"]}]}},"_links":{"self":[{"href":"https:\/\/atsamed.com.mx\/en\/wp-json\/wp\/v2\/product\/600","targetHints":{"allow":["GET"]}}],"collection":[{"href":"https:\/\/atsamed.com.mx\/en\/wp-json\/wp\/v2\/product"}],"about":[{"href":"https:\/\/atsamed.com.mx\/en\/wp-json\/wp\/v2\/types\/product"}],"wp:featuredmedia":[{"embeddable":true,"href":"https:\/\/atsamed.com.mx\/en\/wp-json\/wp\/v2\/media\/3217"}],"wp:attachment":[{"href":"https:\/\/atsamed.com.mx\/en\/wp-json\/wp\/v2\/media?parent=600"}],"wp:term":[{"taxonomy":"product_brand","embeddable":true,"href":"https:\/\/atsamed.com.mx\/en\/wp-json\/wp\/v2\/product_brand?post=600"},{"taxonomy":"product_cat","embeddable":true,"href":"https:\/\/atsamed.com.mx\/en\/wp-json\/wp\/v2\/product_cat?post=600"},{"taxonomy":"product_tag","embeddable":true,"href":"https:\/\/atsamed.com.mx\/en\/wp-json\/wp\/v2\/product_tag?post=600"}],"curies":[{"name":"wp","href":"https:\/\/api.w.org\/{rel}","templated":true}]}}