{"id":564,"date":"2021-08-06T16:03:29","date_gmt":"2021-08-06T21:03:29","guid":{"rendered":"https:\/\/atsamed.com.mx\/?post_type=product&#038;p=564"},"modified":"2022-10-21T12:59:11","modified_gmt":"2022-10-21T17:59:11","slug":"set-mini-volumen-estandar-1-52-cm-longitud-apv-1-0-cc","status":"publish","type":"product","link":"https:\/\/atsamed.com.mx\/en\/product\/set-mini-volumen-estandar-1-52-cm-longitud-apv-1-0-cc\/","title":{"rendered":"Set mini standard volume 1.52 cm length APV 1.0 cc"},"content":{"rendered":"<h5><em><a href=\"https:\/\/atsamed.com.mx\/en\/#login\">Reg\u00edstrate para mayor informaci\u00f3n<\/a><\/em><\/h5>","protected":false},"excerpt":{"rendered":"<p>Mini standard volume set 1.52 cm length APV 1.0 cc. Sets free of latex and DEHP. PVC free sets. Ergonomic design for greater patient comfort.<\/p>","protected":false},"featured_media":3607,"template":"","meta":{"site-sidebar-layout":"default","site-content-layout":"default","ast-site-content-layout":"default","site-content-style":"default","site-sidebar-style":"default","ast-global-header-display":"","ast-banner-title-visibility":"","ast-main-header-display":"","ast-hfb-above-header-display":"","ast-hfb-below-header-display":"","ast-hfb-mobile-header-display":"","site-post-title":"","ast-breadcrumbs-content":"","ast-featured-img":"","footer-sml-layout":"","theme-transparent-header-meta":"default","adv-header-id-meta":"","stick-header-meta":"","header-above-stick-meta":"","header-main-stick-meta":"","header-below-stick-meta":"","astra-migrate-meta-layouts":"default","ast-page-background-enabled":"default","ast-page-background-meta":{"desktop":{"background-color":"var(--ast-global-color-4)","background-image":"","background-repeat":"repeat","background-position":"center center","background-size":"auto","background-attachment":"scroll","background-type":"","background-media":"","overlay-type":"","overlay-color":"","overlay-opacity":"","overlay-gradient":""},"tablet":{"background-color":"","background-image":"","background-repeat":"repeat","background-position":"center center","background-size":"auto","background-attachment":"scroll","background-type":"","background-media":"","overlay-type":"","overlay-color":"","overlay-opacity":"","overlay-gradient":""},"mobile":{"background-color":"","background-image":"","background-repeat":"repeat","background-position":"center center","background-size":"auto","background-attachment":"scroll","background-type":"","background-media":"","overlay-type":"","overlay-color":"","overlay-opacity":"","overlay-gradient":""}},"ast-content-background-meta":{"desktop":{"background-color":"var(--ast-global-color-5)","background-image":"","background-repeat":"repeat","background-position":"center center","background-size":"auto","background-attachment":"scroll","background-type":"","background-media":"","overlay-type":"","overlay-color":"","overlay-opacity":"","overlay-gradient":""},"tablet":{"background-color":"var(--ast-global-color-5)","background-image":"","background-repeat":"repeat","background-position":"center center","background-size":"auto","background-attachment":"scroll","background-type":"","background-media":"","overlay-type":"","overlay-color":"","overlay-opacity":"","overlay-gradient":""},"mobile":{"background-color":"var(--ast-global-color-5)","background-image":"","background-repeat":"repeat","background-position":"center center","background-size":"auto","background-attachment":"scroll","background-type":"","background-media":"","overlay-type":"","overlay-color":"","overlay-opacity":"","overlay-gradient":""}},"_joinchat":[]},"product_brand":[],"product_cat":[25,36,30,28,26,27,31,32,41,79,24,78],"product_tag":[67],"class_list":{"0":"post-564","1":"product","2":"type-product","3":"status-publish","4":"has-post-thumbnail","6":"product_cat-anestesiologia","7":"product_cat-areas-criticas","8":"product_cat-cardio-hemodinamia","9":"product_cat-clinica-del-dolor","10":"product_cat-nutricion-clinica","11":"product_cat-oncologia","12":"product_cat-pediatria","13":"product_cat-toco-cirugia","14":"product_cat-trasplantes-quemados","15":"product_cat-traumatologia","16":"product_cat-ucin","17":"product_cat-urgencias","18":"product_tag-icu-medical","19":"desktop-align-left","20":"tablet-align-left","21":"mobile-align-left","23":"first","24":"instock","25":"shipping-taxable","26":"product-type-simple"},"yoast_head":"<!-- This site is optimized with the Yoast SEO plugin v26.1.1 - https:\/\/yoast.com\/wordpress\/plugins\/seo\/ -->\n<title>Set mini volumen est\u00e1ndar 1.52 cm longitud APV 1.0 cc - Atsamed<\/title>\n<meta name=\"robots\" content=\"index, follow, max-snippet:-1, max-image-preview:large, max-video-preview:-1\" \/>\n<link rel=\"canonical\" href=\"https:\/\/atsamed.com.mx\/en\/product\/set-mini-volumen-estandar-1-52-cm-longitud-apv-1-0-cc\/\" \/>\n<meta property=\"og:locale\" content=\"en_US\" \/>\n<meta property=\"og:type\" content=\"article\" \/>\n<meta property=\"og:title\" content=\"Set mini volumen est\u00e1ndar 1.52 cm longitud APV 1.0 cc - Atsamed\" \/>\n<meta property=\"og:description\" content=\"Set mini volumen est\u00e1ndar 1.52 cm longitud APV 1.0 cc. Sets libres de l\u00e1tex y DEHP . Sets libres de PVC. Dise\u00f1o ergon\u00f3mico para mayor comodidad del paciente.\" \/>\n<meta property=\"og:url\" content=\"https:\/\/atsamed.com.mx\/en\/product\/set-mini-volumen-estandar-1-52-cm-longitud-apv-1-0-cc\/\" \/>\n<meta property=\"og:site_name\" content=\"Atsamed\" \/>\n<meta property=\"article:publisher\" content=\"https:\/\/www.facebook.com\/atsamed.mx\" \/>\n<meta property=\"article:modified_time\" content=\"2022-10-21T17:59:11+00:00\" \/>\n<meta property=\"og:image\" content=\"https:\/\/atsamed.com.mx\/wp-content\/uploads\/2021\/08\/536035-2-2.jpg\" \/>\n\t<meta property=\"og:image:width\" content=\"1920\" \/>\n\t<meta property=\"og:image:height\" content=\"1272\" \/>\n\t<meta property=\"og:image:type\" content=\"image\/jpeg\" \/>\n<meta name=\"twitter:card\" content=\"summary_large_image\" \/>\n<script type=\"application\/ld+json\" class=\"yoast-schema-graph\">{\"@context\":\"https:\/\/schema.org\",\"@graph\":[{\"@type\":\"WebPage\",\"@id\":\"https:\/\/atsamed.com.mx\/producto\/set-mini-volumen-estandar-1-52-cm-longitud-apv-1-0-cc\/\",\"url\":\"https:\/\/atsamed.com.mx\/producto\/set-mini-volumen-estandar-1-52-cm-longitud-apv-1-0-cc\/\",\"name\":\"Set mini volumen est\u00e1ndar 1.52 cm longitud APV 1.0 cc - Atsamed\",\"isPartOf\":{\"@id\":\"https:\/\/atsamed.com.mx\/#website\"},\"primaryImageOfPage\":{\"@id\":\"https:\/\/atsamed.com.mx\/producto\/set-mini-volumen-estandar-1-52-cm-longitud-apv-1-0-cc\/#primaryimage\"},\"image\":{\"@id\":\"https:\/\/atsamed.com.mx\/producto\/set-mini-volumen-estandar-1-52-cm-longitud-apv-1-0-cc\/#primaryimage\"},\"thumbnailUrl\":\"https:\/\/atsamed.com.mx\/wp-content\/uploads\/2021\/08\/536035-2-2.jpg\",\"datePublished\":\"2021-08-06T21:03:29+00:00\",\"dateModified\":\"2022-10-21T17:59:11+00:00\",\"breadcrumb\":{\"@id\":\"https:\/\/atsamed.com.mx\/producto\/set-mini-volumen-estandar-1-52-cm-longitud-apv-1-0-cc\/#breadcrumb\"},\"inLanguage\":\"en-US\",\"potentialAction\":[{\"@type\":\"ReadAction\",\"target\":[\"https:\/\/atsamed.com.mx\/producto\/set-mini-volumen-estandar-1-52-cm-longitud-apv-1-0-cc\/\"]}]},{\"@type\":\"ImageObject\",\"inLanguage\":\"en-US\",\"@id\":\"https:\/\/atsamed.com.mx\/producto\/set-mini-volumen-estandar-1-52-cm-longitud-apv-1-0-cc\/#primaryimage\",\"url\":\"https:\/\/atsamed.com.mx\/wp-content\/uploads\/2021\/08\/536035-2-2.jpg\",\"contentUrl\":\"https:\/\/atsamed.com.mx\/wp-content\/uploads\/2021\/08\/536035-2-2.jpg\",\"width\":1920,\"height\":1272},{\"@type\":\"BreadcrumbList\",\"@id\":\"https:\/\/atsamed.com.mx\/producto\/set-mini-volumen-estandar-1-52-cm-longitud-apv-1-0-cc\/#breadcrumb\",\"itemListElement\":[{\"@type\":\"ListItem\",\"position\":1,\"name\":\"Inicio\",\"item\":\"https:\/\/atsamed.com.mx\/\"},{\"@type\":\"ListItem\",\"position\":2,\"name\":\"Productos\",\"item\":\"https:\/\/atsamed.com.mx\/tienda\/\"},{\"@type\":\"ListItem\",\"position\":3,\"name\":\"Set mini volumen est\u00e1ndar 1.52 cm longitud APV 1.0 cc\"}]},{\"@type\":\"WebSite\",\"@id\":\"https:\/\/atsamed.com.mx\/#website\",\"url\":\"https:\/\/atsamed.com.mx\/\",\"name\":\"Atsamed\",\"description\":\"Abastecedor terap\u00e9utico\",\"publisher\":{\"@id\":\"https:\/\/atsamed.com.mx\/#organization\"},\"potentialAction\":[{\"@type\":\"SearchAction\",\"target\":{\"@type\":\"EntryPoint\",\"urlTemplate\":\"https:\/\/atsamed.com.mx\/?s={search_term_string}\"},\"query-input\":{\"@type\":\"PropertyValueSpecification\",\"valueRequired\":true,\"valueName\":\"search_term_string\"}}],\"inLanguage\":\"en-US\"},{\"@type\":\"Organization\",\"@id\":\"https:\/\/atsamed.com.mx\/#organization\",\"name\":\"atsamed\",\"url\":\"https:\/\/atsamed.com.mx\/\",\"logo\":{\"@type\":\"ImageObject\",\"inLanguage\":\"en-US\",\"@id\":\"https:\/\/atsamed.com.mx\/#\/schema\/logo\/image\/\",\"url\":\"https:\/\/atsamed.com.mx\/wp-content\/uploads\/2021\/07\/cropped-Logo-ATSA-Transparencia.png\",\"contentUrl\":\"https:\/\/atsamed.com.mx\/wp-content\/uploads\/2021\/07\/cropped-Logo-ATSA-Transparencia.png\",\"width\":641,\"height\":184,\"caption\":\"atsamed\"},\"image\":{\"@id\":\"https:\/\/atsamed.com.mx\/#\/schema\/logo\/image\/\"},\"sameAs\":[\"https:\/\/www.facebook.com\/atsamed.mx\",\"https:\/\/mx.linkedin.com\/company\/atsamed\"]}]}<\/script>\n<!-- \/ Yoast SEO plugin. -->","yoast_head_json":{"title":"Set mini volumen est\u00e1ndar 1.52 cm longitud APV 1.0 cc - Atsamed","robots":{"index":"index","follow":"follow","max-snippet":"max-snippet:-1","max-image-preview":"max-image-preview:large","max-video-preview":"max-video-preview:-1"},"canonical":"https:\/\/atsamed.com.mx\/en\/product\/set-mini-volumen-estandar-1-52-cm-longitud-apv-1-0-cc\/","og_locale":"en_US","og_type":"article","og_title":"Set mini volumen est\u00e1ndar 1.52 cm longitud APV 1.0 cc - Atsamed","og_description":"Set mini volumen est\u00e1ndar 1.52 cm longitud APV 1.0 cc. Sets libres de l\u00e1tex y DEHP . Sets libres de PVC. Dise\u00f1o ergon\u00f3mico para mayor comodidad del paciente.","og_url":"https:\/\/atsamed.com.mx\/en\/product\/set-mini-volumen-estandar-1-52-cm-longitud-apv-1-0-cc\/","og_site_name":"Atsamed","article_publisher":"https:\/\/www.facebook.com\/atsamed.mx","article_modified_time":"2022-10-21T17:59:11+00:00","og_image":[{"width":1920,"height":1272,"url":"https:\/\/atsamed.com.mx\/wp-content\/uploads\/2021\/08\/536035-2-2.jpg","type":"image\/jpeg"}],"twitter_card":"summary_large_image","schema":{"@context":"https:\/\/schema.org","@graph":[{"@type":"WebPage","@id":"https:\/\/atsamed.com.mx\/producto\/set-mini-volumen-estandar-1-52-cm-longitud-apv-1-0-cc\/","url":"https:\/\/atsamed.com.mx\/producto\/set-mini-volumen-estandar-1-52-cm-longitud-apv-1-0-cc\/","name":"Set mini volumen est\u00e1ndar 1.52 cm longitud APV 1.0 cc - Atsamed","isPartOf":{"@id":"https:\/\/atsamed.com.mx\/#website"},"primaryImageOfPage":{"@id":"https:\/\/atsamed.com.mx\/producto\/set-mini-volumen-estandar-1-52-cm-longitud-apv-1-0-cc\/#primaryimage"},"image":{"@id":"https:\/\/atsamed.com.mx\/producto\/set-mini-volumen-estandar-1-52-cm-longitud-apv-1-0-cc\/#primaryimage"},"thumbnailUrl":"https:\/\/atsamed.com.mx\/wp-content\/uploads\/2021\/08\/536035-2-2.jpg","datePublished":"2021-08-06T21:03:29+00:00","dateModified":"2022-10-21T17:59:11+00:00","breadcrumb":{"@id":"https:\/\/atsamed.com.mx\/producto\/set-mini-volumen-estandar-1-52-cm-longitud-apv-1-0-cc\/#breadcrumb"},"inLanguage":"en-US","potentialAction":[{"@type":"ReadAction","target":["https:\/\/atsamed.com.mx\/producto\/set-mini-volumen-estandar-1-52-cm-longitud-apv-1-0-cc\/"]}]},{"@type":"ImageObject","inLanguage":"en-US","@id":"https:\/\/atsamed.com.mx\/producto\/set-mini-volumen-estandar-1-52-cm-longitud-apv-1-0-cc\/#primaryimage","url":"https:\/\/atsamed.com.mx\/wp-content\/uploads\/2021\/08\/536035-2-2.jpg","contentUrl":"https:\/\/atsamed.com.mx\/wp-content\/uploads\/2021\/08\/536035-2-2.jpg","width":1920,"height":1272},{"@type":"BreadcrumbList","@id":"https:\/\/atsamed.com.mx\/producto\/set-mini-volumen-estandar-1-52-cm-longitud-apv-1-0-cc\/#breadcrumb","itemListElement":[{"@type":"ListItem","position":1,"name":"Inicio","item":"https:\/\/atsamed.com.mx\/"},{"@type":"ListItem","position":2,"name":"Productos","item":"https:\/\/atsamed.com.mx\/tienda\/"},{"@type":"ListItem","position":3,"name":"Set mini volumen est\u00e1ndar 1.52 cm longitud APV 1.0 cc"}]},{"@type":"WebSite","@id":"https:\/\/atsamed.com.mx\/#website","url":"https:\/\/atsamed.com.mx\/","name":"Atsamed","description":"Abastecedor terap\u00e9utico","publisher":{"@id":"https:\/\/atsamed.com.mx\/#organization"},"potentialAction":[{"@type":"SearchAction","target":{"@type":"EntryPoint","urlTemplate":"https:\/\/atsamed.com.mx\/?s={search_term_string}"},"query-input":{"@type":"PropertyValueSpecification","valueRequired":true,"valueName":"search_term_string"}}],"inLanguage":"en-US"},{"@type":"Organization","@id":"https:\/\/atsamed.com.mx\/#organization","name":"atsamed","url":"https:\/\/atsamed.com.mx\/","logo":{"@type":"ImageObject","inLanguage":"en-US","@id":"https:\/\/atsamed.com.mx\/#\/schema\/logo\/image\/","url":"https:\/\/atsamed.com.mx\/wp-content\/uploads\/2021\/07\/cropped-Logo-ATSA-Transparencia.png","contentUrl":"https:\/\/atsamed.com.mx\/wp-content\/uploads\/2021\/07\/cropped-Logo-ATSA-Transparencia.png","width":641,"height":184,"caption":"atsamed"},"image":{"@id":"https:\/\/atsamed.com.mx\/#\/schema\/logo\/image\/"},"sameAs":["https:\/\/www.facebook.com\/atsamed.mx","https:\/\/mx.linkedin.com\/company\/atsamed"]}]}},"_links":{"self":[{"href":"https:\/\/atsamed.com.mx\/en\/wp-json\/wp\/v2\/product\/564","targetHints":{"allow":["GET"]}}],"collection":[{"href":"https:\/\/atsamed.com.mx\/en\/wp-json\/wp\/v2\/product"}],"about":[{"href":"https:\/\/atsamed.com.mx\/en\/wp-json\/wp\/v2\/types\/product"}],"wp:featuredmedia":[{"embeddable":true,"href":"https:\/\/atsamed.com.mx\/en\/wp-json\/wp\/v2\/media\/3607"}],"wp:attachment":[{"href":"https:\/\/atsamed.com.mx\/en\/wp-json\/wp\/v2\/media?parent=564"}],"wp:term":[{"taxonomy":"product_brand","embeddable":true,"href":"https:\/\/atsamed.com.mx\/en\/wp-json\/wp\/v2\/product_brand?post=564"},{"taxonomy":"product_cat","embeddable":true,"href":"https:\/\/atsamed.com.mx\/en\/wp-json\/wp\/v2\/product_cat?post=564"},{"taxonomy":"product_tag","embeddable":true,"href":"https:\/\/atsamed.com.mx\/en\/wp-json\/wp\/v2\/product_tag?post=564"}],"curies":[{"name":"wp","href":"https:\/\/api.w.org\/{rel}","templated":true}]}}