{"id":542,"date":"2021-08-05T21:40:00","date_gmt":"2021-08-05T21:40:00","guid":{"rendered":"https:\/\/atsamed.com.mx\/?post_type=product&#038;p=542"},"modified":"2022-10-21T13:14:59","modified_gmt":"2022-10-21T18:14:59","slug":"linea-de-capnografia","status":"publish","type":"product","link":"https:\/\/atsamed.com.mx\/en\/product\/linea-de-capnografia\/","title":{"rendered":"Capnography Line"},"content":{"rendered":"<h5><em><a href=\"https:\/\/atsamed.com.mx\/en\/#login\">Reg\u00edstrate para mayor informaci\u00f3n<\/a><\/em><\/h5>","protected":false},"excerpt":{"rendered":"<p>Monitoring of gas supply and expiratory gases. It helps to provide essential information about the ventilated patient's condition. For accurate CO2 measurement and proper care of your GE Healthcare equipment, use only the following products that have been validated for use with GE equipment. These sample lines have a luer system, 10 ft (3 m), ID 1.2 mm, OD 2.8 mm, PVC \/ PE material.<\/p>","protected":false},"featured_media":543,"template":"","meta":{"site-sidebar-layout":"default","site-content-layout":"default","ast-site-content-layout":"default","site-content-style":"default","site-sidebar-style":"default","ast-global-header-display":"","ast-banner-title-visibility":"","ast-main-header-display":"","ast-hfb-above-header-display":"","ast-hfb-below-header-display":"","ast-hfb-mobile-header-display":"","site-post-title":"","ast-breadcrumbs-content":"","ast-featured-img":"","footer-sml-layout":"","theme-transparent-header-meta":"default","adv-header-id-meta":"","stick-header-meta":"","header-above-stick-meta":"","header-main-stick-meta":"","header-below-stick-meta":"","astra-migrate-meta-layouts":"default","ast-page-background-enabled":"default","ast-page-background-meta":{"desktop":{"background-color":"var(--ast-global-color-4)","background-image":"","background-repeat":"repeat","background-position":"center center","background-size":"auto","background-attachment":"scroll","background-type":"","background-media":"","overlay-type":"","overlay-color":"","overlay-opacity":"","overlay-gradient":""},"tablet":{"background-color":"","background-image":"","background-repeat":"repeat","background-position":"center center","background-size":"auto","background-attachment":"scroll","background-type":"","background-media":"","overlay-type":"","overlay-color":"","overlay-opacity":"","overlay-gradient":""},"mobile":{"background-color":"","background-image":"","background-repeat":"repeat","background-position":"center center","background-size":"auto","background-attachment":"scroll","background-type":"","background-media":"","overlay-type":"","overlay-color":"","overlay-opacity":"","overlay-gradient":""}},"ast-content-background-meta":{"desktop":{"background-color":"var(--ast-global-color-5)","background-image":"","background-repeat":"repeat","background-position":"center center","background-size":"auto","background-attachment":"scroll","background-type":"","background-media":"","overlay-type":"","overlay-color":"","overlay-opacity":"","overlay-gradient":""},"tablet":{"background-color":"var(--ast-global-color-5)","background-image":"","background-repeat":"repeat","background-position":"center center","background-size":"auto","background-attachment":"scroll","background-type":"","background-media":"","overlay-type":"","overlay-color":"","overlay-opacity":"","overlay-gradient":""},"mobile":{"background-color":"var(--ast-global-color-5)","background-image":"","background-repeat":"repeat","background-position":"center center","background-size":"auto","background-attachment":"scroll","background-type":"","background-media":"","overlay-type":"","overlay-color":"","overlay-opacity":"","overlay-gradient":""}},"_joinchat":[]},"product_brand":[],"product_cat":[25,36,30,34,33,27,31,32,41,79,24,78],"product_tag":[70],"class_list":{"0":"post-542","1":"product","2":"type-product","3":"status-publish","4":"has-post-thumbnail","6":"product_cat-anestesiologia","7":"product_cat-areas-criticas","8":"product_cat-cardio-hemodinamia","9":"product_cat-control-de-infecciones","10":"product_cat-inhaloterapia-terapia-respiratoria","11":"product_cat-oncologia","12":"product_cat-pediatria","13":"product_cat-toco-cirugia","14":"product_cat-trasplantes-quemados","15":"product_cat-traumatologia","16":"product_cat-ucin","17":"product_cat-urgencias","18":"product_tag-vyaire","19":"desktop-align-left","20":"tablet-align-left","21":"mobile-align-left","23":"first","24":"instock","25":"shipping-taxable","26":"product-type-simple"},"yoast_head":"<!-- This site is optimized with the Yoast SEO plugin v26.1.1 - https:\/\/yoast.com\/wordpress\/plugins\/seo\/ -->\n<title>L\u00ednea de Capnograf\u00eda - Atsamed<\/title>\n<meta name=\"robots\" content=\"index, follow, max-snippet:-1, max-image-preview:large, max-video-preview:-1\" \/>\n<link rel=\"canonical\" href=\"https:\/\/atsamed.com.mx\/en\/product\/linea-de-capnografia\/\" \/>\n<meta property=\"og:locale\" content=\"en_US\" \/>\n<meta property=\"og:type\" content=\"article\" \/>\n<meta property=\"og:title\" content=\"L\u00ednea de Capnograf\u00eda - Atsamed\" \/>\n<meta property=\"og:description\" content=\"Monitoreo de suministro de gas y los gases espiratorios. Ayuda a proporcionar la informaci\u00f3n esencial sobre el estado del paciente ventilado. Para la medici\u00f3n de CO2 preciso y cuidado apropiado de su equipo GE Healthcare, utilice \u00fanicamente los productos siguientes que han sido validados para su uso con equipos GE. \u00c9stas l\u00ednea de muestreo cuentan con sistema luer, 10 ft (3 m), ID 1.2 mm, OD 2.8 mm, material PVC\/PE.\" \/>\n<meta property=\"og:url\" content=\"https:\/\/atsamed.com.mx\/en\/product\/linea-de-capnografia\/\" \/>\n<meta property=\"og:site_name\" content=\"Atsamed\" \/>\n<meta property=\"article:publisher\" content=\"https:\/\/www.facebook.com\/atsamed.mx\" \/>\n<meta property=\"article:modified_time\" content=\"2022-10-21T18:14:59+00:00\" \/>\n<meta property=\"og:image\" content=\"https:\/\/atsamed.com.mx\/wp-content\/uploads\/2021\/08\/73319-HEL.jpg\" \/>\n\t<meta property=\"og:image:width\" content=\"512\" \/>\n\t<meta property=\"og:image:height\" content=\"512\" \/>\n\t<meta property=\"og:image:type\" content=\"image\/jpeg\" \/>\n<meta name=\"twitter:card\" content=\"summary_large_image\" \/>\n<script type=\"application\/ld+json\" class=\"yoast-schema-graph\">{\"@context\":\"https:\/\/schema.org\",\"@graph\":[{\"@type\":\"WebPage\",\"@id\":\"https:\/\/atsamed.com.mx\/producto\/linea-de-capnografia\/\",\"url\":\"https:\/\/atsamed.com.mx\/producto\/linea-de-capnografia\/\",\"name\":\"L\u00ednea de Capnograf\u00eda - Atsamed\",\"isPartOf\":{\"@id\":\"https:\/\/atsamed.com.mx\/#website\"},\"primaryImageOfPage\":{\"@id\":\"https:\/\/atsamed.com.mx\/producto\/linea-de-capnografia\/#primaryimage\"},\"image\":{\"@id\":\"https:\/\/atsamed.com.mx\/producto\/linea-de-capnografia\/#primaryimage\"},\"thumbnailUrl\":\"https:\/\/atsamed.com.mx\/wp-content\/uploads\/2021\/08\/73319-HEL.jpg\",\"datePublished\":\"2021-08-05T21:40:00+00:00\",\"dateModified\":\"2022-10-21T18:14:59+00:00\",\"breadcrumb\":{\"@id\":\"https:\/\/atsamed.com.mx\/producto\/linea-de-capnografia\/#breadcrumb\"},\"inLanguage\":\"en-US\",\"potentialAction\":[{\"@type\":\"ReadAction\",\"target\":[\"https:\/\/atsamed.com.mx\/producto\/linea-de-capnografia\/\"]}]},{\"@type\":\"ImageObject\",\"inLanguage\":\"en-US\",\"@id\":\"https:\/\/atsamed.com.mx\/producto\/linea-de-capnografia\/#primaryimage\",\"url\":\"https:\/\/atsamed.com.mx\/wp-content\/uploads\/2021\/08\/73319-HEL.jpg\",\"contentUrl\":\"https:\/\/atsamed.com.mx\/wp-content\/uploads\/2021\/08\/73319-HEL.jpg\",\"width\":512,\"height\":512},{\"@type\":\"BreadcrumbList\",\"@id\":\"https:\/\/atsamed.com.mx\/producto\/linea-de-capnografia\/#breadcrumb\",\"itemListElement\":[{\"@type\":\"ListItem\",\"position\":1,\"name\":\"Inicio\",\"item\":\"https:\/\/atsamed.com.mx\/\"},{\"@type\":\"ListItem\",\"position\":2,\"name\":\"Productos\",\"item\":\"https:\/\/atsamed.com.mx\/tienda\/\"},{\"@type\":\"ListItem\",\"position\":3,\"name\":\"L\u00ednea de Capnograf\u00eda\"}]},{\"@type\":\"WebSite\",\"@id\":\"https:\/\/atsamed.com.mx\/#website\",\"url\":\"https:\/\/atsamed.com.mx\/\",\"name\":\"Atsamed\",\"description\":\"Abastecedor terap\u00e9utico\",\"publisher\":{\"@id\":\"https:\/\/atsamed.com.mx\/#organization\"},\"potentialAction\":[{\"@type\":\"SearchAction\",\"target\":{\"@type\":\"EntryPoint\",\"urlTemplate\":\"https:\/\/atsamed.com.mx\/?s={search_term_string}\"},\"query-input\":{\"@type\":\"PropertyValueSpecification\",\"valueRequired\":true,\"valueName\":\"search_term_string\"}}],\"inLanguage\":\"en-US\"},{\"@type\":\"Organization\",\"@id\":\"https:\/\/atsamed.com.mx\/#organization\",\"name\":\"atsamed\",\"url\":\"https:\/\/atsamed.com.mx\/\",\"logo\":{\"@type\":\"ImageObject\",\"inLanguage\":\"en-US\",\"@id\":\"https:\/\/atsamed.com.mx\/#\/schema\/logo\/image\/\",\"url\":\"https:\/\/atsamed.com.mx\/wp-content\/uploads\/2021\/07\/cropped-Logo-ATSA-Transparencia.png\",\"contentUrl\":\"https:\/\/atsamed.com.mx\/wp-content\/uploads\/2021\/07\/cropped-Logo-ATSA-Transparencia.png\",\"width\":641,\"height\":184,\"caption\":\"atsamed\"},\"image\":{\"@id\":\"https:\/\/atsamed.com.mx\/#\/schema\/logo\/image\/\"},\"sameAs\":[\"https:\/\/www.facebook.com\/atsamed.mx\",\"https:\/\/mx.linkedin.com\/company\/atsamed\"]}]}<\/script>\n<!-- \/ Yoast SEO plugin. -->","yoast_head_json":{"title":"L\u00ednea de Capnograf\u00eda - Atsamed","robots":{"index":"index","follow":"follow","max-snippet":"max-snippet:-1","max-image-preview":"max-image-preview:large","max-video-preview":"max-video-preview:-1"},"canonical":"https:\/\/atsamed.com.mx\/en\/product\/linea-de-capnografia\/","og_locale":"en_US","og_type":"article","og_title":"L\u00ednea de Capnograf\u00eda - Atsamed","og_description":"Monitoreo de suministro de gas y los gases espiratorios. Ayuda a proporcionar la informaci\u00f3n esencial sobre el estado del paciente ventilado. Para la medici\u00f3n de CO2 preciso y cuidado apropiado de su equipo GE Healthcare, utilice \u00fanicamente los productos siguientes que han sido validados para su uso con equipos GE. \u00c9stas l\u00ednea de muestreo cuentan con sistema luer, 10 ft (3 m), ID 1.2 mm, OD 2.8 mm, material PVC\/PE.","og_url":"https:\/\/atsamed.com.mx\/en\/product\/linea-de-capnografia\/","og_site_name":"Atsamed","article_publisher":"https:\/\/www.facebook.com\/atsamed.mx","article_modified_time":"2022-10-21T18:14:59+00:00","og_image":[{"width":512,"height":512,"url":"https:\/\/atsamed.com.mx\/wp-content\/uploads\/2021\/08\/73319-HEL.jpg","type":"image\/jpeg"}],"twitter_card":"summary_large_image","schema":{"@context":"https:\/\/schema.org","@graph":[{"@type":"WebPage","@id":"https:\/\/atsamed.com.mx\/producto\/linea-de-capnografia\/","url":"https:\/\/atsamed.com.mx\/producto\/linea-de-capnografia\/","name":"L\u00ednea de Capnograf\u00eda - Atsamed","isPartOf":{"@id":"https:\/\/atsamed.com.mx\/#website"},"primaryImageOfPage":{"@id":"https:\/\/atsamed.com.mx\/producto\/linea-de-capnografia\/#primaryimage"},"image":{"@id":"https:\/\/atsamed.com.mx\/producto\/linea-de-capnografia\/#primaryimage"},"thumbnailUrl":"https:\/\/atsamed.com.mx\/wp-content\/uploads\/2021\/08\/73319-HEL.jpg","datePublished":"2021-08-05T21:40:00+00:00","dateModified":"2022-10-21T18:14:59+00:00","breadcrumb":{"@id":"https:\/\/atsamed.com.mx\/producto\/linea-de-capnografia\/#breadcrumb"},"inLanguage":"en-US","potentialAction":[{"@type":"ReadAction","target":["https:\/\/atsamed.com.mx\/producto\/linea-de-capnografia\/"]}]},{"@type":"ImageObject","inLanguage":"en-US","@id":"https:\/\/atsamed.com.mx\/producto\/linea-de-capnografia\/#primaryimage","url":"https:\/\/atsamed.com.mx\/wp-content\/uploads\/2021\/08\/73319-HEL.jpg","contentUrl":"https:\/\/atsamed.com.mx\/wp-content\/uploads\/2021\/08\/73319-HEL.jpg","width":512,"height":512},{"@type":"BreadcrumbList","@id":"https:\/\/atsamed.com.mx\/producto\/linea-de-capnografia\/#breadcrumb","itemListElement":[{"@type":"ListItem","position":1,"name":"Inicio","item":"https:\/\/atsamed.com.mx\/"},{"@type":"ListItem","position":2,"name":"Productos","item":"https:\/\/atsamed.com.mx\/tienda\/"},{"@type":"ListItem","position":3,"name":"L\u00ednea de Capnograf\u00eda"}]},{"@type":"WebSite","@id":"https:\/\/atsamed.com.mx\/#website","url":"https:\/\/atsamed.com.mx\/","name":"Atsamed","description":"Abastecedor terap\u00e9utico","publisher":{"@id":"https:\/\/atsamed.com.mx\/#organization"},"potentialAction":[{"@type":"SearchAction","target":{"@type":"EntryPoint","urlTemplate":"https:\/\/atsamed.com.mx\/?s={search_term_string}"},"query-input":{"@type":"PropertyValueSpecification","valueRequired":true,"valueName":"search_term_string"}}],"inLanguage":"en-US"},{"@type":"Organization","@id":"https:\/\/atsamed.com.mx\/#organization","name":"atsamed","url":"https:\/\/atsamed.com.mx\/","logo":{"@type":"ImageObject","inLanguage":"en-US","@id":"https:\/\/atsamed.com.mx\/#\/schema\/logo\/image\/","url":"https:\/\/atsamed.com.mx\/wp-content\/uploads\/2021\/07\/cropped-Logo-ATSA-Transparencia.png","contentUrl":"https:\/\/atsamed.com.mx\/wp-content\/uploads\/2021\/07\/cropped-Logo-ATSA-Transparencia.png","width":641,"height":184,"caption":"atsamed"},"image":{"@id":"https:\/\/atsamed.com.mx\/#\/schema\/logo\/image\/"},"sameAs":["https:\/\/www.facebook.com\/atsamed.mx","https:\/\/mx.linkedin.com\/company\/atsamed"]}]}},"_links":{"self":[{"href":"https:\/\/atsamed.com.mx\/en\/wp-json\/wp\/v2\/product\/542","targetHints":{"allow":["GET"]}}],"collection":[{"href":"https:\/\/atsamed.com.mx\/en\/wp-json\/wp\/v2\/product"}],"about":[{"href":"https:\/\/atsamed.com.mx\/en\/wp-json\/wp\/v2\/types\/product"}],"wp:featuredmedia":[{"embeddable":true,"href":"https:\/\/atsamed.com.mx\/en\/wp-json\/wp\/v2\/media\/543"}],"wp:attachment":[{"href":"https:\/\/atsamed.com.mx\/en\/wp-json\/wp\/v2\/media?parent=542"}],"wp:term":[{"taxonomy":"product_brand","embeddable":true,"href":"https:\/\/atsamed.com.mx\/en\/wp-json\/wp\/v2\/product_brand?post=542"},{"taxonomy":"product_cat","embeddable":true,"href":"https:\/\/atsamed.com.mx\/en\/wp-json\/wp\/v2\/product_cat?post=542"},{"taxonomy":"product_tag","embeddable":true,"href":"https:\/\/atsamed.com.mx\/en\/wp-json\/wp\/v2\/product_tag?post=542"}],"curies":[{"name":"wp","href":"https:\/\/api.w.org\/{rel}","templated":true}]}}