{"id":507,"date":"2021-08-05T18:45:12","date_gmt":"2021-08-05T18:45:12","guid":{"rendered":"https:\/\/atsamed.com.mx\/?post_type=product&#038;p=507"},"modified":"2022-10-21T13:22:51","modified_gmt":"2022-10-21T18:22:51","slug":"extension-de-mini-volumen-con-pinza-deslizable-extraible","status":"publish","type":"product","link":"https:\/\/atsamed.com.mx\/en\/product\/extension-de-mini-volumen-con-pinza-deslizable-extraible\/","title":{"rendered":"Mini volume extension with removable slide clamp"},"content":{"rendered":"<h5><em><a href=\"https:\/\/atsamed.com.mx\/en\/#login\">Reg\u00edstrate para mayor informaci\u00f3n<\/a><\/em><\/h5>","protected":false},"excerpt":{"rendered":"<p>Mini volume extension with removable slide clamp, 60 \u201d(154 cm) male and female Luer and 1.8cc APV. Ultra Low Volume Extension, Small Gauge 60\u00a8, Non PVC Lipid Resistant, with Slide Clamp, Male Luer Lock, APV 1.7 ml.<\/p>","protected":false},"featured_media":3606,"template":"","meta":{"site-sidebar-layout":"default","site-content-layout":"default","ast-site-content-layout":"default","site-content-style":"default","site-sidebar-style":"default","ast-global-header-display":"","ast-banner-title-visibility":"","ast-main-header-display":"","ast-hfb-above-header-display":"","ast-hfb-below-header-display":"","ast-hfb-mobile-header-display":"","site-post-title":"","ast-breadcrumbs-content":"","ast-featured-img":"","footer-sml-layout":"","theme-transparent-header-meta":"default","adv-header-id-meta":"","stick-header-meta":"","header-above-stick-meta":"","header-main-stick-meta":"","header-below-stick-meta":"","astra-migrate-meta-layouts":"default","ast-page-background-enabled":"default","ast-page-background-meta":{"desktop":{"background-color":"var(--ast-global-color-4)","background-image":"","background-repeat":"repeat","background-position":"center center","background-size":"auto","background-attachment":"scroll","background-type":"","background-media":"","overlay-type":"","overlay-color":"","overlay-opacity":"","overlay-gradient":""},"tablet":{"background-color":"","background-image":"","background-repeat":"repeat","background-position":"center center","background-size":"auto","background-attachment":"scroll","background-type":"","background-media":"","overlay-type":"","overlay-color":"","overlay-opacity":"","overlay-gradient":""},"mobile":{"background-color":"","background-image":"","background-repeat":"repeat","background-position":"center center","background-size":"auto","background-attachment":"scroll","background-type":"","background-media":"","overlay-type":"","overlay-color":"","overlay-opacity":"","overlay-gradient":""}},"ast-content-background-meta":{"desktop":{"background-color":"var(--ast-global-color-5)","background-image":"","background-repeat":"repeat","background-position":"center center","background-size":"auto","background-attachment":"scroll","background-type":"","background-media":"","overlay-type":"","overlay-color":"","overlay-opacity":"","overlay-gradient":""},"tablet":{"background-color":"var(--ast-global-color-5)","background-image":"","background-repeat":"repeat","background-position":"center center","background-size":"auto","background-attachment":"scroll","background-type":"","background-media":"","overlay-type":"","overlay-color":"","overlay-opacity":"","overlay-gradient":""},"mobile":{"background-color":"var(--ast-global-color-5)","background-image":"","background-repeat":"repeat","background-position":"center center","background-size":"auto","background-attachment":"scroll","background-type":"","background-media":"","overlay-type":"","overlay-color":"","overlay-opacity":"","overlay-gradient":""}},"_joinchat":[]},"product_brand":[],"product_cat":[18],"product_tag":[67],"class_list":{"0":"post-507","1":"product","2":"type-product","3":"status-publish","4":"has-post-thumbnail","6":"product_cat-sin-categorizar","7":"product_tag-icu-medical","8":"desktop-align-left","9":"tablet-align-left","10":"mobile-align-left","12":"first","13":"instock","14":"shipping-taxable","15":"product-type-simple"},"yoast_head":"<!-- This site is optimized with the Yoast SEO plugin v26.1.1 - https:\/\/yoast.com\/wordpress\/plugins\/seo\/ -->\n<title>Extensi\u00f3n de mini volumen con pinza deslizable extra\u00edble - Atsamed<\/title>\n<meta name=\"robots\" content=\"index, follow, max-snippet:-1, max-image-preview:large, max-video-preview:-1\" \/>\n<link rel=\"canonical\" href=\"https:\/\/atsamed.com.mx\/en\/product\/extension-de-mini-volumen-con-pinza-deslizable-extraible\/\" \/>\n<meta property=\"og:locale\" content=\"en_US\" \/>\n<meta property=\"og:type\" content=\"article\" \/>\n<meta property=\"og:title\" content=\"Extensi\u00f3n de mini volumen con pinza deslizable extra\u00edble - Atsamed\" \/>\n<meta property=\"og:description\" content=\"Extensi\u00f3n de mini volumen con pinza deslizable extra\u00edble, Luer macho y hembra de 60\u201d (154 cm) y 1.8cc de APV. Ultra Extensi\u00f3n bajo volumen, calibre peque\u00f1o 60\u00a8, resistente a l\u00edpidos No PVC, con pinza deslizable, Luer lock macho, APV 1.7 ml.\" \/>\n<meta property=\"og:url\" content=\"https:\/\/atsamed.com.mx\/en\/product\/extension-de-mini-volumen-con-pinza-deslizable-extraible\/\" \/>\n<meta property=\"og:site_name\" content=\"Atsamed\" \/>\n<meta property=\"article:publisher\" content=\"https:\/\/www.facebook.com\/atsamed.mx\" \/>\n<meta property=\"article:modified_time\" content=\"2022-10-21T18:22:51+00:00\" \/>\n<meta property=\"og:image\" content=\"https:\/\/atsamed.com.mx\/wp-content\/uploads\/2021\/08\/Sin-titulo-1.jpg\" \/>\n\t<meta property=\"og:image:width\" content=\"1000\" \/>\n\t<meta property=\"og:image:height\" content=\"1000\" \/>\n\t<meta property=\"og:image:type\" content=\"image\/jpeg\" \/>\n<meta name=\"twitter:card\" content=\"summary_large_image\" \/>\n<script type=\"application\/ld+json\" class=\"yoast-schema-graph\">{\"@context\":\"https:\/\/schema.org\",\"@graph\":[{\"@type\":\"WebPage\",\"@id\":\"https:\/\/atsamed.com.mx\/producto\/extension-de-mini-volumen-con-pinza-deslizable-extraible\/\",\"url\":\"https:\/\/atsamed.com.mx\/producto\/extension-de-mini-volumen-con-pinza-deslizable-extraible\/\",\"name\":\"Extensi\u00f3n de mini volumen con pinza deslizable extra\u00edble - Atsamed\",\"isPartOf\":{\"@id\":\"https:\/\/atsamed.com.mx\/#website\"},\"primaryImageOfPage\":{\"@id\":\"https:\/\/atsamed.com.mx\/producto\/extension-de-mini-volumen-con-pinza-deslizable-extraible\/#primaryimage\"},\"image\":{\"@id\":\"https:\/\/atsamed.com.mx\/producto\/extension-de-mini-volumen-con-pinza-deslizable-extraible\/#primaryimage\"},\"thumbnailUrl\":\"https:\/\/atsamed.com.mx\/wp-content\/uploads\/2021\/08\/Sin-titulo-1.jpg\",\"datePublished\":\"2021-08-05T18:45:12+00:00\",\"dateModified\":\"2022-10-21T18:22:51+00:00\",\"breadcrumb\":{\"@id\":\"https:\/\/atsamed.com.mx\/producto\/extension-de-mini-volumen-con-pinza-deslizable-extraible\/#breadcrumb\"},\"inLanguage\":\"en-US\",\"potentialAction\":[{\"@type\":\"ReadAction\",\"target\":[\"https:\/\/atsamed.com.mx\/producto\/extension-de-mini-volumen-con-pinza-deslizable-extraible\/\"]}]},{\"@type\":\"ImageObject\",\"inLanguage\":\"en-US\",\"@id\":\"https:\/\/atsamed.com.mx\/producto\/extension-de-mini-volumen-con-pinza-deslizable-extraible\/#primaryimage\",\"url\":\"https:\/\/atsamed.com.mx\/wp-content\/uploads\/2021\/08\/Sin-titulo-1.jpg\",\"contentUrl\":\"https:\/\/atsamed.com.mx\/wp-content\/uploads\/2021\/08\/Sin-titulo-1.jpg\",\"width\":1000,\"height\":1000},{\"@type\":\"BreadcrumbList\",\"@id\":\"https:\/\/atsamed.com.mx\/producto\/extension-de-mini-volumen-con-pinza-deslizable-extraible\/#breadcrumb\",\"itemListElement\":[{\"@type\":\"ListItem\",\"position\":1,\"name\":\"Inicio\",\"item\":\"https:\/\/atsamed.com.mx\/\"},{\"@type\":\"ListItem\",\"position\":2,\"name\":\"Productos\",\"item\":\"https:\/\/atsamed.com.mx\/tienda\/\"},{\"@type\":\"ListItem\",\"position\":3,\"name\":\"Extensi\u00f3n de mini volumen con pinza deslizable extra\u00edble\"}]},{\"@type\":\"WebSite\",\"@id\":\"https:\/\/atsamed.com.mx\/#website\",\"url\":\"https:\/\/atsamed.com.mx\/\",\"name\":\"Atsamed\",\"description\":\"Abastecedor terap\u00e9utico\",\"publisher\":{\"@id\":\"https:\/\/atsamed.com.mx\/#organization\"},\"potentialAction\":[{\"@type\":\"SearchAction\",\"target\":{\"@type\":\"EntryPoint\",\"urlTemplate\":\"https:\/\/atsamed.com.mx\/?s={search_term_string}\"},\"query-input\":{\"@type\":\"PropertyValueSpecification\",\"valueRequired\":true,\"valueName\":\"search_term_string\"}}],\"inLanguage\":\"en-US\"},{\"@type\":\"Organization\",\"@id\":\"https:\/\/atsamed.com.mx\/#organization\",\"name\":\"atsamed\",\"url\":\"https:\/\/atsamed.com.mx\/\",\"logo\":{\"@type\":\"ImageObject\",\"inLanguage\":\"en-US\",\"@id\":\"https:\/\/atsamed.com.mx\/#\/schema\/logo\/image\/\",\"url\":\"https:\/\/atsamed.com.mx\/wp-content\/uploads\/2021\/07\/cropped-Logo-ATSA-Transparencia.png\",\"contentUrl\":\"https:\/\/atsamed.com.mx\/wp-content\/uploads\/2021\/07\/cropped-Logo-ATSA-Transparencia.png\",\"width\":641,\"height\":184,\"caption\":\"atsamed\"},\"image\":{\"@id\":\"https:\/\/atsamed.com.mx\/#\/schema\/logo\/image\/\"},\"sameAs\":[\"https:\/\/www.facebook.com\/atsamed.mx\",\"https:\/\/mx.linkedin.com\/company\/atsamed\"]}]}<\/script>\n<!-- \/ Yoast SEO plugin. -->","yoast_head_json":{"title":"Extensi\u00f3n de mini volumen con pinza deslizable extra\u00edble - Atsamed","robots":{"index":"index","follow":"follow","max-snippet":"max-snippet:-1","max-image-preview":"max-image-preview:large","max-video-preview":"max-video-preview:-1"},"canonical":"https:\/\/atsamed.com.mx\/en\/product\/extension-de-mini-volumen-con-pinza-deslizable-extraible\/","og_locale":"en_US","og_type":"article","og_title":"Extensi\u00f3n de mini volumen con pinza deslizable extra\u00edble - Atsamed","og_description":"Extensi\u00f3n de mini volumen con pinza deslizable extra\u00edble, Luer macho y hembra de 60\u201d (154 cm) y 1.8cc de APV. Ultra Extensi\u00f3n bajo volumen, calibre peque\u00f1o 60\u00a8, resistente a l\u00edpidos No PVC, con pinza deslizable, Luer lock macho, APV 1.7 ml.","og_url":"https:\/\/atsamed.com.mx\/en\/product\/extension-de-mini-volumen-con-pinza-deslizable-extraible\/","og_site_name":"Atsamed","article_publisher":"https:\/\/www.facebook.com\/atsamed.mx","article_modified_time":"2022-10-21T18:22:51+00:00","og_image":[{"width":1000,"height":1000,"url":"https:\/\/atsamed.com.mx\/wp-content\/uploads\/2021\/08\/Sin-titulo-1.jpg","type":"image\/jpeg"}],"twitter_card":"summary_large_image","schema":{"@context":"https:\/\/schema.org","@graph":[{"@type":"WebPage","@id":"https:\/\/atsamed.com.mx\/producto\/extension-de-mini-volumen-con-pinza-deslizable-extraible\/","url":"https:\/\/atsamed.com.mx\/producto\/extension-de-mini-volumen-con-pinza-deslizable-extraible\/","name":"Extensi\u00f3n de mini volumen con pinza deslizable extra\u00edble - Atsamed","isPartOf":{"@id":"https:\/\/atsamed.com.mx\/#website"},"primaryImageOfPage":{"@id":"https:\/\/atsamed.com.mx\/producto\/extension-de-mini-volumen-con-pinza-deslizable-extraible\/#primaryimage"},"image":{"@id":"https:\/\/atsamed.com.mx\/producto\/extension-de-mini-volumen-con-pinza-deslizable-extraible\/#primaryimage"},"thumbnailUrl":"https:\/\/atsamed.com.mx\/wp-content\/uploads\/2021\/08\/Sin-titulo-1.jpg","datePublished":"2021-08-05T18:45:12+00:00","dateModified":"2022-10-21T18:22:51+00:00","breadcrumb":{"@id":"https:\/\/atsamed.com.mx\/producto\/extension-de-mini-volumen-con-pinza-deslizable-extraible\/#breadcrumb"},"inLanguage":"en-US","potentialAction":[{"@type":"ReadAction","target":["https:\/\/atsamed.com.mx\/producto\/extension-de-mini-volumen-con-pinza-deslizable-extraible\/"]}]},{"@type":"ImageObject","inLanguage":"en-US","@id":"https:\/\/atsamed.com.mx\/producto\/extension-de-mini-volumen-con-pinza-deslizable-extraible\/#primaryimage","url":"https:\/\/atsamed.com.mx\/wp-content\/uploads\/2021\/08\/Sin-titulo-1.jpg","contentUrl":"https:\/\/atsamed.com.mx\/wp-content\/uploads\/2021\/08\/Sin-titulo-1.jpg","width":1000,"height":1000},{"@type":"BreadcrumbList","@id":"https:\/\/atsamed.com.mx\/producto\/extension-de-mini-volumen-con-pinza-deslizable-extraible\/#breadcrumb","itemListElement":[{"@type":"ListItem","position":1,"name":"Inicio","item":"https:\/\/atsamed.com.mx\/"},{"@type":"ListItem","position":2,"name":"Productos","item":"https:\/\/atsamed.com.mx\/tienda\/"},{"@type":"ListItem","position":3,"name":"Extensi\u00f3n de mini volumen con pinza deslizable extra\u00edble"}]},{"@type":"WebSite","@id":"https:\/\/atsamed.com.mx\/#website","url":"https:\/\/atsamed.com.mx\/","name":"Atsamed","description":"Abastecedor terap\u00e9utico","publisher":{"@id":"https:\/\/atsamed.com.mx\/#organization"},"potentialAction":[{"@type":"SearchAction","target":{"@type":"EntryPoint","urlTemplate":"https:\/\/atsamed.com.mx\/?s={search_term_string}"},"query-input":{"@type":"PropertyValueSpecification","valueRequired":true,"valueName":"search_term_string"}}],"inLanguage":"en-US"},{"@type":"Organization","@id":"https:\/\/atsamed.com.mx\/#organization","name":"atsamed","url":"https:\/\/atsamed.com.mx\/","logo":{"@type":"ImageObject","inLanguage":"en-US","@id":"https:\/\/atsamed.com.mx\/#\/schema\/logo\/image\/","url":"https:\/\/atsamed.com.mx\/wp-content\/uploads\/2021\/07\/cropped-Logo-ATSA-Transparencia.png","contentUrl":"https:\/\/atsamed.com.mx\/wp-content\/uploads\/2021\/07\/cropped-Logo-ATSA-Transparencia.png","width":641,"height":184,"caption":"atsamed"},"image":{"@id":"https:\/\/atsamed.com.mx\/#\/schema\/logo\/image\/"},"sameAs":["https:\/\/www.facebook.com\/atsamed.mx","https:\/\/mx.linkedin.com\/company\/atsamed"]}]}},"_links":{"self":[{"href":"https:\/\/atsamed.com.mx\/en\/wp-json\/wp\/v2\/product\/507","targetHints":{"allow":["GET"]}}],"collection":[{"href":"https:\/\/atsamed.com.mx\/en\/wp-json\/wp\/v2\/product"}],"about":[{"href":"https:\/\/atsamed.com.mx\/en\/wp-json\/wp\/v2\/types\/product"}],"wp:featuredmedia":[{"embeddable":true,"href":"https:\/\/atsamed.com.mx\/en\/wp-json\/wp\/v2\/media\/3606"}],"wp:attachment":[{"href":"https:\/\/atsamed.com.mx\/en\/wp-json\/wp\/v2\/media?parent=507"}],"wp:term":[{"taxonomy":"product_brand","embeddable":true,"href":"https:\/\/atsamed.com.mx\/en\/wp-json\/wp\/v2\/product_brand?post=507"},{"taxonomy":"product_cat","embeddable":true,"href":"https:\/\/atsamed.com.mx\/en\/wp-json\/wp\/v2\/product_cat?post=507"},{"taxonomy":"product_tag","embeddable":true,"href":"https:\/\/atsamed.com.mx\/en\/wp-json\/wp\/v2\/product_tag?post=507"}],"curies":[{"name":"wp","href":"https:\/\/api.w.org\/{rel}","templated":true}]}}