{"id":496,"date":"2021-08-05T18:16:20","date_gmt":"2021-08-05T18:16:20","guid":{"rendered":"https:\/\/atsamed.com.mx\/?post_type=product&#038;p=496"},"modified":"2022-10-21T13:26:37","modified_gmt":"2022-10-21T18:26:37","slug":"juego-de-3-llaves-hi-flo-con-banco-de-llaves-de-3-vias-para-presion-de-20-psi","status":"publish","type":"product","link":"https:\/\/atsamed.com.mx\/en\/product\/juego-de-3-llaves-hi-flo-con-banco-de-llaves-de-3-vias-para-presion-de-20-psi\/","title":{"rendered":"Set of 3 Hi-Flo wrenches with 3-way wrench bank for 20 psi pressure"},"content":{"rendered":"<h5><em><a href=\"https:\/\/atsamed.com.mx\/en\/#login\">Reg\u00edstrate para mayor informaci\u00f3n<\/a><\/em><\/h5>","protected":false},"excerpt":{"rendered":"<p>Hi-Flo 3-way wrench set with 3-way wrench bank for 20 psi pressure. For hospital use as a passageway for infusion equipment. To be used in the administration of solutions, high osmolarity solutions, intravenous drugs.<\/p>\n<ul>\n<li>With female Luer Lock<\/li>\n<li>Low-density polyethylene protectors<\/li>\n<\/ul>","protected":false},"featured_media":497,"template":"","meta":{"site-sidebar-layout":"default","site-content-layout":"default","ast-site-content-layout":"default","site-content-style":"default","site-sidebar-style":"default","ast-global-header-display":"","ast-banner-title-visibility":"","ast-main-header-display":"","ast-hfb-above-header-display":"","ast-hfb-below-header-display":"","ast-hfb-mobile-header-display":"","site-post-title":"","ast-breadcrumbs-content":"","ast-featured-img":"","footer-sml-layout":"","theme-transparent-header-meta":"default","adv-header-id-meta":"","stick-header-meta":"","header-above-stick-meta":"","header-main-stick-meta":"","header-below-stick-meta":"","astra-migrate-meta-layouts":"default","ast-page-background-enabled":"default","ast-page-background-meta":{"desktop":{"background-color":"var(--ast-global-color-4)","background-image":"","background-repeat":"repeat","background-position":"center center","background-size":"auto","background-attachment":"scroll","background-type":"","background-media":"","overlay-type":"","overlay-color":"","overlay-opacity":"","overlay-gradient":""},"tablet":{"background-color":"","background-image":"","background-repeat":"repeat","background-position":"center center","background-size":"auto","background-attachment":"scroll","background-type":"","background-media":"","overlay-type":"","overlay-color":"","overlay-opacity":"","overlay-gradient":""},"mobile":{"background-color":"","background-image":"","background-repeat":"repeat","background-position":"center center","background-size":"auto","background-attachment":"scroll","background-type":"","background-media":"","overlay-type":"","overlay-color":"","overlay-opacity":"","overlay-gradient":""}},"ast-content-background-meta":{"desktop":{"background-color":"var(--ast-global-color-5)","background-image":"","background-repeat":"repeat","background-position":"center center","background-size":"auto","background-attachment":"scroll","background-type":"","background-media":"","overlay-type":"","overlay-color":"","overlay-opacity":"","overlay-gradient":""},"tablet":{"background-color":"var(--ast-global-color-5)","background-image":"","background-repeat":"repeat","background-position":"center center","background-size":"auto","background-attachment":"scroll","background-type":"","background-media":"","overlay-type":"","overlay-color":"","overlay-opacity":"","overlay-gradient":""},"mobile":{"background-color":"var(--ast-global-color-5)","background-image":"","background-repeat":"repeat","background-position":"center center","background-size":"auto","background-attachment":"scroll","background-type":"","background-media":"","overlay-type":"","overlay-color":"","overlay-opacity":"","overlay-gradient":""}},"_joinchat":[]},"product_brand":[],"product_cat":[36,30,27,31,32],"product_tag":[67],"class_list":{"0":"post-496","1":"product","2":"type-product","3":"status-publish","4":"has-post-thumbnail","6":"product_cat-areas-criticas","7":"product_cat-cardio-hemodinamia","8":"product_cat-oncologia","9":"product_cat-pediatria","10":"product_cat-toco-cirugia","11":"product_tag-icu-medical","12":"desktop-align-left","13":"tablet-align-left","14":"mobile-align-left","16":"first","17":"instock","18":"shipping-taxable","19":"product-type-simple"},"yoast_head":"<!-- This site is optimized with the Yoast SEO plugin v26.1.1 - https:\/\/yoast.com\/wordpress\/plugins\/seo\/ -->\n<title>Juego de 3 llaves Hi-Flo con banco de llaves de 3 v\u00edas para presi\u00f3n de 20 psi - Atsamed<\/title>\n<meta name=\"robots\" content=\"index, follow, max-snippet:-1, max-image-preview:large, max-video-preview:-1\" \/>\n<link rel=\"canonical\" href=\"https:\/\/atsamed.com.mx\/en\/product\/juego-de-3-llaves-hi-flo-con-banco-de-llaves-de-3-vias-para-presion-de-20-psi\/\" \/>\n<meta property=\"og:locale\" content=\"en_US\" \/>\n<meta property=\"og:type\" content=\"article\" \/>\n<meta property=\"og:title\" content=\"Juego de 3 llaves Hi-Flo con banco de llaves de 3 v\u00edas para presi\u00f3n de 20 psi - Atsamed\" \/>\n<meta property=\"og:description\" content=\"Juego de 3 llaves Hi-Flo con banco de llaves de 3 v\u00edas para presi\u00f3n de 20 psi. Para uso hospitalario como v\u00eda de paso para equipo de venoclisis. Para ser usadas en la administraci\u00f3n de soluciones, soluciones de alta osmolaridad, medicamentos intravenosos.   Con seguro Luer Lock hembra  Protectores de polietileno de baja densidad\" \/>\n<meta property=\"og:url\" content=\"https:\/\/atsamed.com.mx\/en\/product\/juego-de-3-llaves-hi-flo-con-banco-de-llaves-de-3-vias-para-presion-de-20-psi\/\" \/>\n<meta property=\"og:site_name\" content=\"Atsamed\" \/>\n<meta property=\"article:publisher\" content=\"https:\/\/www.facebook.com\/atsamed.mx\" \/>\n<meta property=\"article:modified_time\" content=\"2022-10-21T18:26:37+00:00\" \/>\n<meta property=\"og:image\" content=\"https:\/\/atsamed.com.mx\/wp-content\/uploads\/2021\/08\/MX4313FM.jpg\" \/>\n\t<meta property=\"og:image:width\" content=\"512\" \/>\n\t<meta property=\"og:image:height\" content=\"512\" \/>\n\t<meta property=\"og:image:type\" content=\"image\/jpeg\" \/>\n<meta name=\"twitter:card\" content=\"summary_large_image\" \/>\n<script type=\"application\/ld+json\" class=\"yoast-schema-graph\">{\"@context\":\"https:\/\/schema.org\",\"@graph\":[{\"@type\":\"WebPage\",\"@id\":\"https:\/\/atsamed.com.mx\/producto\/juego-de-3-llaves-hi-flo-con-banco-de-llaves-de-3-vias-para-presion-de-20-psi\/\",\"url\":\"https:\/\/atsamed.com.mx\/producto\/juego-de-3-llaves-hi-flo-con-banco-de-llaves-de-3-vias-para-presion-de-20-psi\/\",\"name\":\"Juego de 3 llaves Hi-Flo con banco de llaves de 3 v\u00edas para presi\u00f3n de 20 psi - Atsamed\",\"isPartOf\":{\"@id\":\"https:\/\/atsamed.com.mx\/#website\"},\"primaryImageOfPage\":{\"@id\":\"https:\/\/atsamed.com.mx\/producto\/juego-de-3-llaves-hi-flo-con-banco-de-llaves-de-3-vias-para-presion-de-20-psi\/#primaryimage\"},\"image\":{\"@id\":\"https:\/\/atsamed.com.mx\/producto\/juego-de-3-llaves-hi-flo-con-banco-de-llaves-de-3-vias-para-presion-de-20-psi\/#primaryimage\"},\"thumbnailUrl\":\"https:\/\/atsamed.com.mx\/wp-content\/uploads\/2021\/08\/MX4313FM.jpg\",\"datePublished\":\"2021-08-05T18:16:20+00:00\",\"dateModified\":\"2022-10-21T18:26:37+00:00\",\"breadcrumb\":{\"@id\":\"https:\/\/atsamed.com.mx\/producto\/juego-de-3-llaves-hi-flo-con-banco-de-llaves-de-3-vias-para-presion-de-20-psi\/#breadcrumb\"},\"inLanguage\":\"en-US\",\"potentialAction\":[{\"@type\":\"ReadAction\",\"target\":[\"https:\/\/atsamed.com.mx\/producto\/juego-de-3-llaves-hi-flo-con-banco-de-llaves-de-3-vias-para-presion-de-20-psi\/\"]}]},{\"@type\":\"ImageObject\",\"inLanguage\":\"en-US\",\"@id\":\"https:\/\/atsamed.com.mx\/producto\/juego-de-3-llaves-hi-flo-con-banco-de-llaves-de-3-vias-para-presion-de-20-psi\/#primaryimage\",\"url\":\"https:\/\/atsamed.com.mx\/wp-content\/uploads\/2021\/08\/MX4313FM.jpg\",\"contentUrl\":\"https:\/\/atsamed.com.mx\/wp-content\/uploads\/2021\/08\/MX4313FM.jpg\",\"width\":512,\"height\":512},{\"@type\":\"BreadcrumbList\",\"@id\":\"https:\/\/atsamed.com.mx\/producto\/juego-de-3-llaves-hi-flo-con-banco-de-llaves-de-3-vias-para-presion-de-20-psi\/#breadcrumb\",\"itemListElement\":[{\"@type\":\"ListItem\",\"position\":1,\"name\":\"Inicio\",\"item\":\"https:\/\/atsamed.com.mx\/\"},{\"@type\":\"ListItem\",\"position\":2,\"name\":\"Productos\",\"item\":\"https:\/\/atsamed.com.mx\/tienda\/\"},{\"@type\":\"ListItem\",\"position\":3,\"name\":\"Juego de 3 llaves Hi-Flo con banco de llaves de 3 v\u00edas para presi\u00f3n de 20 psi\"}]},{\"@type\":\"WebSite\",\"@id\":\"https:\/\/atsamed.com.mx\/#website\",\"url\":\"https:\/\/atsamed.com.mx\/\",\"name\":\"Atsamed\",\"description\":\"Abastecedor terap\u00e9utico\",\"publisher\":{\"@id\":\"https:\/\/atsamed.com.mx\/#organization\"},\"potentialAction\":[{\"@type\":\"SearchAction\",\"target\":{\"@type\":\"EntryPoint\",\"urlTemplate\":\"https:\/\/atsamed.com.mx\/?s={search_term_string}\"},\"query-input\":{\"@type\":\"PropertyValueSpecification\",\"valueRequired\":true,\"valueName\":\"search_term_string\"}}],\"inLanguage\":\"en-US\"},{\"@type\":\"Organization\",\"@id\":\"https:\/\/atsamed.com.mx\/#organization\",\"name\":\"atsamed\",\"url\":\"https:\/\/atsamed.com.mx\/\",\"logo\":{\"@type\":\"ImageObject\",\"inLanguage\":\"en-US\",\"@id\":\"https:\/\/atsamed.com.mx\/#\/schema\/logo\/image\/\",\"url\":\"https:\/\/atsamed.com.mx\/wp-content\/uploads\/2021\/07\/cropped-Logo-ATSA-Transparencia.png\",\"contentUrl\":\"https:\/\/atsamed.com.mx\/wp-content\/uploads\/2021\/07\/cropped-Logo-ATSA-Transparencia.png\",\"width\":641,\"height\":184,\"caption\":\"atsamed\"},\"image\":{\"@id\":\"https:\/\/atsamed.com.mx\/#\/schema\/logo\/image\/\"},\"sameAs\":[\"https:\/\/www.facebook.com\/atsamed.mx\",\"https:\/\/mx.linkedin.com\/company\/atsamed\"]}]}<\/script>\n<!-- \/ Yoast SEO plugin. -->","yoast_head_json":{"title":"Juego de 3 llaves Hi-Flo con banco de llaves de 3 v\u00edas para presi\u00f3n de 20 psi - Atsamed","robots":{"index":"index","follow":"follow","max-snippet":"max-snippet:-1","max-image-preview":"max-image-preview:large","max-video-preview":"max-video-preview:-1"},"canonical":"https:\/\/atsamed.com.mx\/en\/product\/juego-de-3-llaves-hi-flo-con-banco-de-llaves-de-3-vias-para-presion-de-20-psi\/","og_locale":"en_US","og_type":"article","og_title":"Juego de 3 llaves Hi-Flo con banco de llaves de 3 v\u00edas para presi\u00f3n de 20 psi - Atsamed","og_description":"Juego de 3 llaves Hi-Flo con banco de llaves de 3 v\u00edas para presi\u00f3n de 20 psi. Para uso hospitalario como v\u00eda de paso para equipo de venoclisis. Para ser usadas en la administraci\u00f3n de soluciones, soluciones de alta osmolaridad, medicamentos intravenosos.   Con seguro Luer Lock hembra  Protectores de polietileno de baja densidad","og_url":"https:\/\/atsamed.com.mx\/en\/product\/juego-de-3-llaves-hi-flo-con-banco-de-llaves-de-3-vias-para-presion-de-20-psi\/","og_site_name":"Atsamed","article_publisher":"https:\/\/www.facebook.com\/atsamed.mx","article_modified_time":"2022-10-21T18:26:37+00:00","og_image":[{"width":512,"height":512,"url":"https:\/\/atsamed.com.mx\/wp-content\/uploads\/2021\/08\/MX4313FM.jpg","type":"image\/jpeg"}],"twitter_card":"summary_large_image","schema":{"@context":"https:\/\/schema.org","@graph":[{"@type":"WebPage","@id":"https:\/\/atsamed.com.mx\/producto\/juego-de-3-llaves-hi-flo-con-banco-de-llaves-de-3-vias-para-presion-de-20-psi\/","url":"https:\/\/atsamed.com.mx\/producto\/juego-de-3-llaves-hi-flo-con-banco-de-llaves-de-3-vias-para-presion-de-20-psi\/","name":"Juego de 3 llaves Hi-Flo con banco de llaves de 3 v\u00edas para presi\u00f3n de 20 psi - Atsamed","isPartOf":{"@id":"https:\/\/atsamed.com.mx\/#website"},"primaryImageOfPage":{"@id":"https:\/\/atsamed.com.mx\/producto\/juego-de-3-llaves-hi-flo-con-banco-de-llaves-de-3-vias-para-presion-de-20-psi\/#primaryimage"},"image":{"@id":"https:\/\/atsamed.com.mx\/producto\/juego-de-3-llaves-hi-flo-con-banco-de-llaves-de-3-vias-para-presion-de-20-psi\/#primaryimage"},"thumbnailUrl":"https:\/\/atsamed.com.mx\/wp-content\/uploads\/2021\/08\/MX4313FM.jpg","datePublished":"2021-08-05T18:16:20+00:00","dateModified":"2022-10-21T18:26:37+00:00","breadcrumb":{"@id":"https:\/\/atsamed.com.mx\/producto\/juego-de-3-llaves-hi-flo-con-banco-de-llaves-de-3-vias-para-presion-de-20-psi\/#breadcrumb"},"inLanguage":"en-US","potentialAction":[{"@type":"ReadAction","target":["https:\/\/atsamed.com.mx\/producto\/juego-de-3-llaves-hi-flo-con-banco-de-llaves-de-3-vias-para-presion-de-20-psi\/"]}]},{"@type":"ImageObject","inLanguage":"en-US","@id":"https:\/\/atsamed.com.mx\/producto\/juego-de-3-llaves-hi-flo-con-banco-de-llaves-de-3-vias-para-presion-de-20-psi\/#primaryimage","url":"https:\/\/atsamed.com.mx\/wp-content\/uploads\/2021\/08\/MX4313FM.jpg","contentUrl":"https:\/\/atsamed.com.mx\/wp-content\/uploads\/2021\/08\/MX4313FM.jpg","width":512,"height":512},{"@type":"BreadcrumbList","@id":"https:\/\/atsamed.com.mx\/producto\/juego-de-3-llaves-hi-flo-con-banco-de-llaves-de-3-vias-para-presion-de-20-psi\/#breadcrumb","itemListElement":[{"@type":"ListItem","position":1,"name":"Inicio","item":"https:\/\/atsamed.com.mx\/"},{"@type":"ListItem","position":2,"name":"Productos","item":"https:\/\/atsamed.com.mx\/tienda\/"},{"@type":"ListItem","position":3,"name":"Juego de 3 llaves Hi-Flo con banco de llaves de 3 v\u00edas para presi\u00f3n de 20 psi"}]},{"@type":"WebSite","@id":"https:\/\/atsamed.com.mx\/#website","url":"https:\/\/atsamed.com.mx\/","name":"Atsamed","description":"Abastecedor terap\u00e9utico","publisher":{"@id":"https:\/\/atsamed.com.mx\/#organization"},"potentialAction":[{"@type":"SearchAction","target":{"@type":"EntryPoint","urlTemplate":"https:\/\/atsamed.com.mx\/?s={search_term_string}"},"query-input":{"@type":"PropertyValueSpecification","valueRequired":true,"valueName":"search_term_string"}}],"inLanguage":"en-US"},{"@type":"Organization","@id":"https:\/\/atsamed.com.mx\/#organization","name":"atsamed","url":"https:\/\/atsamed.com.mx\/","logo":{"@type":"ImageObject","inLanguage":"en-US","@id":"https:\/\/atsamed.com.mx\/#\/schema\/logo\/image\/","url":"https:\/\/atsamed.com.mx\/wp-content\/uploads\/2021\/07\/cropped-Logo-ATSA-Transparencia.png","contentUrl":"https:\/\/atsamed.com.mx\/wp-content\/uploads\/2021\/07\/cropped-Logo-ATSA-Transparencia.png","width":641,"height":184,"caption":"atsamed"},"image":{"@id":"https:\/\/atsamed.com.mx\/#\/schema\/logo\/image\/"},"sameAs":["https:\/\/www.facebook.com\/atsamed.mx","https:\/\/mx.linkedin.com\/company\/atsamed"]}]}},"_links":{"self":[{"href":"https:\/\/atsamed.com.mx\/en\/wp-json\/wp\/v2\/product\/496","targetHints":{"allow":["GET"]}}],"collection":[{"href":"https:\/\/atsamed.com.mx\/en\/wp-json\/wp\/v2\/product"}],"about":[{"href":"https:\/\/atsamed.com.mx\/en\/wp-json\/wp\/v2\/types\/product"}],"wp:featuredmedia":[{"embeddable":true,"href":"https:\/\/atsamed.com.mx\/en\/wp-json\/wp\/v2\/media\/497"}],"wp:attachment":[{"href":"https:\/\/atsamed.com.mx\/en\/wp-json\/wp\/v2\/media?parent=496"}],"wp:term":[{"taxonomy":"product_brand","embeddable":true,"href":"https:\/\/atsamed.com.mx\/en\/wp-json\/wp\/v2\/product_brand?post=496"},{"taxonomy":"product_cat","embeddable":true,"href":"https:\/\/atsamed.com.mx\/en\/wp-json\/wp\/v2\/product_cat?post=496"},{"taxonomy":"product_tag","embeddable":true,"href":"https:\/\/atsamed.com.mx\/en\/wp-json\/wp\/v2\/product_tag?post=496"}],"curies":[{"name":"wp","href":"https:\/\/api.w.org\/{rel}","templated":true}]}}