{"id":462,"date":"2021-08-05T16:59:46","date_gmt":"2021-08-05T16:59:46","guid":{"rendered":"https:\/\/atsamed.com.mx\/?post_type=product&#038;p=462"},"modified":"2021-08-13T13:05:33","modified_gmt":"2021-08-13T18:05:33","slug":"cartucho-logical","status":"publish","type":"product","link":"https:\/\/atsamed.com.mx\/en\/product\/cartucho-logical\/","title":{"rendered":"Fluid and blood warmer"},"content":{"rendered":"","protected":false},"excerpt":{"rendered":"<p>Logical Model Transducer Cartridge with stopcock and 3cc \/ hr flush.<\/p>\n<ul>\n<li>Disposable cartridge with the patient line flush with the integrated trigger.<\/li>\n<li>Modular mounting system allows flexibility for multi-line monitoring kits.<\/li>\n<li>The reduced transport of the equipment allows the availability of the system in each room.<\/li>\n<\/ul>\n<p>&nbsp;<\/p>","protected":false},"featured_media":463,"template":"","meta":{"site-sidebar-layout":"default","site-content-layout":"default","ast-site-content-layout":"default","site-content-style":"default","site-sidebar-style":"default","ast-global-header-display":"","ast-banner-title-visibility":"","ast-main-header-display":"","ast-hfb-above-header-display":"","ast-hfb-below-header-display":"","ast-hfb-mobile-header-display":"","site-post-title":"","ast-breadcrumbs-content":"","ast-featured-img":"","footer-sml-layout":"","theme-transparent-header-meta":"default","adv-header-id-meta":"","stick-header-meta":"","header-above-stick-meta":"","header-main-stick-meta":"","header-below-stick-meta":"","astra-migrate-meta-layouts":"default","ast-page-background-enabled":"default","ast-page-background-meta":{"desktop":{"background-color":"var(--ast-global-color-4)","background-image":"","background-repeat":"repeat","background-position":"center center","background-size":"auto","background-attachment":"scroll","background-type":"","background-media":"","overlay-type":"","overlay-color":"","overlay-opacity":"","overlay-gradient":""},"tablet":{"background-color":"","background-image":"","background-repeat":"repeat","background-position":"center center","background-size":"auto","background-attachment":"scroll","background-type":"","background-media":"","overlay-type":"","overlay-color":"","overlay-opacity":"","overlay-gradient":""},"mobile":{"background-color":"","background-image":"","background-repeat":"repeat","background-position":"center center","background-size":"auto","background-attachment":"scroll","background-type":"","background-media":"","overlay-type":"","overlay-color":"","overlay-opacity":"","overlay-gradient":""}},"ast-content-background-meta":{"desktop":{"background-color":"var(--ast-global-color-5)","background-image":"","background-repeat":"repeat","background-position":"center center","background-size":"auto","background-attachment":"scroll","background-type":"","background-media":"","overlay-type":"","overlay-color":"","overlay-opacity":"","overlay-gradient":""},"tablet":{"background-color":"var(--ast-global-color-5)","background-image":"","background-repeat":"repeat","background-position":"center center","background-size":"auto","background-attachment":"scroll","background-type":"","background-media":"","overlay-type":"","overlay-color":"","overlay-opacity":"","overlay-gradient":""},"mobile":{"background-color":"var(--ast-global-color-5)","background-image":"","background-repeat":"repeat","background-position":"center center","background-size":"auto","background-attachment":"scroll","background-type":"","background-media":"","overlay-type":"","overlay-color":"","overlay-opacity":"","overlay-gradient":""}},"_joinchat":[]},"product_brand":[],"product_cat":[36,30,31],"product_tag":[67],"class_list":{"0":"post-462","1":"product","2":"type-product","3":"status-publish","4":"has-post-thumbnail","6":"product_cat-areas-criticas","7":"product_cat-cardio-hemodinamia","8":"product_cat-pediatria","9":"product_tag-icu-medical","10":"desktop-align-left","11":"tablet-align-left","12":"mobile-align-left","14":"first","15":"instock","16":"shipping-taxable","17":"product-type-simple"},"yoast_head":"<!-- This site is optimized with the Yoast SEO plugin v26.1.1 - https:\/\/yoast.com\/wordpress\/plugins\/seo\/ -->\n<title>Cartucho Logical - Atsamed<\/title>\n<meta name=\"robots\" content=\"index, follow, max-snippet:-1, max-image-preview:large, max-video-preview:-1\" \/>\n<link rel=\"canonical\" href=\"https:\/\/atsamed.com.mx\/en\/product\/cartucho-logical\/\" \/>\n<meta property=\"og:locale\" content=\"en_US\" \/>\n<meta property=\"og:type\" content=\"article\" \/>\n<meta property=\"og:title\" content=\"Cartucho Logical - Atsamed\" \/>\n<meta property=\"og:description\" content=\"Cartucho Transductor Modelo Logical con llave de paso y flush de3cc\/hr.   Cartucho desechable con la l\u00ednea del paciente al ras del gatillo integrado.  Sistema de montaje modular permite flexibilidad para los kits de monitoreo de l\u00ednea m\u00faltiple.  El transporte reducido del equipo permite la disponibilidad del sistema en cada habitaci\u00f3n.  &nbsp;\" \/>\n<meta property=\"og:url\" content=\"https:\/\/atsamed.com.mx\/en\/product\/cartucho-logical\/\" \/>\n<meta property=\"og:site_name\" content=\"Atsamed\" \/>\n<meta property=\"article:publisher\" content=\"https:\/\/www.facebook.com\/atsamed.mx\" \/>\n<meta property=\"article:modified_time\" content=\"2021-08-13T18:05:33+00:00\" \/>\n<meta property=\"og:image\" content=\"https:\/\/atsamed.com.mx\/wp-content\/uploads\/2021\/08\/MX960SCFA.jpg\" \/>\n\t<meta property=\"og:image:width\" content=\"512\" \/>\n\t<meta property=\"og:image:height\" content=\"512\" \/>\n\t<meta property=\"og:image:type\" content=\"image\/jpeg\" \/>\n<meta name=\"twitter:card\" content=\"summary_large_image\" \/>\n<script type=\"application\/ld+json\" class=\"yoast-schema-graph\">{\"@context\":\"https:\/\/schema.org\",\"@graph\":[{\"@type\":\"WebPage\",\"@id\":\"https:\/\/atsamed.com.mx\/producto\/cartucho-logical\/\",\"url\":\"https:\/\/atsamed.com.mx\/producto\/cartucho-logical\/\",\"name\":\"Cartucho Logical - Atsamed\",\"isPartOf\":{\"@id\":\"https:\/\/atsamed.com.mx\/#website\"},\"primaryImageOfPage\":{\"@id\":\"https:\/\/atsamed.com.mx\/producto\/cartucho-logical\/#primaryimage\"},\"image\":{\"@id\":\"https:\/\/atsamed.com.mx\/producto\/cartucho-logical\/#primaryimage\"},\"thumbnailUrl\":\"https:\/\/atsamed.com.mx\/wp-content\/uploads\/2021\/08\/MX960SCFA.jpg\",\"datePublished\":\"2021-08-05T16:59:46+00:00\",\"dateModified\":\"2021-08-13T18:05:33+00:00\",\"breadcrumb\":{\"@id\":\"https:\/\/atsamed.com.mx\/producto\/cartucho-logical\/#breadcrumb\"},\"inLanguage\":\"en-US\",\"potentialAction\":[{\"@type\":\"ReadAction\",\"target\":[\"https:\/\/atsamed.com.mx\/producto\/cartucho-logical\/\"]}]},{\"@type\":\"ImageObject\",\"inLanguage\":\"en-US\",\"@id\":\"https:\/\/atsamed.com.mx\/producto\/cartucho-logical\/#primaryimage\",\"url\":\"https:\/\/atsamed.com.mx\/wp-content\/uploads\/2021\/08\/MX960SCFA.jpg\",\"contentUrl\":\"https:\/\/atsamed.com.mx\/wp-content\/uploads\/2021\/08\/MX960SCFA.jpg\",\"width\":512,\"height\":512},{\"@type\":\"BreadcrumbList\",\"@id\":\"https:\/\/atsamed.com.mx\/producto\/cartucho-logical\/#breadcrumb\",\"itemListElement\":[{\"@type\":\"ListItem\",\"position\":1,\"name\":\"Inicio\",\"item\":\"https:\/\/atsamed.com.mx\/\"},{\"@type\":\"ListItem\",\"position\":2,\"name\":\"Productos\",\"item\":\"https:\/\/atsamed.com.mx\/tienda\/\"},{\"@type\":\"ListItem\",\"position\":3,\"name\":\"Cartucho Logical\"}]},{\"@type\":\"WebSite\",\"@id\":\"https:\/\/atsamed.com.mx\/#website\",\"url\":\"https:\/\/atsamed.com.mx\/\",\"name\":\"Atsamed\",\"description\":\"Abastecedor terap\u00e9utico\",\"publisher\":{\"@id\":\"https:\/\/atsamed.com.mx\/#organization\"},\"potentialAction\":[{\"@type\":\"SearchAction\",\"target\":{\"@type\":\"EntryPoint\",\"urlTemplate\":\"https:\/\/atsamed.com.mx\/?s={search_term_string}\"},\"query-input\":{\"@type\":\"PropertyValueSpecification\",\"valueRequired\":true,\"valueName\":\"search_term_string\"}}],\"inLanguage\":\"en-US\"},{\"@type\":\"Organization\",\"@id\":\"https:\/\/atsamed.com.mx\/#organization\",\"name\":\"atsamed\",\"url\":\"https:\/\/atsamed.com.mx\/\",\"logo\":{\"@type\":\"ImageObject\",\"inLanguage\":\"en-US\",\"@id\":\"https:\/\/atsamed.com.mx\/#\/schema\/logo\/image\/\",\"url\":\"https:\/\/atsamed.com.mx\/wp-content\/uploads\/2021\/07\/cropped-Logo-ATSA-Transparencia.png\",\"contentUrl\":\"https:\/\/atsamed.com.mx\/wp-content\/uploads\/2021\/07\/cropped-Logo-ATSA-Transparencia.png\",\"width\":641,\"height\":184,\"caption\":\"atsamed\"},\"image\":{\"@id\":\"https:\/\/atsamed.com.mx\/#\/schema\/logo\/image\/\"},\"sameAs\":[\"https:\/\/www.facebook.com\/atsamed.mx\",\"https:\/\/mx.linkedin.com\/company\/atsamed\"]}]}<\/script>\n<!-- \/ Yoast SEO plugin. -->","yoast_head_json":{"title":"Cartucho Logical - Atsamed","robots":{"index":"index","follow":"follow","max-snippet":"max-snippet:-1","max-image-preview":"max-image-preview:large","max-video-preview":"max-video-preview:-1"},"canonical":"https:\/\/atsamed.com.mx\/en\/product\/cartucho-logical\/","og_locale":"en_US","og_type":"article","og_title":"Cartucho Logical - Atsamed","og_description":"Cartucho Transductor Modelo Logical con llave de paso y flush de3cc\/hr.   Cartucho desechable con la l\u00ednea del paciente al ras del gatillo integrado.  Sistema de montaje modular permite flexibilidad para los kits de monitoreo de l\u00ednea m\u00faltiple.  El transporte reducido del equipo permite la disponibilidad del sistema en cada habitaci\u00f3n.  &nbsp;","og_url":"https:\/\/atsamed.com.mx\/en\/product\/cartucho-logical\/","og_site_name":"Atsamed","article_publisher":"https:\/\/www.facebook.com\/atsamed.mx","article_modified_time":"2021-08-13T18:05:33+00:00","og_image":[{"width":512,"height":512,"url":"https:\/\/atsamed.com.mx\/wp-content\/uploads\/2021\/08\/MX960SCFA.jpg","type":"image\/jpeg"}],"twitter_card":"summary_large_image","schema":{"@context":"https:\/\/schema.org","@graph":[{"@type":"WebPage","@id":"https:\/\/atsamed.com.mx\/producto\/cartucho-logical\/","url":"https:\/\/atsamed.com.mx\/producto\/cartucho-logical\/","name":"Cartucho Logical - Atsamed","isPartOf":{"@id":"https:\/\/atsamed.com.mx\/#website"},"primaryImageOfPage":{"@id":"https:\/\/atsamed.com.mx\/producto\/cartucho-logical\/#primaryimage"},"image":{"@id":"https:\/\/atsamed.com.mx\/producto\/cartucho-logical\/#primaryimage"},"thumbnailUrl":"https:\/\/atsamed.com.mx\/wp-content\/uploads\/2021\/08\/MX960SCFA.jpg","datePublished":"2021-08-05T16:59:46+00:00","dateModified":"2021-08-13T18:05:33+00:00","breadcrumb":{"@id":"https:\/\/atsamed.com.mx\/producto\/cartucho-logical\/#breadcrumb"},"inLanguage":"en-US","potentialAction":[{"@type":"ReadAction","target":["https:\/\/atsamed.com.mx\/producto\/cartucho-logical\/"]}]},{"@type":"ImageObject","inLanguage":"en-US","@id":"https:\/\/atsamed.com.mx\/producto\/cartucho-logical\/#primaryimage","url":"https:\/\/atsamed.com.mx\/wp-content\/uploads\/2021\/08\/MX960SCFA.jpg","contentUrl":"https:\/\/atsamed.com.mx\/wp-content\/uploads\/2021\/08\/MX960SCFA.jpg","width":512,"height":512},{"@type":"BreadcrumbList","@id":"https:\/\/atsamed.com.mx\/producto\/cartucho-logical\/#breadcrumb","itemListElement":[{"@type":"ListItem","position":1,"name":"Inicio","item":"https:\/\/atsamed.com.mx\/"},{"@type":"ListItem","position":2,"name":"Productos","item":"https:\/\/atsamed.com.mx\/tienda\/"},{"@type":"ListItem","position":3,"name":"Cartucho Logical"}]},{"@type":"WebSite","@id":"https:\/\/atsamed.com.mx\/#website","url":"https:\/\/atsamed.com.mx\/","name":"Atsamed","description":"Abastecedor terap\u00e9utico","publisher":{"@id":"https:\/\/atsamed.com.mx\/#organization"},"potentialAction":[{"@type":"SearchAction","target":{"@type":"EntryPoint","urlTemplate":"https:\/\/atsamed.com.mx\/?s={search_term_string}"},"query-input":{"@type":"PropertyValueSpecification","valueRequired":true,"valueName":"search_term_string"}}],"inLanguage":"en-US"},{"@type":"Organization","@id":"https:\/\/atsamed.com.mx\/#organization","name":"atsamed","url":"https:\/\/atsamed.com.mx\/","logo":{"@type":"ImageObject","inLanguage":"en-US","@id":"https:\/\/atsamed.com.mx\/#\/schema\/logo\/image\/","url":"https:\/\/atsamed.com.mx\/wp-content\/uploads\/2021\/07\/cropped-Logo-ATSA-Transparencia.png","contentUrl":"https:\/\/atsamed.com.mx\/wp-content\/uploads\/2021\/07\/cropped-Logo-ATSA-Transparencia.png","width":641,"height":184,"caption":"atsamed"},"image":{"@id":"https:\/\/atsamed.com.mx\/#\/schema\/logo\/image\/"},"sameAs":["https:\/\/www.facebook.com\/atsamed.mx","https:\/\/mx.linkedin.com\/company\/atsamed"]}]}},"_links":{"self":[{"href":"https:\/\/atsamed.com.mx\/en\/wp-json\/wp\/v2\/product\/462","targetHints":{"allow":["GET"]}}],"collection":[{"href":"https:\/\/atsamed.com.mx\/en\/wp-json\/wp\/v2\/product"}],"about":[{"href":"https:\/\/atsamed.com.mx\/en\/wp-json\/wp\/v2\/types\/product"}],"wp:featuredmedia":[{"embeddable":true,"href":"https:\/\/atsamed.com.mx\/en\/wp-json\/wp\/v2\/media\/463"}],"wp:attachment":[{"href":"https:\/\/atsamed.com.mx\/en\/wp-json\/wp\/v2\/media?parent=462"}],"wp:term":[{"taxonomy":"product_brand","embeddable":true,"href":"https:\/\/atsamed.com.mx\/en\/wp-json\/wp\/v2\/product_brand?post=462"},{"taxonomy":"product_cat","embeddable":true,"href":"https:\/\/atsamed.com.mx\/en\/wp-json\/wp\/v2\/product_cat?post=462"},{"taxonomy":"product_tag","embeddable":true,"href":"https:\/\/atsamed.com.mx\/en\/wp-json\/wp\/v2\/product_tag?post=462"}],"curies":[{"name":"wp","href":"https:\/\/api.w.org\/{rel}","templated":true}]}}