{"id":397,"date":"2021-08-04T18:22:22","date_gmt":"2021-08-04T23:22:22","guid":{"rendered":"https:\/\/atsamed.com.mx\/?post_type=product&#038;p=397"},"modified":"2022-10-21T13:52:34","modified_gmt":"2022-10-21T18:52:34","slug":"prolongador-25-cm-o2-5-mm-llave-de-3-vias-neutraclear-anillo-movil","status":"publish","type":"product","link":"https:\/\/atsamed.com.mx\/en\/product\/prolongador-25-cm-o2-5-mm-llave-de-3-vias-neutraclear-anillo-movil\/","title":{"rendered":"25 cm extension, \u00d82.5 mm + 3-way wrench + Neutraclear + mobile ring"},"content":{"rendered":"<h5><em><a href=\"https:\/\/atsamed.com.mx\/en\/#login\">Reg\u00edstrate para mayor informaci\u00f3n<\/a><\/em><\/h5>","protected":false},"excerpt":{"rendered":"<p>25 cm extension, \u00d82.5 mm + 3-way wrench + Neutraclear + mobile ring<\/p>\n<ul>\n<li><span>Maximum use pressure: 2 bars for 15 seconds (continuous) and \/ or 5 bars (immediate)<\/span><\/li>\n<li><span>Lipid resistant: 7 days<\/span><\/li>\n<li><span>Residual volume: 0.42 ml LATEX FREE, NO DEHP<\/span><\/li>\n<\/ul>","protected":false},"featured_media":399,"template":"","meta":{"site-sidebar-layout":"default","site-content-layout":"default","ast-site-content-layout":"default","site-content-style":"default","site-sidebar-style":"default","ast-global-header-display":"","ast-banner-title-visibility":"","ast-main-header-display":"","ast-hfb-above-header-display":"","ast-hfb-below-header-display":"","ast-hfb-mobile-header-display":"","site-post-title":"","ast-breadcrumbs-content":"","ast-featured-img":"","footer-sml-layout":"","theme-transparent-header-meta":"default","adv-header-id-meta":"","stick-header-meta":"","header-above-stick-meta":"","header-main-stick-meta":"","header-below-stick-meta":"","astra-migrate-meta-layouts":"default","ast-page-background-enabled":"default","ast-page-background-meta":{"desktop":{"background-color":"var(--ast-global-color-4)","background-image":"","background-repeat":"repeat","background-position":"center center","background-size":"auto","background-attachment":"scroll","background-type":"","background-media":"","overlay-type":"","overlay-color":"","overlay-opacity":"","overlay-gradient":""},"tablet":{"background-color":"","background-image":"","background-repeat":"repeat","background-position":"center center","background-size":"auto","background-attachment":"scroll","background-type":"","background-media":"","overlay-type":"","overlay-color":"","overlay-opacity":"","overlay-gradient":""},"mobile":{"background-color":"","background-image":"","background-repeat":"repeat","background-position":"center center","background-size":"auto","background-attachment":"scroll","background-type":"","background-media":"","overlay-type":"","overlay-color":"","overlay-opacity":"","overlay-gradient":""}},"ast-content-background-meta":{"desktop":{"background-color":"var(--ast-global-color-5)","background-image":"","background-repeat":"repeat","background-position":"center center","background-size":"auto","background-attachment":"scroll","background-type":"","background-media":"","overlay-type":"","overlay-color":"","overlay-opacity":"","overlay-gradient":""},"tablet":{"background-color":"var(--ast-global-color-5)","background-image":"","background-repeat":"repeat","background-position":"center center","background-size":"auto","background-attachment":"scroll","background-type":"","background-media":"","overlay-type":"","overlay-color":"","overlay-opacity":"","overlay-gradient":""},"mobile":{"background-color":"var(--ast-global-color-5)","background-image":"","background-repeat":"repeat","background-position":"center center","background-size":"auto","background-attachment":"scroll","background-type":"","background-media":"","overlay-type":"","overlay-color":"","overlay-opacity":"","overlay-gradient":""}},"_joinchat":[]},"product_brand":[],"product_cat":[25,36,30,34,26,27,31,32,24],"product_tag":[58],"class_list":{"0":"post-397","1":"product","2":"type-product","3":"status-publish","4":"has-post-thumbnail","6":"product_cat-anestesiologia","7":"product_cat-areas-criticas","8":"product_cat-cardio-hemodinamia","9":"product_cat-control-de-infecciones","10":"product_cat-nutricion-clinica","11":"product_cat-oncologia","12":"product_cat-pediatria","13":"product_cat-toco-cirugia","14":"product_cat-ucin","15":"product_tag-cair-lgl","16":"desktop-align-left","17":"tablet-align-left","18":"mobile-align-left","20":"first","21":"instock","22":"shipping-taxable","23":"product-type-simple"},"yoast_head":"<!-- This site is optimized with the Yoast SEO plugin v26.1.1 - https:\/\/yoast.com\/wordpress\/plugins\/seo\/ -->\n<title>Prolongador 25 cm, \u00d82.5 mm + llave de 3 v\u00edas + Neutraclear+ anillo m\u00f3vil - Atsamed<\/title>\n<meta name=\"robots\" content=\"index, follow, max-snippet:-1, max-image-preview:large, max-video-preview:-1\" \/>\n<link rel=\"canonical\" href=\"https:\/\/atsamed.com.mx\/en\/product\/prolongador-25-cm-o2-5-mm-llave-de-3-vias-neutraclear-anillo-movil\/\" \/>\n<meta property=\"og:locale\" content=\"en_US\" \/>\n<meta property=\"og:type\" content=\"article\" \/>\n<meta property=\"og:title\" content=\"Prolongador 25 cm, \u00d82.5 mm + llave de 3 v\u00edas + Neutraclear+ anillo m\u00f3vil - Atsamed\" \/>\n<meta property=\"og:description\" content=\"Prolongador 25 cm, \u00d82.5 mm + llave de 3 v\u00edas + Neutraclear\u2122 + anillo m\u00f3vil.   Presi\u00f3n m\u00e1xima de uso: 2 bares por 15 segundos (continuo) y \/ o 5 bares (inmediato)  Resistente a los l\u00edpidos: 7 d\u00edas  Volumen residual: 0,42 ml SIN L\u00c1TEX, NO DEHP\" \/>\n<meta property=\"og:url\" content=\"https:\/\/atsamed.com.mx\/en\/product\/prolongador-25-cm-o2-5-mm-llave-de-3-vias-neutraclear-anillo-movil\/\" \/>\n<meta property=\"og:site_name\" content=\"Atsamed\" \/>\n<meta property=\"article:publisher\" content=\"https:\/\/www.facebook.com\/atsamed.mx\" \/>\n<meta property=\"article:modified_time\" content=\"2022-10-21T18:52:34+00:00\" \/>\n<meta property=\"og:image\" content=\"https:\/\/atsamed.com.mx\/wp-content\/uploads\/2021\/08\/PE1302NCM.jpg\" \/>\n\t<meta property=\"og:image:width\" content=\"512\" \/>\n\t<meta property=\"og:image:height\" content=\"512\" \/>\n\t<meta property=\"og:image:type\" content=\"image\/jpeg\" \/>\n<meta name=\"twitter:card\" content=\"summary_large_image\" \/>\n<script type=\"application\/ld+json\" class=\"yoast-schema-graph\">{\"@context\":\"https:\/\/schema.org\",\"@graph\":[{\"@type\":\"WebPage\",\"@id\":\"https:\/\/atsamed.com.mx\/producto\/prolongador-25-cm-o2-5-mm-llave-de-3-vias-neutraclear-anillo-movil\/\",\"url\":\"https:\/\/atsamed.com.mx\/producto\/prolongador-25-cm-o2-5-mm-llave-de-3-vias-neutraclear-anillo-movil\/\",\"name\":\"Prolongador 25 cm, \u00d82.5 mm + llave de 3 v\u00edas + Neutraclear+ anillo m\u00f3vil - Atsamed\",\"isPartOf\":{\"@id\":\"https:\/\/atsamed.com.mx\/#website\"},\"primaryImageOfPage\":{\"@id\":\"https:\/\/atsamed.com.mx\/producto\/prolongador-25-cm-o2-5-mm-llave-de-3-vias-neutraclear-anillo-movil\/#primaryimage\"},\"image\":{\"@id\":\"https:\/\/atsamed.com.mx\/producto\/prolongador-25-cm-o2-5-mm-llave-de-3-vias-neutraclear-anillo-movil\/#primaryimage\"},\"thumbnailUrl\":\"https:\/\/atsamed.com.mx\/wp-content\/uploads\/2021\/08\/PE1302NCM.jpg\",\"datePublished\":\"2021-08-04T23:22:22+00:00\",\"dateModified\":\"2022-10-21T18:52:34+00:00\",\"breadcrumb\":{\"@id\":\"https:\/\/atsamed.com.mx\/producto\/prolongador-25-cm-o2-5-mm-llave-de-3-vias-neutraclear-anillo-movil\/#breadcrumb\"},\"inLanguage\":\"en-US\",\"potentialAction\":[{\"@type\":\"ReadAction\",\"target\":[\"https:\/\/atsamed.com.mx\/producto\/prolongador-25-cm-o2-5-mm-llave-de-3-vias-neutraclear-anillo-movil\/\"]}]},{\"@type\":\"ImageObject\",\"inLanguage\":\"en-US\",\"@id\":\"https:\/\/atsamed.com.mx\/producto\/prolongador-25-cm-o2-5-mm-llave-de-3-vias-neutraclear-anillo-movil\/#primaryimage\",\"url\":\"https:\/\/atsamed.com.mx\/wp-content\/uploads\/2021\/08\/PE1302NCM.jpg\",\"contentUrl\":\"https:\/\/atsamed.com.mx\/wp-content\/uploads\/2021\/08\/PE1302NCM.jpg\",\"width\":512,\"height\":512},{\"@type\":\"BreadcrumbList\",\"@id\":\"https:\/\/atsamed.com.mx\/producto\/prolongador-25-cm-o2-5-mm-llave-de-3-vias-neutraclear-anillo-movil\/#breadcrumb\",\"itemListElement\":[{\"@type\":\"ListItem\",\"position\":1,\"name\":\"Inicio\",\"item\":\"https:\/\/atsamed.com.mx\/\"},{\"@type\":\"ListItem\",\"position\":2,\"name\":\"Productos\",\"item\":\"https:\/\/atsamed.com.mx\/tienda\/\"},{\"@type\":\"ListItem\",\"position\":3,\"name\":\"Prolongador 25 cm, \u00d82.5 mm + llave de 3 v\u00edas + Neutraclear+ anillo m\u00f3vil\"}]},{\"@type\":\"WebSite\",\"@id\":\"https:\/\/atsamed.com.mx\/#website\",\"url\":\"https:\/\/atsamed.com.mx\/\",\"name\":\"Atsamed\",\"description\":\"Abastecedor terap\u00e9utico\",\"publisher\":{\"@id\":\"https:\/\/atsamed.com.mx\/#organization\"},\"potentialAction\":[{\"@type\":\"SearchAction\",\"target\":{\"@type\":\"EntryPoint\",\"urlTemplate\":\"https:\/\/atsamed.com.mx\/?s={search_term_string}\"},\"query-input\":{\"@type\":\"PropertyValueSpecification\",\"valueRequired\":true,\"valueName\":\"search_term_string\"}}],\"inLanguage\":\"en-US\"},{\"@type\":\"Organization\",\"@id\":\"https:\/\/atsamed.com.mx\/#organization\",\"name\":\"atsamed\",\"url\":\"https:\/\/atsamed.com.mx\/\",\"logo\":{\"@type\":\"ImageObject\",\"inLanguage\":\"en-US\",\"@id\":\"https:\/\/atsamed.com.mx\/#\/schema\/logo\/image\/\",\"url\":\"https:\/\/atsamed.com.mx\/wp-content\/uploads\/2021\/07\/cropped-Logo-ATSA-Transparencia.png\",\"contentUrl\":\"https:\/\/atsamed.com.mx\/wp-content\/uploads\/2021\/07\/cropped-Logo-ATSA-Transparencia.png\",\"width\":641,\"height\":184,\"caption\":\"atsamed\"},\"image\":{\"@id\":\"https:\/\/atsamed.com.mx\/#\/schema\/logo\/image\/\"},\"sameAs\":[\"https:\/\/www.facebook.com\/atsamed.mx\",\"https:\/\/mx.linkedin.com\/company\/atsamed\"]}]}<\/script>\n<!-- \/ Yoast SEO plugin. -->","yoast_head_json":{"title":"Prolongador 25 cm, \u00d82.5 mm + llave de 3 v\u00edas + Neutraclear+ anillo m\u00f3vil - Atsamed","robots":{"index":"index","follow":"follow","max-snippet":"max-snippet:-1","max-image-preview":"max-image-preview:large","max-video-preview":"max-video-preview:-1"},"canonical":"https:\/\/atsamed.com.mx\/en\/product\/prolongador-25-cm-o2-5-mm-llave-de-3-vias-neutraclear-anillo-movil\/","og_locale":"en_US","og_type":"article","og_title":"Prolongador 25 cm, \u00d82.5 mm + llave de 3 v\u00edas + Neutraclear+ anillo m\u00f3vil - Atsamed","og_description":"Prolongador 25 cm, \u00d82.5 mm + llave de 3 v\u00edas + Neutraclear\u2122 + anillo m\u00f3vil.   Presi\u00f3n m\u00e1xima de uso: 2 bares por 15 segundos (continuo) y \/ o 5 bares (inmediato)  Resistente a los l\u00edpidos: 7 d\u00edas  Volumen residual: 0,42 ml SIN L\u00c1TEX, NO DEHP","og_url":"https:\/\/atsamed.com.mx\/en\/product\/prolongador-25-cm-o2-5-mm-llave-de-3-vias-neutraclear-anillo-movil\/","og_site_name":"Atsamed","article_publisher":"https:\/\/www.facebook.com\/atsamed.mx","article_modified_time":"2022-10-21T18:52:34+00:00","og_image":[{"width":512,"height":512,"url":"https:\/\/atsamed.com.mx\/wp-content\/uploads\/2021\/08\/PE1302NCM.jpg","type":"image\/jpeg"}],"twitter_card":"summary_large_image","schema":{"@context":"https:\/\/schema.org","@graph":[{"@type":"WebPage","@id":"https:\/\/atsamed.com.mx\/producto\/prolongador-25-cm-o2-5-mm-llave-de-3-vias-neutraclear-anillo-movil\/","url":"https:\/\/atsamed.com.mx\/producto\/prolongador-25-cm-o2-5-mm-llave-de-3-vias-neutraclear-anillo-movil\/","name":"Prolongador 25 cm, \u00d82.5 mm + llave de 3 v\u00edas + Neutraclear+ anillo m\u00f3vil - Atsamed","isPartOf":{"@id":"https:\/\/atsamed.com.mx\/#website"},"primaryImageOfPage":{"@id":"https:\/\/atsamed.com.mx\/producto\/prolongador-25-cm-o2-5-mm-llave-de-3-vias-neutraclear-anillo-movil\/#primaryimage"},"image":{"@id":"https:\/\/atsamed.com.mx\/producto\/prolongador-25-cm-o2-5-mm-llave-de-3-vias-neutraclear-anillo-movil\/#primaryimage"},"thumbnailUrl":"https:\/\/atsamed.com.mx\/wp-content\/uploads\/2021\/08\/PE1302NCM.jpg","datePublished":"2021-08-04T23:22:22+00:00","dateModified":"2022-10-21T18:52:34+00:00","breadcrumb":{"@id":"https:\/\/atsamed.com.mx\/producto\/prolongador-25-cm-o2-5-mm-llave-de-3-vias-neutraclear-anillo-movil\/#breadcrumb"},"inLanguage":"en-US","potentialAction":[{"@type":"ReadAction","target":["https:\/\/atsamed.com.mx\/producto\/prolongador-25-cm-o2-5-mm-llave-de-3-vias-neutraclear-anillo-movil\/"]}]},{"@type":"ImageObject","inLanguage":"en-US","@id":"https:\/\/atsamed.com.mx\/producto\/prolongador-25-cm-o2-5-mm-llave-de-3-vias-neutraclear-anillo-movil\/#primaryimage","url":"https:\/\/atsamed.com.mx\/wp-content\/uploads\/2021\/08\/PE1302NCM.jpg","contentUrl":"https:\/\/atsamed.com.mx\/wp-content\/uploads\/2021\/08\/PE1302NCM.jpg","width":512,"height":512},{"@type":"BreadcrumbList","@id":"https:\/\/atsamed.com.mx\/producto\/prolongador-25-cm-o2-5-mm-llave-de-3-vias-neutraclear-anillo-movil\/#breadcrumb","itemListElement":[{"@type":"ListItem","position":1,"name":"Inicio","item":"https:\/\/atsamed.com.mx\/"},{"@type":"ListItem","position":2,"name":"Productos","item":"https:\/\/atsamed.com.mx\/tienda\/"},{"@type":"ListItem","position":3,"name":"Prolongador 25 cm, \u00d82.5 mm + llave de 3 v\u00edas + Neutraclear+ anillo m\u00f3vil"}]},{"@type":"WebSite","@id":"https:\/\/atsamed.com.mx\/#website","url":"https:\/\/atsamed.com.mx\/","name":"Atsamed","description":"Abastecedor terap\u00e9utico","publisher":{"@id":"https:\/\/atsamed.com.mx\/#organization"},"potentialAction":[{"@type":"SearchAction","target":{"@type":"EntryPoint","urlTemplate":"https:\/\/atsamed.com.mx\/?s={search_term_string}"},"query-input":{"@type":"PropertyValueSpecification","valueRequired":true,"valueName":"search_term_string"}}],"inLanguage":"en-US"},{"@type":"Organization","@id":"https:\/\/atsamed.com.mx\/#organization","name":"atsamed","url":"https:\/\/atsamed.com.mx\/","logo":{"@type":"ImageObject","inLanguage":"en-US","@id":"https:\/\/atsamed.com.mx\/#\/schema\/logo\/image\/","url":"https:\/\/atsamed.com.mx\/wp-content\/uploads\/2021\/07\/cropped-Logo-ATSA-Transparencia.png","contentUrl":"https:\/\/atsamed.com.mx\/wp-content\/uploads\/2021\/07\/cropped-Logo-ATSA-Transparencia.png","width":641,"height":184,"caption":"atsamed"},"image":{"@id":"https:\/\/atsamed.com.mx\/#\/schema\/logo\/image\/"},"sameAs":["https:\/\/www.facebook.com\/atsamed.mx","https:\/\/mx.linkedin.com\/company\/atsamed"]}]}},"_links":{"self":[{"href":"https:\/\/atsamed.com.mx\/en\/wp-json\/wp\/v2\/product\/397","targetHints":{"allow":["GET"]}}],"collection":[{"href":"https:\/\/atsamed.com.mx\/en\/wp-json\/wp\/v2\/product"}],"about":[{"href":"https:\/\/atsamed.com.mx\/en\/wp-json\/wp\/v2\/types\/product"}],"wp:featuredmedia":[{"embeddable":true,"href":"https:\/\/atsamed.com.mx\/en\/wp-json\/wp\/v2\/media\/399"}],"wp:attachment":[{"href":"https:\/\/atsamed.com.mx\/en\/wp-json\/wp\/v2\/media?parent=397"}],"wp:term":[{"taxonomy":"product_brand","embeddable":true,"href":"https:\/\/atsamed.com.mx\/en\/wp-json\/wp\/v2\/product_brand?post=397"},{"taxonomy":"product_cat","embeddable":true,"href":"https:\/\/atsamed.com.mx\/en\/wp-json\/wp\/v2\/product_cat?post=397"},{"taxonomy":"product_tag","embeddable":true,"href":"https:\/\/atsamed.com.mx\/en\/wp-json\/wp\/v2\/product_tag?post=397"}],"curies":[{"name":"wp","href":"https:\/\/api.w.org\/{rel}","templated":true}]}}