{"id":335,"date":"2021-08-02T22:50:07","date_gmt":"2021-08-02T22:50:07","guid":{"rendered":"https:\/\/atsamed.com.mx\/?post_type=product&#038;p=335"},"modified":"2022-10-21T14:02:02","modified_gmt":"2022-10-21T19:02:02","slug":"equipo-medico-para-hipotermia-terapeutica-de-neonatos-e-infantes-con-ehi","status":"publish","type":"product","link":"https:\/\/atsamed.com.mx\/en\/product\/equipo-medico-para-hipotermia-terapeutica-de-neonatos-e-infantes-con-ehi\/","title":{"rendered":"Servo controlled equipment for therapeutic body hypothermia in neonates and infants with HIE. Tecotherm Neo."},"content":{"rendered":"<h5><em><a href=\"https:\/\/atsamed.com.mx\/en\/#login\">Reg\u00edstrate para mayor informaci\u00f3n<\/a><\/em><\/h5>","protected":false},"excerpt":{"rendered":"<p>Medical equipment for therapeutic hypothermia of neonates and infants with HIE. The Tecotherm Neo maintains the patient's temperature using a rectal probe. The range can be changed to allow rewarming or cooling of the patient. Medical equipment for body hypothermia in neonates and infants with HIE. The equipment has three protocols:<\/p>\n<ul>\n<li>Automatic treatment for HIE.<\/li>\n<li>Protocol for constant rectal temperature.<\/li>\n<li>Protocol for constant mattress temperature.<\/li>\n<\/ul>","protected":false},"featured_media":3197,"template":"","meta":{"site-sidebar-layout":"default","site-content-layout":"default","ast-site-content-layout":"default","site-content-style":"default","site-sidebar-style":"default","ast-global-header-display":"","ast-banner-title-visibility":"","ast-main-header-display":"","ast-hfb-above-header-display":"","ast-hfb-below-header-display":"","ast-hfb-mobile-header-display":"","site-post-title":"","ast-breadcrumbs-content":"","ast-featured-img":"","footer-sml-layout":"","theme-transparent-header-meta":"default","adv-header-id-meta":"","stick-header-meta":"","header-above-stick-meta":"","header-main-stick-meta":"","header-below-stick-meta":"","astra-migrate-meta-layouts":"default","ast-page-background-enabled":"default","ast-page-background-meta":{"desktop":{"background-color":"var(--ast-global-color-4)","background-image":"","background-repeat":"repeat","background-position":"center center","background-size":"auto","background-attachment":"scroll","background-type":"","background-media":"","overlay-type":"","overlay-color":"","overlay-opacity":"","overlay-gradient":""},"tablet":{"background-color":"","background-image":"","background-repeat":"repeat","background-position":"center center","background-size":"auto","background-attachment":"scroll","background-type":"","background-media":"","overlay-type":"","overlay-color":"","overlay-opacity":"","overlay-gradient":""},"mobile":{"background-color":"","background-image":"","background-repeat":"repeat","background-position":"center center","background-size":"auto","background-attachment":"scroll","background-type":"","background-media":"","overlay-type":"","overlay-color":"","overlay-opacity":"","overlay-gradient":""}},"ast-content-background-meta":{"desktop":{"background-color":"var(--ast-global-color-5)","background-image":"","background-repeat":"repeat","background-position":"center center","background-size":"auto","background-attachment":"scroll","background-type":"","background-media":"","overlay-type":"","overlay-color":"","overlay-opacity":"","overlay-gradient":""},"tablet":{"background-color":"var(--ast-global-color-5)","background-image":"","background-repeat":"repeat","background-position":"center center","background-size":"auto","background-attachment":"scroll","background-type":"","background-media":"","overlay-type":"","overlay-color":"","overlay-opacity":"","overlay-gradient":""},"mobile":{"background-color":"var(--ast-global-color-5)","background-image":"","background-repeat":"repeat","background-position":"center center","background-size":"auto","background-attachment":"scroll","background-type":"","background-media":"","overlay-type":"","overlay-color":"","overlay-opacity":"","overlay-gradient":""}},"_joinchat":[]},"product_brand":[],"product_cat":[24],"product_tag":[77],"class_list":{"0":"post-335","1":"product","2":"type-product","3":"status-publish","4":"has-post-thumbnail","6":"product_cat-ucin","7":"product_tag-inspiration-healthcare","8":"desktop-align-left","9":"tablet-align-left","10":"mobile-align-left","12":"first","13":"instock","14":"shipping-taxable","15":"product-type-simple"},"yoast_head":"<!-- This site is optimized with the Yoast SEO plugin v26.1.1 - https:\/\/yoast.com\/wordpress\/plugins\/seo\/ -->\n<title>Equipo Servo controlado para hipotermia terap\u00e9utica corporal en neonatos e infantes con EHI. Tecotherm Neo. - Atsamed<\/title>\n<meta name=\"robots\" content=\"index, follow, max-snippet:-1, max-image-preview:large, max-video-preview:-1\" \/>\n<link rel=\"canonical\" href=\"https:\/\/atsamed.com.mx\/en\/product\/equipo-medico-para-hipotermia-terapeutica-de-neonatos-e-infantes-con-ehi\/\" \/>\n<meta property=\"og:locale\" content=\"en_US\" \/>\n<meta property=\"og:type\" content=\"article\" \/>\n<meta property=\"og:title\" content=\"Equipo Servo controlado para hipotermia terap\u00e9utica corporal en neonatos e infantes con EHI. Tecotherm Neo. - Atsamed\" \/>\n<meta property=\"og:description\" content=\"Equipo m\u00e9dico para hipotermia terap\u00e9utica de neonatos e infantes con EHI. El Tecotherm Neo mantiene la temperatura del paciente mediante una sonda rectal. El rango puede ser cambiado para permitir el recalentamiento o el enfriamiento del paciente. Equipo m\u00e9dico para hipotermia corporal en neonatos e infantes con EHI. El equipo cuenta con tres protocolos:   Tratamiento autom\u00e1tico para la EHI.  Protocolo para la temperatura rectal constante.  Protocolo para la temperatura del colch\u00f3n constante.\" \/>\n<meta property=\"og:url\" content=\"https:\/\/atsamed.com.mx\/en\/product\/equipo-medico-para-hipotermia-terapeutica-de-neonatos-e-infantes-con-ehi\/\" \/>\n<meta property=\"og:site_name\" content=\"Atsamed\" \/>\n<meta property=\"article:publisher\" content=\"https:\/\/www.facebook.com\/atsamed.mx\" \/>\n<meta property=\"article:modified_time\" content=\"2022-10-21T19:02:02+00:00\" \/>\n<meta property=\"og:image\" content=\"https:\/\/atsamed.com.mx\/wp-content\/uploads\/2021\/08\/TC-NEO-SK-D-1-1.jpg\" \/>\n\t<meta property=\"og:image:width\" content=\"400\" \/>\n\t<meta property=\"og:image:height\" content=\"350\" \/>\n\t<meta property=\"og:image:type\" content=\"image\/jpeg\" \/>\n<meta name=\"twitter:card\" content=\"summary_large_image\" \/>\n<script type=\"application\/ld+json\" class=\"yoast-schema-graph\">{\"@context\":\"https:\/\/schema.org\",\"@graph\":[{\"@type\":\"WebPage\",\"@id\":\"https:\/\/atsamed.com.mx\/producto\/equipo-medico-para-hipotermia-terapeutica-de-neonatos-e-infantes-con-ehi\/\",\"url\":\"https:\/\/atsamed.com.mx\/producto\/equipo-medico-para-hipotermia-terapeutica-de-neonatos-e-infantes-con-ehi\/\",\"name\":\"Equipo Servo controlado para hipotermia terap\u00e9utica corporal en neonatos e infantes con EHI. Tecotherm Neo. - Atsamed\",\"isPartOf\":{\"@id\":\"https:\/\/atsamed.com.mx\/#website\"},\"primaryImageOfPage\":{\"@id\":\"https:\/\/atsamed.com.mx\/producto\/equipo-medico-para-hipotermia-terapeutica-de-neonatos-e-infantes-con-ehi\/#primaryimage\"},\"image\":{\"@id\":\"https:\/\/atsamed.com.mx\/producto\/equipo-medico-para-hipotermia-terapeutica-de-neonatos-e-infantes-con-ehi\/#primaryimage\"},\"thumbnailUrl\":\"https:\/\/atsamed.com.mx\/wp-content\/uploads\/2021\/08\/TC-NEO-SK-D-1-1.jpg\",\"datePublished\":\"2021-08-02T22:50:07+00:00\",\"dateModified\":\"2022-10-21T19:02:02+00:00\",\"breadcrumb\":{\"@id\":\"https:\/\/atsamed.com.mx\/producto\/equipo-medico-para-hipotermia-terapeutica-de-neonatos-e-infantes-con-ehi\/#breadcrumb\"},\"inLanguage\":\"en-US\",\"potentialAction\":[{\"@type\":\"ReadAction\",\"target\":[\"https:\/\/atsamed.com.mx\/producto\/equipo-medico-para-hipotermia-terapeutica-de-neonatos-e-infantes-con-ehi\/\"]}]},{\"@type\":\"ImageObject\",\"inLanguage\":\"en-US\",\"@id\":\"https:\/\/atsamed.com.mx\/producto\/equipo-medico-para-hipotermia-terapeutica-de-neonatos-e-infantes-con-ehi\/#primaryimage\",\"url\":\"https:\/\/atsamed.com.mx\/wp-content\/uploads\/2021\/08\/TC-NEO-SK-D-1-1.jpg\",\"contentUrl\":\"https:\/\/atsamed.com.mx\/wp-content\/uploads\/2021\/08\/TC-NEO-SK-D-1-1.jpg\",\"width\":400,\"height\":350},{\"@type\":\"BreadcrumbList\",\"@id\":\"https:\/\/atsamed.com.mx\/producto\/equipo-medico-para-hipotermia-terapeutica-de-neonatos-e-infantes-con-ehi\/#breadcrumb\",\"itemListElement\":[{\"@type\":\"ListItem\",\"position\":1,\"name\":\"Inicio\",\"item\":\"https:\/\/atsamed.com.mx\/\"},{\"@type\":\"ListItem\",\"position\":2,\"name\":\"Productos\",\"item\":\"https:\/\/atsamed.com.mx\/tienda\/\"},{\"@type\":\"ListItem\",\"position\":3,\"name\":\"Equipo Servo controlado para hipotermia terap\u00e9utica corporal en neonatos e infantes con EHI. Tecotherm Neo.\"}]},{\"@type\":\"WebSite\",\"@id\":\"https:\/\/atsamed.com.mx\/#website\",\"url\":\"https:\/\/atsamed.com.mx\/\",\"name\":\"Atsamed\",\"description\":\"Abastecedor terap\u00e9utico\",\"publisher\":{\"@id\":\"https:\/\/atsamed.com.mx\/#organization\"},\"potentialAction\":[{\"@type\":\"SearchAction\",\"target\":{\"@type\":\"EntryPoint\",\"urlTemplate\":\"https:\/\/atsamed.com.mx\/?s={search_term_string}\"},\"query-input\":{\"@type\":\"PropertyValueSpecification\",\"valueRequired\":true,\"valueName\":\"search_term_string\"}}],\"inLanguage\":\"en-US\"},{\"@type\":\"Organization\",\"@id\":\"https:\/\/atsamed.com.mx\/#organization\",\"name\":\"atsamed\",\"url\":\"https:\/\/atsamed.com.mx\/\",\"logo\":{\"@type\":\"ImageObject\",\"inLanguage\":\"en-US\",\"@id\":\"https:\/\/atsamed.com.mx\/#\/schema\/logo\/image\/\",\"url\":\"https:\/\/atsamed.com.mx\/wp-content\/uploads\/2021\/07\/cropped-Logo-ATSA-Transparencia.png\",\"contentUrl\":\"https:\/\/atsamed.com.mx\/wp-content\/uploads\/2021\/07\/cropped-Logo-ATSA-Transparencia.png\",\"width\":641,\"height\":184,\"caption\":\"atsamed\"},\"image\":{\"@id\":\"https:\/\/atsamed.com.mx\/#\/schema\/logo\/image\/\"},\"sameAs\":[\"https:\/\/www.facebook.com\/atsamed.mx\",\"https:\/\/mx.linkedin.com\/company\/atsamed\"]}]}<\/script>\n<!-- \/ Yoast SEO plugin. -->","yoast_head_json":{"title":"Equipo Servo controlado para hipotermia terap\u00e9utica corporal en neonatos e infantes con EHI. Tecotherm Neo. - Atsamed","robots":{"index":"index","follow":"follow","max-snippet":"max-snippet:-1","max-image-preview":"max-image-preview:large","max-video-preview":"max-video-preview:-1"},"canonical":"https:\/\/atsamed.com.mx\/en\/product\/equipo-medico-para-hipotermia-terapeutica-de-neonatos-e-infantes-con-ehi\/","og_locale":"en_US","og_type":"article","og_title":"Equipo Servo controlado para hipotermia terap\u00e9utica corporal en neonatos e infantes con EHI. Tecotherm Neo. - Atsamed","og_description":"Equipo m\u00e9dico para hipotermia terap\u00e9utica de neonatos e infantes con EHI. El Tecotherm Neo mantiene la temperatura del paciente mediante una sonda rectal. El rango puede ser cambiado para permitir el recalentamiento o el enfriamiento del paciente. Equipo m\u00e9dico para hipotermia corporal en neonatos e infantes con EHI. El equipo cuenta con tres protocolos:   Tratamiento autom\u00e1tico para la EHI.  Protocolo para la temperatura rectal constante.  Protocolo para la temperatura del colch\u00f3n constante.","og_url":"https:\/\/atsamed.com.mx\/en\/product\/equipo-medico-para-hipotermia-terapeutica-de-neonatos-e-infantes-con-ehi\/","og_site_name":"Atsamed","article_publisher":"https:\/\/www.facebook.com\/atsamed.mx","article_modified_time":"2022-10-21T19:02:02+00:00","og_image":[{"width":400,"height":350,"url":"https:\/\/atsamed.com.mx\/wp-content\/uploads\/2021\/08\/TC-NEO-SK-D-1-1.jpg","type":"image\/jpeg"}],"twitter_card":"summary_large_image","schema":{"@context":"https:\/\/schema.org","@graph":[{"@type":"WebPage","@id":"https:\/\/atsamed.com.mx\/producto\/equipo-medico-para-hipotermia-terapeutica-de-neonatos-e-infantes-con-ehi\/","url":"https:\/\/atsamed.com.mx\/producto\/equipo-medico-para-hipotermia-terapeutica-de-neonatos-e-infantes-con-ehi\/","name":"Equipo Servo controlado para hipotermia terap\u00e9utica corporal en neonatos e infantes con EHI. Tecotherm Neo. - Atsamed","isPartOf":{"@id":"https:\/\/atsamed.com.mx\/#website"},"primaryImageOfPage":{"@id":"https:\/\/atsamed.com.mx\/producto\/equipo-medico-para-hipotermia-terapeutica-de-neonatos-e-infantes-con-ehi\/#primaryimage"},"image":{"@id":"https:\/\/atsamed.com.mx\/producto\/equipo-medico-para-hipotermia-terapeutica-de-neonatos-e-infantes-con-ehi\/#primaryimage"},"thumbnailUrl":"https:\/\/atsamed.com.mx\/wp-content\/uploads\/2021\/08\/TC-NEO-SK-D-1-1.jpg","datePublished":"2021-08-02T22:50:07+00:00","dateModified":"2022-10-21T19:02:02+00:00","breadcrumb":{"@id":"https:\/\/atsamed.com.mx\/producto\/equipo-medico-para-hipotermia-terapeutica-de-neonatos-e-infantes-con-ehi\/#breadcrumb"},"inLanguage":"en-US","potentialAction":[{"@type":"ReadAction","target":["https:\/\/atsamed.com.mx\/producto\/equipo-medico-para-hipotermia-terapeutica-de-neonatos-e-infantes-con-ehi\/"]}]},{"@type":"ImageObject","inLanguage":"en-US","@id":"https:\/\/atsamed.com.mx\/producto\/equipo-medico-para-hipotermia-terapeutica-de-neonatos-e-infantes-con-ehi\/#primaryimage","url":"https:\/\/atsamed.com.mx\/wp-content\/uploads\/2021\/08\/TC-NEO-SK-D-1-1.jpg","contentUrl":"https:\/\/atsamed.com.mx\/wp-content\/uploads\/2021\/08\/TC-NEO-SK-D-1-1.jpg","width":400,"height":350},{"@type":"BreadcrumbList","@id":"https:\/\/atsamed.com.mx\/producto\/equipo-medico-para-hipotermia-terapeutica-de-neonatos-e-infantes-con-ehi\/#breadcrumb","itemListElement":[{"@type":"ListItem","position":1,"name":"Inicio","item":"https:\/\/atsamed.com.mx\/"},{"@type":"ListItem","position":2,"name":"Productos","item":"https:\/\/atsamed.com.mx\/tienda\/"},{"@type":"ListItem","position":3,"name":"Equipo Servo controlado para hipotermia terap\u00e9utica corporal en neonatos e infantes con EHI. Tecotherm Neo."}]},{"@type":"WebSite","@id":"https:\/\/atsamed.com.mx\/#website","url":"https:\/\/atsamed.com.mx\/","name":"Atsamed","description":"Abastecedor terap\u00e9utico","publisher":{"@id":"https:\/\/atsamed.com.mx\/#organization"},"potentialAction":[{"@type":"SearchAction","target":{"@type":"EntryPoint","urlTemplate":"https:\/\/atsamed.com.mx\/?s={search_term_string}"},"query-input":{"@type":"PropertyValueSpecification","valueRequired":true,"valueName":"search_term_string"}}],"inLanguage":"en-US"},{"@type":"Organization","@id":"https:\/\/atsamed.com.mx\/#organization","name":"atsamed","url":"https:\/\/atsamed.com.mx\/","logo":{"@type":"ImageObject","inLanguage":"en-US","@id":"https:\/\/atsamed.com.mx\/#\/schema\/logo\/image\/","url":"https:\/\/atsamed.com.mx\/wp-content\/uploads\/2021\/07\/cropped-Logo-ATSA-Transparencia.png","contentUrl":"https:\/\/atsamed.com.mx\/wp-content\/uploads\/2021\/07\/cropped-Logo-ATSA-Transparencia.png","width":641,"height":184,"caption":"atsamed"},"image":{"@id":"https:\/\/atsamed.com.mx\/#\/schema\/logo\/image\/"},"sameAs":["https:\/\/www.facebook.com\/atsamed.mx","https:\/\/mx.linkedin.com\/company\/atsamed"]}]}},"_links":{"self":[{"href":"https:\/\/atsamed.com.mx\/en\/wp-json\/wp\/v2\/product\/335","targetHints":{"allow":["GET"]}}],"collection":[{"href":"https:\/\/atsamed.com.mx\/en\/wp-json\/wp\/v2\/product"}],"about":[{"href":"https:\/\/atsamed.com.mx\/en\/wp-json\/wp\/v2\/types\/product"}],"wp:featuredmedia":[{"embeddable":true,"href":"https:\/\/atsamed.com.mx\/en\/wp-json\/wp\/v2\/media\/3197"}],"wp:attachment":[{"href":"https:\/\/atsamed.com.mx\/en\/wp-json\/wp\/v2\/media?parent=335"}],"wp:term":[{"taxonomy":"product_brand","embeddable":true,"href":"https:\/\/atsamed.com.mx\/en\/wp-json\/wp\/v2\/product_brand?post=335"},{"taxonomy":"product_cat","embeddable":true,"href":"https:\/\/atsamed.com.mx\/en\/wp-json\/wp\/v2\/product_cat?post=335"},{"taxonomy":"product_tag","embeddable":true,"href":"https:\/\/atsamed.com.mx\/en\/wp-json\/wp\/v2\/product_tag?post=335"}],"curies":[{"name":"wp","href":"https:\/\/api.w.org\/{rel}","templated":true}]}}