{"id":5477,"date":"2022-10-09T23:27:43","date_gmt":"2022-10-10T04:27:43","guid":{"rendered":"https:\/\/atsamed.com.mx\/?page_id=5477"},"modified":"2023-11-29T10:20:42","modified_gmt":"2023-11-29T15:20:42","slug":"aviso-de-privacidad","status":"publish","type":"page","link":"https:\/\/atsamed.com.mx\/en\/aviso-de-privacidad\/","title":{"rendered":"Aviso de Privacidad"},"content":{"rendered":"<div data-elementor-type=\"wp-page\" data-elementor-id=\"5477\" class=\"elementor elementor-5477\" data-elementor-post-type=\"page\">\n\t\t\t\t\t\t<section class=\"elementor-section elementor-top-section elementor-element elementor-element-ec9607c elementor-section-boxed elementor-section-height-default elementor-section-height-default\" data-id=\"ec9607c\" data-element_type=\"section\">\n\t\t\t\t\t\t<div class=\"elementor-container elementor-column-gap-default\">\n\t\t\t\t\t<div class=\"elementor-column elementor-col-100 elementor-top-column elementor-element elementor-element-dde17ec\" data-id=\"dde17ec\" data-element_type=\"column\">\n\t\t\t<div class=\"elementor-widget-wrap elementor-element-populated\">\n\t\t\t\t\t\t<div class=\"elementor-element elementor-element-c745bdc elementor-widget elementor-widget-heading\" data-id=\"c745bdc\" data-element_type=\"widget\" data-widget_type=\"heading.default\">\n\t\t\t\t<div class=\"elementor-widget-container\">\n\t\t\t\t\t<h2 class=\"elementor-heading-title elementor-size-default\">Aviso de Privacidad<\/h2>\t\t\t\t<\/div>\n\t\t\t\t<\/div>\n\t\t\t\t<div class=\"elementor-element elementor-element-0031f95 elementor-widget elementor-widget-text-editor\" data-id=\"0031f95\" data-element_type=\"widget\" data-widget_type=\"text-editor.default\">\n\t\t\t\t<div class=\"elementor-widget-container\">\n\t\t\t\t\t\t\t\t\t<table style=\"font-weight: 400;\" width=\"95%\">\n<tbody>\n<tr>\n<td width=\"21%\">\n<p><strong>\u00bfPara qu\u00e9 fines utilizaremos sus datos personales?<\/strong><\/p>\n<\/td>\n<td width=\"78%\">\n<p style=\"margin-bottom: 19.2pt; line-height: normal;\"><span style=\"font-size:11.5pt;font-family:&quot;Times New Roman&quot;,serif;mso-fareast-font-family:&quot;Times New Roman&quot;;mso-font-kerning:0pt;mso-ligatures:none;mso-fareast-language:ES-MX\">De manera adicional, utilizaremos su\ninformaci\u00f3n personal para las siguientes finalidades secundarias que&nbsp;<b>no\nson necesarias<\/b>&nbsp;para el servicio solicitado, pero que nos permiten y\nfacilitan brindarle una mejor atenci\u00f3n:<o:p><\/o:p><\/span><\/p><p style=\"margin: 0cm 0cm 0cm 72pt; text-indent: -18pt; line-height: normal;\"><!--[if !supportLists]--><span style=\"font-size:10.0pt;mso-bidi-font-size:11.5pt;font-family:Symbol;mso-fareast-font-family:Symbol;mso-bidi-font-family:Symbol;mso-font-kerning:0pt;mso-ligatures:none;mso-fareast-language:ES-MX\">\u00b7<span style=\"font-variant-numeric: normal; font-variant-east-asian: normal; font-variant-alternates: normal; font-kerning: auto; font-optical-sizing: auto; font-feature-settings: normal; font-variation-settings: normal; font-variant-position: normal; font-stretch: normal; font-size: 7pt; line-height: normal; font-family: &quot;Times New Roman&quot;;\">&nbsp;&nbsp;&nbsp;&nbsp;&nbsp;&nbsp;&nbsp;&nbsp;\n<\/span><\/span><!--[endif]--><span style=\"font-size:11.5pt;font-family:&quot;Times New Roman&quot;,serif;mso-fareast-font-family:&quot;Times New Roman&quot;;mso-font-kerning:0pt;mso-ligatures:none;mso-fareast-language:ES-MX\">Verificar y confirmar su identidad<o:p><\/o:p><\/span><\/p><p style=\"margin: 0cm 0cm 0cm 72pt; text-indent: -18pt; line-height: normal;\"><!--[if !supportLists]--><span style=\"font-size:10.0pt;mso-bidi-font-size:11.5pt;font-family:Symbol;mso-fareast-font-family:Symbol;mso-bidi-font-family:Symbol;mso-font-kerning:0pt;mso-ligatures:none;mso-fareast-language:ES-MX\">\u00b7<span style=\"font-variant-numeric: normal; font-variant-east-asian: normal; font-variant-alternates: normal; font-kerning: auto; font-optical-sizing: auto; font-feature-settings: normal; font-variation-settings: normal; font-variant-position: normal; font-stretch: normal; font-size: 7pt; line-height: normal; font-family: &quot;Times New Roman&quot;;\">&nbsp;&nbsp;&nbsp;&nbsp;&nbsp;&nbsp;&nbsp;&nbsp;\n<\/span><\/span><!--[endif]--><span style=\"font-size:11.5pt;font-family:&quot;Times New Roman&quot;,serif;mso-fareast-font-family:&quot;Times New Roman&quot;;mso-font-kerning:0pt;mso-ligatures:none;mso-fareast-language:ES-MX\">Env\u00edo de publicidad y promociones<o:p><\/o:p><\/span><\/p><p style=\"margin: 0cm 0cm 0cm 72pt; text-indent: -18pt; line-height: normal;\"><span style=\"font-size:11.5pt;font-family:&quot;Times New Roman&quot;,serif;mso-fareast-font-family:&quot;Times New Roman&quot;;mso-font-kerning:0pt;mso-ligatures:none;mso-fareast-language:ES-MX\"><br><\/span><\/p><p style=\"margin-bottom: 19.2pt; line-height: normal;\"><span style=\"font-size:11.5pt;font-family:&quot;Times New Roman&quot;,serif;mso-fareast-font-family:&quot;Times New Roman&quot;;mso-font-kerning:0pt;mso-ligatures:none;mso-fareast-language:ES-MX\">[&nbsp;&nbsp;]&nbsp;Acepto recibir el servicio\nde publicidad, promociones y descuentos.<o:p><\/o:p><\/span><\/p><p style=\"margin-bottom: 19.2pt; line-height: normal;\"><span style=\"font-size:11.5pt;font-family:&quot;Times New Roman&quot;,serif;mso-fareast-font-family:&quot;Times New Roman&quot;;mso-font-kerning:0pt;mso-ligatures:none;mso-fareast-language:ES-MX\">En caso de que no desee que sus datos\npersonales se utilicen para estos fines secundarios, ind\u00edquelo a continuaci\u00f3n:<o:p><\/o:p><\/span><\/p><p>\n\n\n\n\n\n\n\n\n\n<span style=\"font-size:11.5pt;line-height:107%;font-family:&quot;Times New Roman&quot;,serif;mso-fareast-font-family:&quot;Times New Roman&quot;;mso-font-kerning:0pt;mso-ligatures:none;mso-ansi-language:ES-MX;mso-fareast-language:ES-MX;mso-bidi-language:AR-SA\">[&nbsp;&nbsp;]&nbsp;No\nconsiento que mis datos personales se utilicen para el env\u00edo de publicidad,\npromociones y descuentos.<\/span><br><\/p><div>\n<\/div>\n<\/td>\n<\/tr>\n<tr>\n<td width=\"21%\">\n<p><strong>\u00bfD\u00f3nde puedo consultar el aviso de privacidad integral?<\/strong><\/p>\n<\/td>\n<td width=\"78%\">\n<p>Para conocer mayor informaci\u00f3n sobre los t\u00e9rminos y condiciones en que ser\u00e1n tratados sus datos personales, como los terceros con quienes compartimos su informaci\u00f3n personal y la forma en que podr\u00e1 ejercer sus derechos ARCO, puede consultar el aviso de privacidad integral en:<\/p>\n<p><a href=\"https:\/\/atsamed.com.mx\/en\/\">www.atsamed.com.mx<\/a>&nbsp;y&nbsp;<a href=\"https:\/\/atsamed.com.mx\/en\/politica-de-privacidad\/\">www.atsamed.com.mx\/politica-de-privacidad\/&nbsp;<\/a><\/p>\n<\/td>\n<\/tr>\n<\/tbody>\n<\/table>\t\t\t\t\t\t\t\t<\/div>\n\t\t\t\t<\/div>\n\t\t\t\t\t<\/div>\n\t\t<\/div>\n\t\t\t\t\t<\/div>\n\t\t<\/section>\n\t\t\t\t<\/div>","protected":false},"excerpt":{"rendered":"<p>Aviso de Privacidad \u00bfPara qu\u00e9 fines utilizaremos sus datos personales? De manera adicional, utilizaremos su informaci\u00f3n personal para las siguientes finalidades secundarias que&nbsp;no son necesarias&nbsp;para el servicio solicitado, pero que nos permiten y facilitan brindarle una mejor atenci\u00f3n: \u00b7&nbsp;&nbsp;&nbsp;&nbsp;&nbsp;&nbsp;&nbsp;&nbsp; Verificar y confirmar su identidad \u00b7&nbsp;&nbsp;&nbsp;&nbsp;&nbsp;&nbsp;&nbsp;&nbsp; Env\u00edo de publicidad y promociones [&nbsp;&nbsp;]&nbsp;Acepto recibir el servicio de [&hellip;]<\/p>","protected":false},"author":1,"featured_media":0,"parent":0,"menu_order":0,"comment_status":"closed","ping_status":"closed","template":"","meta":{"site-sidebar-layout":"no-sidebar","site-content-layout":"page-builder","ast-site-content-layout":"default","site-content-style":"default","site-sidebar-style":"default","ast-global-header-display":"","ast-banner-title-visibility":"","ast-main-header-display":"","ast-hfb-above-header-display":"","ast-hfb-below-header-display":"","ast-hfb-mobile-header-display":"","site-post-title":"disabled","ast-breadcrumbs-content":"","ast-featured-img":"disabled","footer-sml-layout":"","theme-transparent-header-meta":"","adv-header-id-meta":"","stick-header-meta":"","header-above-stick-meta":"","header-main-stick-meta":"","header-below-stick-meta":"","astra-migrate-meta-layouts":"default","ast-page-background-enabled":"default","ast-page-background-meta":{"desktop":{"background-color":"var(--ast-global-color-4)","background-image":"","background-repeat":"repeat","background-position":"center center","background-size":"auto","background-attachment":"scroll","background-type":"","background-media":"","overlay-type":"","overlay-color":"","overlay-opacity":"","overlay-gradient":""},"tablet":{"background-color":"","background-image":"","background-repeat":"repeat","background-position":"center center","background-size":"auto","background-attachment":"scroll","background-type":"","background-media":"","overlay-type":"","overlay-color":"","overlay-opacity":"","overlay-gradient":""},"mobile":{"background-color":"","background-image":"","background-repeat":"repeat","background-position":"center center","background-size":"auto","background-attachment":"scroll","background-type":"","background-media":"","overlay-type":"","overlay-color":"","overlay-opacity":"","overlay-gradient":""}},"ast-content-background-meta":{"desktop":{"background-color":"var(--ast-global-color-5)","background-image":"","background-repeat":"repeat","background-position":"center center","background-size":"auto","background-attachment":"scroll","background-type":"","background-media":"","overlay-type":"","overlay-color":"","overlay-opacity":"","overlay-gradient":""},"tablet":{"background-color":"var(--ast-global-color-5)","background-image":"","background-repeat":"repeat","background-position":"center center","background-size":"auto","background-attachment":"scroll","background-type":"","background-media":"","overlay-type":"","overlay-color":"","overlay-opacity":"","overlay-gradient":""},"mobile":{"background-color":"var(--ast-global-color-5)","background-image":"","background-repeat":"repeat","background-position":"center center","background-size":"auto","background-attachment":"scroll","background-type":"","background-media":"","overlay-type":"","overlay-color":"","overlay-opacity":"","overlay-gradient":""}},"_joinchat":[],"footnotes":""},"class_list":["post-5477","page","type-page","status-publish","hentry"],"yoast_head":"<!-- This site is optimized with the Yoast SEO plugin v26.1.1 - https:\/\/yoast.com\/wordpress\/plugins\/seo\/ -->\n<title>Aviso de Privacidad - Atsamed<\/title>\n<meta name=\"robots\" content=\"index, follow, max-snippet:-1, max-image-preview:large, max-video-preview:-1\" \/>\n<link rel=\"canonical\" href=\"https:\/\/atsamed.com.mx\/en\/aviso-de-privacidad\/\" \/>\n<meta property=\"og:locale\" content=\"en_US\" \/>\n<meta property=\"og:type\" content=\"article\" \/>\n<meta property=\"og:title\" content=\"Aviso de Privacidad - Atsamed\" \/>\n<meta property=\"og:description\" content=\"Aviso de Privacidad \u00bfPara qu\u00e9 fines utilizaremos sus datos personales? De manera adicional, utilizaremos su informaci\u00f3n personal para las siguientes finalidades secundarias que&nbsp;no son necesarias&nbsp;para el servicio solicitado, pero que nos permiten y facilitan brindarle una mejor atenci\u00f3n: \u00b7&nbsp;&nbsp;&nbsp;&nbsp;&nbsp;&nbsp;&nbsp;&nbsp; Verificar y confirmar su identidad \u00b7&nbsp;&nbsp;&nbsp;&nbsp;&nbsp;&nbsp;&nbsp;&nbsp; Env\u00edo de publicidad y promociones [&nbsp;&nbsp;]&nbsp;Acepto recibir el servicio de [&hellip;]\" \/>\n<meta property=\"og:url\" content=\"https:\/\/atsamed.com.mx\/en\/aviso-de-privacidad\/\" \/>\n<meta property=\"og:site_name\" content=\"Atsamed\" \/>\n<meta property=\"article:publisher\" content=\"https:\/\/www.facebook.com\/atsamed.mx\" \/>\n<meta property=\"article:modified_time\" content=\"2023-11-29T15:20:42+00:00\" \/>\n<meta name=\"twitter:card\" content=\"summary_large_image\" \/>\n<meta name=\"twitter:label1\" content=\"Est. reading time\" \/>\n\t<meta name=\"twitter:data1\" content=\"1 minute\" \/>\n<script type=\"application\/ld+json\" class=\"yoast-schema-graph\">{\"@context\":\"https:\/\/schema.org\",\"@graph\":[{\"@type\":\"WebPage\",\"@id\":\"https:\/\/atsamed.com.mx\/aviso-de-privacidad\/\",\"url\":\"https:\/\/atsamed.com.mx\/aviso-de-privacidad\/\",\"name\":\"Aviso de Privacidad - Atsamed\",\"isPartOf\":{\"@id\":\"https:\/\/atsamed.com.mx\/#website\"},\"datePublished\":\"2022-10-10T04:27:43+00:00\",\"dateModified\":\"2023-11-29T15:20:42+00:00\",\"breadcrumb\":{\"@id\":\"https:\/\/atsamed.com.mx\/aviso-de-privacidad\/#breadcrumb\"},\"inLanguage\":\"en-US\",\"potentialAction\":[{\"@type\":\"ReadAction\",\"target\":[\"https:\/\/atsamed.com.mx\/aviso-de-privacidad\/\"]}]},{\"@type\":\"BreadcrumbList\",\"@id\":\"https:\/\/atsamed.com.mx\/aviso-de-privacidad\/#breadcrumb\",\"itemListElement\":[{\"@type\":\"ListItem\",\"position\":1,\"name\":\"Inicio\",\"item\":\"https:\/\/atsamed.com.mx\/\"},{\"@type\":\"ListItem\",\"position\":2,\"name\":\"Aviso de Privacidad\"}]},{\"@type\":\"WebSite\",\"@id\":\"https:\/\/atsamed.com.mx\/#website\",\"url\":\"https:\/\/atsamed.com.mx\/\",\"name\":\"Atsamed\",\"description\":\"Abastecedor terap\u00e9utico\",\"publisher\":{\"@id\":\"https:\/\/atsamed.com.mx\/#organization\"},\"potentialAction\":[{\"@type\":\"SearchAction\",\"target\":{\"@type\":\"EntryPoint\",\"urlTemplate\":\"https:\/\/atsamed.com.mx\/?s={search_term_string}\"},\"query-input\":{\"@type\":\"PropertyValueSpecification\",\"valueRequired\":true,\"valueName\":\"search_term_string\"}}],\"inLanguage\":\"en-US\"},{\"@type\":\"Organization\",\"@id\":\"https:\/\/atsamed.com.mx\/#organization\",\"name\":\"atsamed\",\"url\":\"https:\/\/atsamed.com.mx\/\",\"logo\":{\"@type\":\"ImageObject\",\"inLanguage\":\"en-US\",\"@id\":\"https:\/\/atsamed.com.mx\/#\/schema\/logo\/image\/\",\"url\":\"https:\/\/atsamed.com.mx\/wp-content\/uploads\/2021\/07\/cropped-Logo-ATSA-Transparencia.png\",\"contentUrl\":\"https:\/\/atsamed.com.mx\/wp-content\/uploads\/2021\/07\/cropped-Logo-ATSA-Transparencia.png\",\"width\":641,\"height\":184,\"caption\":\"atsamed\"},\"image\":{\"@id\":\"https:\/\/atsamed.com.mx\/#\/schema\/logo\/image\/\"},\"sameAs\":[\"https:\/\/www.facebook.com\/atsamed.mx\",\"https:\/\/mx.linkedin.com\/company\/atsamed\"]}]}<\/script>\n<!-- \/ Yoast SEO plugin. -->","yoast_head_json":{"title":"Aviso de Privacidad - Atsamed","robots":{"index":"index","follow":"follow","max-snippet":"max-snippet:-1","max-image-preview":"max-image-preview:large","max-video-preview":"max-video-preview:-1"},"canonical":"https:\/\/atsamed.com.mx\/en\/aviso-de-privacidad\/","og_locale":"en_US","og_type":"article","og_title":"Aviso de Privacidad - Atsamed","og_description":"Aviso de Privacidad \u00bfPara qu\u00e9 fines utilizaremos sus datos personales? De manera adicional, utilizaremos su informaci\u00f3n personal para las siguientes finalidades secundarias que&nbsp;no son necesarias&nbsp;para el servicio solicitado, pero que nos permiten y facilitan brindarle una mejor atenci\u00f3n: \u00b7&nbsp;&nbsp;&nbsp;&nbsp;&nbsp;&nbsp;&nbsp;&nbsp; Verificar y confirmar su identidad \u00b7&nbsp;&nbsp;&nbsp;&nbsp;&nbsp;&nbsp;&nbsp;&nbsp; Env\u00edo de publicidad y promociones [&nbsp;&nbsp;]&nbsp;Acepto recibir el servicio de [&hellip;]","og_url":"https:\/\/atsamed.com.mx\/en\/aviso-de-privacidad\/","og_site_name":"Atsamed","article_publisher":"https:\/\/www.facebook.com\/atsamed.mx","article_modified_time":"2023-11-29T15:20:42+00:00","twitter_card":"summary_large_image","twitter_misc":{"Est. reading time":"1 minute"},"schema":{"@context":"https:\/\/schema.org","@graph":[{"@type":"WebPage","@id":"https:\/\/atsamed.com.mx\/aviso-de-privacidad\/","url":"https:\/\/atsamed.com.mx\/aviso-de-privacidad\/","name":"Aviso de Privacidad - Atsamed","isPartOf":{"@id":"https:\/\/atsamed.com.mx\/#website"},"datePublished":"2022-10-10T04:27:43+00:00","dateModified":"2023-11-29T15:20:42+00:00","breadcrumb":{"@id":"https:\/\/atsamed.com.mx\/aviso-de-privacidad\/#breadcrumb"},"inLanguage":"en-US","potentialAction":[{"@type":"ReadAction","target":["https:\/\/atsamed.com.mx\/aviso-de-privacidad\/"]}]},{"@type":"BreadcrumbList","@id":"https:\/\/atsamed.com.mx\/aviso-de-privacidad\/#breadcrumb","itemListElement":[{"@type":"ListItem","position":1,"name":"Inicio","item":"https:\/\/atsamed.com.mx\/"},{"@type":"ListItem","position":2,"name":"Aviso de Privacidad"}]},{"@type":"WebSite","@id":"https:\/\/atsamed.com.mx\/#website","url":"https:\/\/atsamed.com.mx\/","name":"Atsamed","description":"Abastecedor terap\u00e9utico","publisher":{"@id":"https:\/\/atsamed.com.mx\/#organization"},"potentialAction":[{"@type":"SearchAction","target":{"@type":"EntryPoint","urlTemplate":"https:\/\/atsamed.com.mx\/?s={search_term_string}"},"query-input":{"@type":"PropertyValueSpecification","valueRequired":true,"valueName":"search_term_string"}}],"inLanguage":"en-US"},{"@type":"Organization","@id":"https:\/\/atsamed.com.mx\/#organization","name":"atsamed","url":"https:\/\/atsamed.com.mx\/","logo":{"@type":"ImageObject","inLanguage":"en-US","@id":"https:\/\/atsamed.com.mx\/#\/schema\/logo\/image\/","url":"https:\/\/atsamed.com.mx\/wp-content\/uploads\/2021\/07\/cropped-Logo-ATSA-Transparencia.png","contentUrl":"https:\/\/atsamed.com.mx\/wp-content\/uploads\/2021\/07\/cropped-Logo-ATSA-Transparencia.png","width":641,"height":184,"caption":"atsamed"},"image":{"@id":"https:\/\/atsamed.com.mx\/#\/schema\/logo\/image\/"},"sameAs":["https:\/\/www.facebook.com\/atsamed.mx","https:\/\/mx.linkedin.com\/company\/atsamed"]}]}},"_links":{"self":[{"href":"https:\/\/atsamed.com.mx\/en\/wp-json\/wp\/v2\/pages\/5477","targetHints":{"allow":["GET"]}}],"collection":[{"href":"https:\/\/atsamed.com.mx\/en\/wp-json\/wp\/v2\/pages"}],"about":[{"href":"https:\/\/atsamed.com.mx\/en\/wp-json\/wp\/v2\/types\/page"}],"author":[{"embeddable":true,"href":"https:\/\/atsamed.com.mx\/en\/wp-json\/wp\/v2\/users\/1"}],"replies":[{"embeddable":true,"href":"https:\/\/atsamed.com.mx\/en\/wp-json\/wp\/v2\/comments?post=5477"}],"version-history":[{"count":22,"href":"https:\/\/atsamed.com.mx\/en\/wp-json\/wp\/v2\/pages\/5477\/revisions"}],"predecessor-version":[{"id":5736,"href":"https:\/\/atsamed.com.mx\/en\/wp-json\/wp\/v2\/pages\/5477\/revisions\/5736"}],"wp:attachment":[{"href":"https:\/\/atsamed.com.mx\/en\/wp-json\/wp\/v2\/media?parent=5477"}],"curies":[{"name":"wp","href":"https:\/\/api.w.org\/{rel}","templated":true}]}}