{"id":3263,"date":"2021-09-02T18:18:55","date_gmt":"2021-09-02T23:18:55","guid":{"rendered":"https:\/\/atsamed.com.mx\/?page_id=3263"},"modified":"2022-09-27T16:10:32","modified_gmt":"2022-09-27T21:10:32","slug":"monitor-de-funcion-cerebral","status":"publish","type":"page","link":"https:\/\/atsamed.com.mx\/en\/monitor-de-funcion-cerebral\/","title":{"rendered":"Brain function monitor"},"content":{"rendered":"<div data-elementor-type=\"wp-page\" data-elementor-id=\"3263\" class=\"elementor elementor-3263\" data-elementor-post-type=\"page\">\n\t\t\t\t\t\t<section class=\"elementor-section elementor-top-section elementor-element elementor-element-41bb13e9 elementor-section-boxed elementor-section-height-default elementor-section-height-default\" data-id=\"41bb13e9\" data-element_type=\"section\">\n\t\t\t\t\t\t<div class=\"elementor-container elementor-column-gap-wider\">\n\t\t\t\t\t<div class=\"elementor-column elementor-col-50 elementor-top-column elementor-element elementor-element-43f42d1e\" data-id=\"43f42d1e\" data-element_type=\"column\">\n\t\t\t<div class=\"elementor-widget-wrap elementor-element-populated\">\n\t\t\t\t\t\t<div class=\"elementor-element elementor-element-21ca871 elementor-widget elementor-widget-image\" data-id=\"21ca871\" data-element_type=\"widget\" data-widget_type=\"image.default\">\n\t\t\t\t<div class=\"elementor-widget-container\">\n\t\t\t\t\t\t\t\t\t\t\t\t\t\t\t<img fetchpriority=\"high\" decoding=\"async\" width=\"1000\" height=\"1000\" src=\"https:\/\/atsamed.com.mx\/wp-content\/uploads\/2021\/09\/7.jpg\" class=\"attachment-large size-large wp-image-3701\" alt=\"\" srcset=\"https:\/\/atsamed.com.mx\/wp-content\/uploads\/2021\/09\/7.jpg 1000w, https:\/\/atsamed.com.mx\/wp-content\/uploads\/2021\/09\/7-300x300.jpg 300w, https:\/\/atsamed.com.mx\/wp-content\/uploads\/2021\/09\/7-150x150.jpg 150w, https:\/\/atsamed.com.mx\/wp-content\/uploads\/2021\/09\/7-768x768.jpg 768w, https:\/\/atsamed.com.mx\/wp-content\/uploads\/2021\/09\/7-12x12.jpg 12w, https:\/\/atsamed.com.mx\/wp-content\/uploads\/2021\/09\/7-600x600.jpg 600w, https:\/\/atsamed.com.mx\/wp-content\/uploads\/2021\/09\/7-100x100.jpg 100w\" sizes=\"(max-width: 1000px) 100vw, 1000px\" \/>\t\t\t\t\t\t\t\t\t\t\t\t\t\t\t<\/div>\n\t\t\t\t<\/div>\n\t\t\t\t\t<\/div>\n\t\t<\/div>\n\t\t\t\t<div class=\"elementor-column elementor-col-50 elementor-top-column elementor-element elementor-element-3a82bdd6\" data-id=\"3a82bdd6\" data-element_type=\"column\" data-settings=\"{&quot;background_background&quot;:&quot;classic&quot;}\">\n\t\t\t<div class=\"elementor-widget-wrap elementor-element-populated\">\n\t\t\t\t\t\t<div class=\"elementor-element elementor-element-414ea614 elementor-widget elementor-widget-heading\" data-id=\"414ea614\" data-element_type=\"widget\" data-widget_type=\"heading.default\">\n\t\t\t\t<div class=\"elementor-widget-container\">\n\t\t\t\t\t<h2 class=\"elementor-heading-title elementor-size-default\">Rental Services<\/h2>\t\t\t\t<\/div>\n\t\t\t\t<\/div>\n\t\t\t\t<div class=\"elementor-element elementor-element-27db6fcb elementor-widget elementor-widget-heading\" data-id=\"27db6fcb\" data-element_type=\"widget\" data-widget_type=\"heading.default\">\n\t\t\t\t<div class=\"elementor-widget-container\">\n\t\t\t\t\t<h2 class=\"elementor-heading-title elementor-size-default\">Brain function monitor <\/h2>\t\t\t\t<\/div>\n\t\t\t\t<\/div>\n\t\t\t\t<div class=\"elementor-element elementor-element-6b3d3e0 elementor-widget elementor-widget-text-editor\" data-id=\"6b3d3e0\" data-element_type=\"widget\" data-widget_type=\"text-editor.default\">\n\t\t\t\t<div class=\"elementor-widget-container\">\n\t\t\t\t\t\t\t\t\t<p>It is the latest technology in brain function monitoring, it allows continuous monitoring in 3 simple steps:<\/p><p>1.- Connect the unit<\/p><p>2.- Place electrodes<\/p><p>3.- Start Registration<\/p><p>One of the main diagnostic tools in children<br \/>with HIE is the Amplitude Integrated Electroencephalogram or<br \/>aEEG. Its ease of application and interpretation at the crib<br \/>of the patient by the staff of the Neonatal Unit<br \/>has become essential monitoring in the units<br \/>Intensive Care.<\/p><p class=\"translation-block\">\u2022 Repeatability test confirms the fidelity of the <br> results. <br> \u2022 To use just press Measure in the main menu to take the sample. <br> \u2022 Position the clip on the baby's ear for measurement .<\/p>\t\t\t\t\t\t\t\t<\/div>\n\t\t\t\t<\/div>\n\t\t\t\t\t<\/div>\n\t\t<\/div>\n\t\t\t\t\t<\/div>\n\t\t<\/section>\n\t\t\t\t<section class=\"elementor-section elementor-top-section elementor-element elementor-element-c31e08d elementor-section-boxed elementor-section-height-default elementor-section-height-default\" data-id=\"c31e08d\" data-element_type=\"section\">\n\t\t\t\t\t\t<div class=\"elementor-container elementor-column-gap-default\">\n\t\t\t\t\t<div class=\"elementor-column elementor-col-100 elementor-top-column elementor-element elementor-element-757c308\" data-id=\"757c308\" data-element_type=\"column\">\n\t\t\t<div class=\"elementor-widget-wrap elementor-element-populated\">\n\t\t\t\t\t\t<div class=\"elementor-element elementor-element-fd22a30 elementor-widget elementor-widget-heading\" data-id=\"fd22a30\" data-element_type=\"widget\" data-widget_type=\"heading.default\">\n\t\t\t\t<div class=\"elementor-widget-container\">\n\t\t\t\t\t<h2 class=\"elementor-heading-title elementor-size-default\">NOW IDENTIFY THE CHANGES\nIN THE PATTERNS OF\nAEEG FUND IS MORE\nEASY!<\/h2>\t\t\t\t<\/div>\n\t\t\t\t<\/div>\n\t\t\t\t<section class=\"elementor-section elementor-inner-section elementor-element elementor-element-06bc916 elementor-section-boxed elementor-section-height-default elementor-section-height-default\" data-id=\"06bc916\" data-element_type=\"section\">\n\t\t\t\t\t\t<div class=\"elementor-container elementor-column-gap-default\">\n\t\t\t\t\t<div class=\"elementor-column elementor-col-50 elementor-inner-column elementor-element elementor-element-b8208b9\" data-id=\"b8208b9\" data-element_type=\"column\">\n\t\t\t<div class=\"elementor-widget-wrap elementor-element-populated\">\n\t\t\t\t\t\t<div class=\"elementor-element elementor-element-ecb4836 elementor-widget elementor-widget-text-editor\" data-id=\"ecb4836\" data-element_type=\"widget\" data-widget_type=\"text-editor.default\">\n\t\t\t\t<div class=\"elementor-widget-container\">\n\t\t\t\t\t\t\t\t\t<p>Best-in-class newborn aEEG monitor.<br \/>With unique software packages:<br \/><img decoding=\"async\" class=\"emoji\" role=\"img\" draggable=\"false\" src=\"https:\/\/s.w.org\/images\/core\/emoji\/13.1.0\/svg\/25aa.svg\" alt=\"\u25aa\" \/> - Classification of background patterns<br \/><img decoding=\"async\" class=\"emoji\" role=\"img\" draggable=\"false\" src=\"https:\/\/s.w.org\/images\/core\/emoji\/13.1.0\/svg\/25aa.svg\" alt=\"\u25aa\" \/> Neonatal Crisis Recognitions<\/p>\t\t\t\t\t\t\t\t<\/div>\n\t\t\t\t<\/div>\n\t\t\t\t<div class=\"elementor-element elementor-element-a2ac416 elementor-widget elementor-widget-text-editor\" data-id=\"a2ac416\" data-element_type=\"widget\" data-widget_type=\"text-editor.default\">\n\t\t\t\t<div class=\"elementor-widget-container\">\n\t\t\t\t\t\t\t\t\t<p><strong>\u00a0 \u00a0 \u00a0 Characteristics:<\/strong><\/p><ul><li>The severity of the HIE and monitor the progress of the HIE.<\/li><li>Neurological pathologies associated with: prematurity, cardiac pathologies and developmental disorders.<\/li><li>Neonatal stroke.<\/li><li>Subclinical seizures and assess the efficacy of anticonvulsant treatment.<\/li><li>The maturation of the brain.<\/li><li>The prognosis of subsequent disability in acute encephalopathy in an early and certain way.<\/li><\/ul>\t\t\t\t\t\t\t\t<\/div>\n\t\t\t\t<\/div>\n\t\t\t\t\t<\/div>\n\t\t<\/div>\n\t\t\t\t<div class=\"elementor-column elementor-col-50 elementor-inner-column elementor-element elementor-element-c18b50f\" data-id=\"c18b50f\" data-element_type=\"column\">\n\t\t\t<div class=\"elementor-widget-wrap elementor-element-populated\">\n\t\t\t\t\t\t<div class=\"elementor-element elementor-element-1c59b00 elementor-widget elementor-widget-image\" data-id=\"1c59b00\" data-element_type=\"widget\" data-widget_type=\"image.default\">\n\t\t\t\t<div class=\"elementor-widget-container\">\n\t\t\t\t\t\t\t\t\t\t\t\t\t\t\t<img decoding=\"async\" width=\"393\" height=\"418\" src=\"https:\/\/atsamed.com.mx\/wp-content\/uploads\/2021\/09\/image003-min.png\" class=\"attachment-full size-full wp-image-3864\" alt=\"\" srcset=\"https:\/\/atsamed.com.mx\/wp-content\/uploads\/2021\/09\/image003-min.png 393w, https:\/\/atsamed.com.mx\/wp-content\/uploads\/2021\/09\/image003-min-282x300.png 282w, https:\/\/atsamed.com.mx\/wp-content\/uploads\/2021\/09\/image003-min-11x12.png 11w\" sizes=\"(max-width: 393px) 100vw, 393px\" \/>\t\t\t\t\t\t\t\t\t\t\t\t\t\t\t<\/div>\n\t\t\t\t<\/div>\n\t\t\t\t\t<\/div>\n\t\t<\/div>\n\t\t\t\t\t<\/div>\n\t\t<\/section>\n\t\t\t\t\t<\/div>\n\t\t<\/div>\n\t\t\t\t\t<\/div>\n\t\t<\/section>\n\t\t\t\t<\/div>","protected":false},"excerpt":{"rendered":"<p>Servicios de Renta Monitor de funci\u00f3n cerebral Es la \u00faltima tecnolog\u00eda en monitoreo de funci\u00f3n cerebral, permite obtener un monitoreo continuo en 3 sencillos pasos: 1.- Conectar la unidad 2.- Colocar electrodos 3.- Iniciar Registro Una de las herramientas diagn\u00f3sticas principales en los ni\u00f1oscon EHI es el Electroencefalograma de Amplitud Integrada oaEEG. Su facilidad de [&hellip;]<\/p>","protected":false},"author":1,"featured_media":0,"parent":0,"menu_order":0,"comment_status":"closed","ping_status":"closed","template":"","meta":{"site-sidebar-layout":"no-sidebar","site-content-layout":"page-builder","ast-site-content-layout":"default","site-content-style":"default","site-sidebar-style":"default","ast-global-header-display":"","ast-banner-title-visibility":"","ast-main-header-display":"","ast-hfb-above-header-display":"","ast-hfb-below-header-display":"","ast-hfb-mobile-header-display":"","site-post-title":"disabled","ast-breadcrumbs-content":"","ast-featured-img":"disabled","footer-sml-layout":"","theme-transparent-header-meta":"default","adv-header-id-meta":"","stick-header-meta":"","header-above-stick-meta":"","header-main-stick-meta":"","header-below-stick-meta":"","astra-migrate-meta-layouts":"default","ast-page-background-enabled":"default","ast-page-background-meta":{"desktop":{"background-color":"var(--ast-global-color-4)","background-image":"","background-repeat":"repeat","background-position":"center center","background-size":"auto","background-attachment":"scroll","background-type":"","background-media":"","overlay-type":"","overlay-color":"","overlay-opacity":"","overlay-gradient":""},"tablet":{"background-color":"","background-image":"","background-repeat":"repeat","background-position":"center center","background-size":"auto","background-attachment":"scroll","background-type":"","background-media":"","overlay-type":"","overlay-color":"","overlay-opacity":"","overlay-gradient":""},"mobile":{"background-color":"","background-image":"","background-repeat":"repeat","background-position":"center center","background-size":"auto","background-attachment":"scroll","background-type":"","background-media":"","overlay-type":"","overlay-color":"","overlay-opacity":"","overlay-gradient":""}},"ast-content-background-meta":{"desktop":{"background-color":"var(--ast-global-color-5)","background-image":"","background-repeat":"repeat","background-position":"center center","background-size":"auto","background-attachment":"scroll","background-type":"","background-media":"","overlay-type":"","overlay-color":"","overlay-opacity":"","overlay-gradient":""},"tablet":{"background-color":"var(--ast-global-color-5)","background-image":"","background-repeat":"repeat","background-position":"center center","background-size":"auto","background-attachment":"scroll","background-type":"","background-media":"","overlay-type":"","overlay-color":"","overlay-opacity":"","overlay-gradient":""},"mobile":{"background-color":"var(--ast-global-color-5)","background-image":"","background-repeat":"repeat","background-position":"center center","background-size":"auto","background-attachment":"scroll","background-type":"","background-media":"","overlay-type":"","overlay-color":"","overlay-opacity":"","overlay-gradient":""}},"_joinchat":[],"footnotes":""},"class_list":["post-3263","page","type-page","status-publish","hentry"],"yoast_head":"<!-- This site is optimized with the Yoast SEO plugin v26.1.1 - https:\/\/yoast.com\/wordpress\/plugins\/seo\/ -->\n<title>Monitor de funci\u00f3n cerebral - Atsamed<\/title>\n<meta name=\"robots\" content=\"index, follow, max-snippet:-1, max-image-preview:large, max-video-preview:-1\" \/>\n<link rel=\"canonical\" href=\"https:\/\/atsamed.com.mx\/en\/monitor-de-funcion-cerebral\/\" \/>\n<meta property=\"og:locale\" content=\"en_US\" \/>\n<meta property=\"og:type\" content=\"article\" \/>\n<meta property=\"og:title\" content=\"Monitor de funci\u00f3n cerebral - Atsamed\" \/>\n<meta property=\"og:description\" content=\"Servicios de Renta Monitor de funci\u00f3n cerebral Es la \u00faltima tecnolog\u00eda en monitoreo de funci\u00f3n cerebral, permite obtener un monitoreo continuo en 3 sencillos pasos: 1.- Conectar la unidad 2.- Colocar electrodos 3.- Iniciar Registro Una de las herramientas diagn\u00f3sticas principales en los ni\u00f1oscon EHI es el Electroencefalograma de Amplitud Integrada oaEEG. Su facilidad de [&hellip;]\" \/>\n<meta property=\"og:url\" content=\"https:\/\/atsamed.com.mx\/en\/monitor-de-funcion-cerebral\/\" \/>\n<meta property=\"og:site_name\" content=\"Atsamed\" \/>\n<meta property=\"article:publisher\" content=\"https:\/\/www.facebook.com\/atsamed.mx\" \/>\n<meta property=\"article:modified_time\" content=\"2022-09-27T21:10:32+00:00\" \/>\n<meta property=\"og:image\" content=\"https:\/\/atsamed.com.mx\/wp-content\/uploads\/2021\/09\/7.jpg\" \/>\n<meta name=\"twitter:card\" content=\"summary_large_image\" \/>\n<meta name=\"twitter:label1\" content=\"Est. reading time\" \/>\n\t<meta name=\"twitter:data1\" content=\"2 minutes\" \/>\n<script type=\"application\/ld+json\" class=\"yoast-schema-graph\">{\"@context\":\"https:\/\/schema.org\",\"@graph\":[{\"@type\":\"WebPage\",\"@id\":\"https:\/\/atsamed.com.mx\/monitor-de-funcion-cerebral\/\",\"url\":\"https:\/\/atsamed.com.mx\/monitor-de-funcion-cerebral\/\",\"name\":\"Monitor de funci\u00f3n cerebral - Atsamed\",\"isPartOf\":{\"@id\":\"https:\/\/atsamed.com.mx\/#website\"},\"primaryImageOfPage\":{\"@id\":\"https:\/\/atsamed.com.mx\/monitor-de-funcion-cerebral\/#primaryimage\"},\"image\":{\"@id\":\"https:\/\/atsamed.com.mx\/monitor-de-funcion-cerebral\/#primaryimage\"},\"thumbnailUrl\":\"https:\/\/atsamed.com.mx\/wp-content\/uploads\/2021\/09\/7.jpg\",\"datePublished\":\"2021-09-02T23:18:55+00:00\",\"dateModified\":\"2022-09-27T21:10:32+00:00\",\"breadcrumb\":{\"@id\":\"https:\/\/atsamed.com.mx\/monitor-de-funcion-cerebral\/#breadcrumb\"},\"inLanguage\":\"en-US\",\"potentialAction\":[{\"@type\":\"ReadAction\",\"target\":[\"https:\/\/atsamed.com.mx\/monitor-de-funcion-cerebral\/\"]}]},{\"@type\":\"ImageObject\",\"inLanguage\":\"en-US\",\"@id\":\"https:\/\/atsamed.com.mx\/monitor-de-funcion-cerebral\/#primaryimage\",\"url\":\"https:\/\/atsamed.com.mx\/wp-content\/uploads\/2021\/09\/7.jpg\",\"contentUrl\":\"https:\/\/atsamed.com.mx\/wp-content\/uploads\/2021\/09\/7.jpg\"},{\"@type\":\"BreadcrumbList\",\"@id\":\"https:\/\/atsamed.com.mx\/monitor-de-funcion-cerebral\/#breadcrumb\",\"itemListElement\":[{\"@type\":\"ListItem\",\"position\":1,\"name\":\"Inicio\",\"item\":\"https:\/\/atsamed.com.mx\/\"},{\"@type\":\"ListItem\",\"position\":2,\"name\":\"Monitor de funci\u00f3n cerebral\"}]},{\"@type\":\"WebSite\",\"@id\":\"https:\/\/atsamed.com.mx\/#website\",\"url\":\"https:\/\/atsamed.com.mx\/\",\"name\":\"Atsamed\",\"description\":\"Abastecedor terap\u00e9utico\",\"publisher\":{\"@id\":\"https:\/\/atsamed.com.mx\/#organization\"},\"potentialAction\":[{\"@type\":\"SearchAction\",\"target\":{\"@type\":\"EntryPoint\",\"urlTemplate\":\"https:\/\/atsamed.com.mx\/?s={search_term_string}\"},\"query-input\":{\"@type\":\"PropertyValueSpecification\",\"valueRequired\":true,\"valueName\":\"search_term_string\"}}],\"inLanguage\":\"en-US\"},{\"@type\":\"Organization\",\"@id\":\"https:\/\/atsamed.com.mx\/#organization\",\"name\":\"atsamed\",\"url\":\"https:\/\/atsamed.com.mx\/\",\"logo\":{\"@type\":\"ImageObject\",\"inLanguage\":\"en-US\",\"@id\":\"https:\/\/atsamed.com.mx\/#\/schema\/logo\/image\/\",\"url\":\"https:\/\/atsamed.com.mx\/wp-content\/uploads\/2021\/07\/cropped-Logo-ATSA-Transparencia.png\",\"contentUrl\":\"https:\/\/atsamed.com.mx\/wp-content\/uploads\/2021\/07\/cropped-Logo-ATSA-Transparencia.png\",\"width\":641,\"height\":184,\"caption\":\"atsamed\"},\"image\":{\"@id\":\"https:\/\/atsamed.com.mx\/#\/schema\/logo\/image\/\"},\"sameAs\":[\"https:\/\/www.facebook.com\/atsamed.mx\",\"https:\/\/mx.linkedin.com\/company\/atsamed\"]}]}<\/script>\n<!-- \/ Yoast SEO plugin. -->","yoast_head_json":{"title":"Monitor de funci\u00f3n cerebral - Atsamed","robots":{"index":"index","follow":"follow","max-snippet":"max-snippet:-1","max-image-preview":"max-image-preview:large","max-video-preview":"max-video-preview:-1"},"canonical":"https:\/\/atsamed.com.mx\/en\/monitor-de-funcion-cerebral\/","og_locale":"en_US","og_type":"article","og_title":"Monitor de funci\u00f3n cerebral - Atsamed","og_description":"Servicios de Renta Monitor de funci\u00f3n cerebral Es la \u00faltima tecnolog\u00eda en monitoreo de funci\u00f3n cerebral, permite obtener un monitoreo continuo en 3 sencillos pasos: 1.- Conectar la unidad 2.- Colocar electrodos 3.- Iniciar Registro Una de las herramientas diagn\u00f3sticas principales en los ni\u00f1oscon EHI es el Electroencefalograma de Amplitud Integrada oaEEG. Su facilidad de [&hellip;]","og_url":"https:\/\/atsamed.com.mx\/en\/monitor-de-funcion-cerebral\/","og_site_name":"Atsamed","article_publisher":"https:\/\/www.facebook.com\/atsamed.mx","article_modified_time":"2022-09-27T21:10:32+00:00","og_image":[{"url":"https:\/\/atsamed.com.mx\/wp-content\/uploads\/2021\/09\/7.jpg","type":"","width":"","height":""}],"twitter_card":"summary_large_image","twitter_misc":{"Est. reading time":"2 minutes"},"schema":{"@context":"https:\/\/schema.org","@graph":[{"@type":"WebPage","@id":"https:\/\/atsamed.com.mx\/monitor-de-funcion-cerebral\/","url":"https:\/\/atsamed.com.mx\/monitor-de-funcion-cerebral\/","name":"Monitor de funci\u00f3n cerebral - Atsamed","isPartOf":{"@id":"https:\/\/atsamed.com.mx\/#website"},"primaryImageOfPage":{"@id":"https:\/\/atsamed.com.mx\/monitor-de-funcion-cerebral\/#primaryimage"},"image":{"@id":"https:\/\/atsamed.com.mx\/monitor-de-funcion-cerebral\/#primaryimage"},"thumbnailUrl":"https:\/\/atsamed.com.mx\/wp-content\/uploads\/2021\/09\/7.jpg","datePublished":"2021-09-02T23:18:55+00:00","dateModified":"2022-09-27T21:10:32+00:00","breadcrumb":{"@id":"https:\/\/atsamed.com.mx\/monitor-de-funcion-cerebral\/#breadcrumb"},"inLanguage":"en-US","potentialAction":[{"@type":"ReadAction","target":["https:\/\/atsamed.com.mx\/monitor-de-funcion-cerebral\/"]}]},{"@type":"ImageObject","inLanguage":"en-US","@id":"https:\/\/atsamed.com.mx\/monitor-de-funcion-cerebral\/#primaryimage","url":"https:\/\/atsamed.com.mx\/wp-content\/uploads\/2021\/09\/7.jpg","contentUrl":"https:\/\/atsamed.com.mx\/wp-content\/uploads\/2021\/09\/7.jpg"},{"@type":"BreadcrumbList","@id":"https:\/\/atsamed.com.mx\/monitor-de-funcion-cerebral\/#breadcrumb","itemListElement":[{"@type":"ListItem","position":1,"name":"Inicio","item":"https:\/\/atsamed.com.mx\/"},{"@type":"ListItem","position":2,"name":"Monitor de funci\u00f3n cerebral"}]},{"@type":"WebSite","@id":"https:\/\/atsamed.com.mx\/#website","url":"https:\/\/atsamed.com.mx\/","name":"Atsamed","description":"Abastecedor terap\u00e9utico","publisher":{"@id":"https:\/\/atsamed.com.mx\/#organization"},"potentialAction":[{"@type":"SearchAction","target":{"@type":"EntryPoint","urlTemplate":"https:\/\/atsamed.com.mx\/?s={search_term_string}"},"query-input":{"@type":"PropertyValueSpecification","valueRequired":true,"valueName":"search_term_string"}}],"inLanguage":"en-US"},{"@type":"Organization","@id":"https:\/\/atsamed.com.mx\/#organization","name":"atsamed","url":"https:\/\/atsamed.com.mx\/","logo":{"@type":"ImageObject","inLanguage":"en-US","@id":"https:\/\/atsamed.com.mx\/#\/schema\/logo\/image\/","url":"https:\/\/atsamed.com.mx\/wp-content\/uploads\/2021\/07\/cropped-Logo-ATSA-Transparencia.png","contentUrl":"https:\/\/atsamed.com.mx\/wp-content\/uploads\/2021\/07\/cropped-Logo-ATSA-Transparencia.png","width":641,"height":184,"caption":"atsamed"},"image":{"@id":"https:\/\/atsamed.com.mx\/#\/schema\/logo\/image\/"},"sameAs":["https:\/\/www.facebook.com\/atsamed.mx","https:\/\/mx.linkedin.com\/company\/atsamed"]}]}},"_links":{"self":[{"href":"https:\/\/atsamed.com.mx\/en\/wp-json\/wp\/v2\/pages\/3263","targetHints":{"allow":["GET"]}}],"collection":[{"href":"https:\/\/atsamed.com.mx\/en\/wp-json\/wp\/v2\/pages"}],"about":[{"href":"https:\/\/atsamed.com.mx\/en\/wp-json\/wp\/v2\/types\/page"}],"author":[{"embeddable":true,"href":"https:\/\/atsamed.com.mx\/en\/wp-json\/wp\/v2\/users\/1"}],"replies":[{"embeddable":true,"href":"https:\/\/atsamed.com.mx\/en\/wp-json\/wp\/v2\/comments?post=3263"}],"version-history":[{"count":35,"href":"https:\/\/atsamed.com.mx\/en\/wp-json\/wp\/v2\/pages\/3263\/revisions"}],"predecessor-version":[{"id":5359,"href":"https:\/\/atsamed.com.mx\/en\/wp-json\/wp\/v2\/pages\/3263\/revisions\/5359"}],"wp:attachment":[{"href":"https:\/\/atsamed.com.mx\/en\/wp-json\/wp\/v2\/media?parent=3263"}],"curies":[{"name":"wp","href":"https:\/\/api.w.org\/{rel}","templated":true}]}}