{"id":3259,"date":"2021-09-02T18:18:03","date_gmt":"2021-09-02T23:18:03","guid":{"rendered":"https:\/\/atsamed.com.mx\/?page_id=3259"},"modified":"2022-09-27T16:14:23","modified_gmt":"2022-09-27T21:14:23","slug":"bomba-arcomed","status":"publish","type":"page","link":"https:\/\/atsamed.com.mx\/en\/bomba-arcomed\/","title":{"rendered":"Arcomed MVP 7000 Volumetric Pump"},"content":{"rendered":"<div data-elementor-type=\"wp-page\" data-elementor-id=\"3259\" class=\"elementor elementor-3259\" data-elementor-post-type=\"page\">\n\t\t\t\t\t\t<section class=\"elementor-section elementor-top-section elementor-element elementor-element-53a035f6 elementor-section-boxed elementor-section-height-default elementor-section-height-default\" data-id=\"53a035f6\" data-element_type=\"section\">\n\t\t\t\t\t\t<div class=\"elementor-container elementor-column-gap-wider\">\n\t\t\t\t\t<div class=\"elementor-column elementor-col-50 elementor-top-column elementor-element elementor-element-202895c9\" data-id=\"202895c9\" data-element_type=\"column\">\n\t\t\t<div class=\"elementor-widget-wrap elementor-element-populated\">\n\t\t\t\t\t\t<div class=\"elementor-element elementor-element-330896a elementor-widget elementor-widget-image\" data-id=\"330896a\" data-element_type=\"widget\" data-widget_type=\"image.default\">\n\t\t\t\t<div class=\"elementor-widget-container\">\n\t\t\t\t\t\t\t\t\t\t\t\t\t\t\t<img fetchpriority=\"high\" decoding=\"async\" width=\"1000\" height=\"1000\" src=\"https:\/\/atsamed.com.mx\/wp-content\/uploads\/2021\/09\/5.jpg\" class=\"attachment-large size-large wp-image-3691\" alt=\"\" srcset=\"https:\/\/atsamed.com.mx\/wp-content\/uploads\/2021\/09\/5.jpg 1000w, https:\/\/atsamed.com.mx\/wp-content\/uploads\/2021\/09\/5-300x300.jpg 300w, https:\/\/atsamed.com.mx\/wp-content\/uploads\/2021\/09\/5-150x150.jpg 150w, https:\/\/atsamed.com.mx\/wp-content\/uploads\/2021\/09\/5-768x768.jpg 768w, https:\/\/atsamed.com.mx\/wp-content\/uploads\/2021\/09\/5-12x12.jpg 12w, https:\/\/atsamed.com.mx\/wp-content\/uploads\/2021\/09\/5-600x600.jpg 600w, https:\/\/atsamed.com.mx\/wp-content\/uploads\/2021\/09\/5-100x100.jpg 100w\" sizes=\"(max-width: 1000px) 100vw, 1000px\" \/>\t\t\t\t\t\t\t\t\t\t\t\t\t\t\t<\/div>\n\t\t\t\t<\/div>\n\t\t\t\t\t<\/div>\n\t\t<\/div>\n\t\t\t\t<div class=\"elementor-column elementor-col-50 elementor-top-column elementor-element elementor-element-6d155f25\" data-id=\"6d155f25\" data-element_type=\"column\" data-settings=\"{&quot;background_background&quot;:&quot;classic&quot;}\">\n\t\t\t<div class=\"elementor-widget-wrap elementor-element-populated\">\n\t\t\t\t\t\t<div class=\"elementor-element elementor-element-256c3b1a elementor-widget elementor-widget-heading\" data-id=\"256c3b1a\" data-element_type=\"widget\" data-widget_type=\"heading.default\">\n\t\t\t\t<div class=\"elementor-widget-container\">\n\t\t\t\t\t<h2 class=\"elementor-heading-title elementor-size-default\">Rental Services<\/h2>\t\t\t\t<\/div>\n\t\t\t\t<\/div>\n\t\t\t\t<div class=\"elementor-element elementor-element-109e3307 elementor-widget elementor-widget-heading\" data-id=\"109e3307\" data-element_type=\"widget\" data-widget_type=\"heading.default\">\n\t\t\t\t<div class=\"elementor-widget-container\">\n\t\t\t\t\t<h2 class=\"elementor-heading-title elementor-size-default\">Arcomed MVP 7000 Volumetric Pump<\/h2>\t\t\t\t<\/div>\n\t\t\t\t<\/div>\n\t\t\t\t<div class=\"elementor-element elementor-element-3609c5c8 elementor-widget elementor-widget-text-editor\" data-id=\"3609c5c8\" data-element_type=\"widget\" data-widget_type=\"text-editor.default\">\n\t\t\t\t<div class=\"elementor-widget-container\">\n\t\t\t\t\t\t\t\t\t<p>Bomba de infusi\u00f3n volum\u00e9trica, de manejo simple y seguro que realiza el c\u00e1lculo autom\u00e1tico para la administraci\u00f3n de medicamentos. Bomba todo en uno opcional para tci\/ pcea\/ pcs\/ bolo tocol\u00edtico.<\/p><p>\u00danica con sistema de reducci\u00f3n de errores en la administraci\u00f3n de medicamentos.<\/p><ul><li>El flujo de o.1ml\/h \u2013 999ml\/h con set de infusi\u00f3n de pvc 0,1 ml\/h \u2013 1200 ml\/h con set de infusi\u00f3n de Silicona, as\u00ed como tal el volumen se ajusta de manera precisa y reproducible.<\/li><li>The pump can be used both on the side of the bed and transported by its additional battery lasting up to 6 hours.<\/li><li>El uso de este equipo m\u00e9dico es en todas las \u00e1reas de un hospital como ucin, uti, uci, ginec, obst, etc.<\/li><\/ul>\t\t\t\t\t\t\t\t<\/div>\n\t\t\t\t<\/div>\n\t\t\t\t\t<\/div>\n\t\t<\/div>\n\t\t\t\t\t<\/div>\n\t\t<\/section>\n\t\t\t\t<section class=\"elementor-section elementor-top-section elementor-element elementor-element-e688d3b elementor-section-boxed elementor-section-height-default elementor-section-height-default\" data-id=\"e688d3b\" data-element_type=\"section\">\n\t\t\t\t\t\t<div class=\"elementor-container elementor-column-gap-default\">\n\t\t\t\t\t<div class=\"elementor-column elementor-col-100 elementor-top-column elementor-element elementor-element-ab951ee\" data-id=\"ab951ee\" data-element_type=\"column\">\n\t\t\t<div class=\"elementor-widget-wrap elementor-element-populated\">\n\t\t\t\t\t\t<div class=\"elementor-element elementor-element-75ce3fd elementor-widget elementor-widget-heading\" data-id=\"75ce3fd\" data-element_type=\"widget\" data-widget_type=\"heading.default\">\n\t\t\t\t<div class=\"elementor-widget-container\">\n\t\t\t\t\t<h3 class=\"elementor-heading-title elementor-size-default\">Features: Volumed \u00ae\u00b5VP7000<\/h3>\t\t\t\t<\/div>\n\t\t\t\t<\/div>\n\t\t\t\t<div class=\"elementor-element elementor-element-cc21563 elementor-widget elementor-widget-text-editor\" data-id=\"cc21563\" data-element_type=\"widget\" data-widget_type=\"text-editor.default\">\n\t\t\t\t<div class=\"elementor-widget-container\">\n\t\t\t\t\t\t\t\t\t<p class=\"translation-block\">\u2022 Simple and safe handle. <br> \u2022 Large touch screen reading. <br> \u2022 Key information and user instructions on screen. <br> \u2022 Infusion rate range 00.1-999 ml \/ h <br> \u2022 Rate range infusion rate 0.1-9999 ml <br> \u2022 Dose error reduction system. <br> \u2022 Adjustable pressure limit 0-999 mbar or mmHg. <br> \u2022 Manual or programmable bolus function. <br> \u2022 Automatic bolus reduction in the face of an occlusion. <br> \u2022 Detection of air in the line<\/p>\t\t\t\t\t\t\t\t<\/div>\n\t\t\t\t<\/div>\n\t\t\t\t\t<\/div>\n\t\t<\/div>\n\t\t\t\t\t<\/div>\n\t\t<\/section>\n\t\t\t\t<\/div>","protected":false},"excerpt":{"rendered":"<p>Servicios de Renta Bomba Volum\u00e9trica Arcomed MVP 7000 Bomba de infusi\u00f3n volum\u00e9trica, de manejo simple y seguro que realiza el c\u00e1lculo autom\u00e1tico para la administraci\u00f3n de medicamentos. Bomba todo en uno opcional para tci\/ pcea\/ pcs\/ bolo tocol\u00edtico. \u00danica con sistema de reducci\u00f3n de errores en la administraci\u00f3n de medicamentos. El flujo de o.1ml\/h \u2013 [&hellip;]<\/p>","protected":false},"author":1,"featured_media":0,"parent":0,"menu_order":0,"comment_status":"closed","ping_status":"closed","template":"","meta":{"site-sidebar-layout":"no-sidebar","site-content-layout":"page-builder","ast-site-content-layout":"default","site-content-style":"default","site-sidebar-style":"default","ast-global-header-display":"","ast-banner-title-visibility":"","ast-main-header-display":"","ast-hfb-above-header-display":"","ast-hfb-below-header-display":"","ast-hfb-mobile-header-display":"","site-post-title":"disabled","ast-breadcrumbs-content":"","ast-featured-img":"disabled","footer-sml-layout":"","theme-transparent-header-meta":"default","adv-header-id-meta":"","stick-header-meta":"","header-above-stick-meta":"","header-main-stick-meta":"","header-below-stick-meta":"","astra-migrate-meta-layouts":"default","ast-page-background-enabled":"default","ast-page-background-meta":{"desktop":{"background-color":"var(--ast-global-color-4)","background-image":"","background-repeat":"repeat","background-position":"center center","background-size":"auto","background-attachment":"scroll","background-type":"","background-media":"","overlay-type":"","overlay-color":"","overlay-opacity":"","overlay-gradient":""},"tablet":{"background-color":"","background-image":"","background-repeat":"repeat","background-position":"center center","background-size":"auto","background-attachment":"scroll","background-type":"","background-media":"","overlay-type":"","overlay-color":"","overlay-opacity":"","overlay-gradient":""},"mobile":{"background-color":"","background-image":"","background-repeat":"repeat","background-position":"center center","background-size":"auto","background-attachment":"scroll","background-type":"","background-media":"","overlay-type":"","overlay-color":"","overlay-opacity":"","overlay-gradient":""}},"ast-content-background-meta":{"desktop":{"background-color":"var(--ast-global-color-5)","background-image":"","background-repeat":"repeat","background-position":"center center","background-size":"auto","background-attachment":"scroll","background-type":"","background-media":"","overlay-type":"","overlay-color":"","overlay-opacity":"","overlay-gradient":""},"tablet":{"background-color":"var(--ast-global-color-5)","background-image":"","background-repeat":"repeat","background-position":"center center","background-size":"auto","background-attachment":"scroll","background-type":"","background-media":"","overlay-type":"","overlay-color":"","overlay-opacity":"","overlay-gradient":""},"mobile":{"background-color":"var(--ast-global-color-5)","background-image":"","background-repeat":"repeat","background-position":"center center","background-size":"auto","background-attachment":"scroll","background-type":"","background-media":"","overlay-type":"","overlay-color":"","overlay-opacity":"","overlay-gradient":""}},"_joinchat":[],"footnotes":""},"class_list":["post-3259","page","type-page","status-publish","hentry"],"yoast_head":"<!-- This site is optimized with the Yoast SEO plugin v26.1.1 - https:\/\/yoast.com\/wordpress\/plugins\/seo\/ -->\n<title>Bomba Volum\u00e9trica Arcomed MVP 7000 - Atsamed<\/title>\n<meta name=\"robots\" content=\"index, follow, max-snippet:-1, max-image-preview:large, max-video-preview:-1\" \/>\n<link rel=\"canonical\" href=\"https:\/\/atsamed.com.mx\/en\/bomba-arcomed\/\" \/>\n<meta property=\"og:locale\" content=\"en_US\" \/>\n<meta property=\"og:type\" content=\"article\" \/>\n<meta property=\"og:title\" content=\"Bomba Volum\u00e9trica Arcomed MVP 7000 - Atsamed\" \/>\n<meta property=\"og:description\" content=\"Servicios de Renta Bomba Volum\u00e9trica Arcomed MVP 7000 Bomba de infusi\u00f3n volum\u00e9trica, de manejo simple y seguro que realiza el c\u00e1lculo autom\u00e1tico para la administraci\u00f3n de medicamentos. Bomba todo en uno opcional para tci\/ pcea\/ pcs\/ bolo tocol\u00edtico. \u00danica con sistema de reducci\u00f3n de errores en la administraci\u00f3n de medicamentos. El flujo de o.1ml\/h \u2013 [&hellip;]\" \/>\n<meta property=\"og:url\" content=\"https:\/\/atsamed.com.mx\/en\/bomba-arcomed\/\" \/>\n<meta property=\"og:site_name\" content=\"Atsamed\" \/>\n<meta property=\"article:publisher\" content=\"https:\/\/www.facebook.com\/atsamed.mx\" \/>\n<meta property=\"article:modified_time\" content=\"2022-09-27T21:14:23+00:00\" \/>\n<meta property=\"og:image\" content=\"https:\/\/atsamed.com.mx\/wp-content\/uploads\/2021\/09\/5.jpg\" \/>\n<meta name=\"twitter:card\" content=\"summary_large_image\" \/>\n<meta name=\"twitter:label1\" content=\"Est. reading time\" \/>\n\t<meta name=\"twitter:data1\" content=\"2 minutes\" \/>\n<script type=\"application\/ld+json\" class=\"yoast-schema-graph\">{\"@context\":\"https:\/\/schema.org\",\"@graph\":[{\"@type\":\"WebPage\",\"@id\":\"https:\/\/atsamed.com.mx\/bomba-arcomed\/\",\"url\":\"https:\/\/atsamed.com.mx\/bomba-arcomed\/\",\"name\":\"Bomba Volum\u00e9trica Arcomed MVP 7000 - Atsamed\",\"isPartOf\":{\"@id\":\"https:\/\/atsamed.com.mx\/#website\"},\"primaryImageOfPage\":{\"@id\":\"https:\/\/atsamed.com.mx\/bomba-arcomed\/#primaryimage\"},\"image\":{\"@id\":\"https:\/\/atsamed.com.mx\/bomba-arcomed\/#primaryimage\"},\"thumbnailUrl\":\"https:\/\/atsamed.com.mx\/wp-content\/uploads\/2021\/09\/5.jpg\",\"datePublished\":\"2021-09-02T23:18:03+00:00\",\"dateModified\":\"2022-09-27T21:14:23+00:00\",\"breadcrumb\":{\"@id\":\"https:\/\/atsamed.com.mx\/bomba-arcomed\/#breadcrumb\"},\"inLanguage\":\"en-US\",\"potentialAction\":[{\"@type\":\"ReadAction\",\"target\":[\"https:\/\/atsamed.com.mx\/bomba-arcomed\/\"]}]},{\"@type\":\"ImageObject\",\"inLanguage\":\"en-US\",\"@id\":\"https:\/\/atsamed.com.mx\/bomba-arcomed\/#primaryimage\",\"url\":\"https:\/\/atsamed.com.mx\/wp-content\/uploads\/2021\/09\/5.jpg\",\"contentUrl\":\"https:\/\/atsamed.com.mx\/wp-content\/uploads\/2021\/09\/5.jpg\"},{\"@type\":\"BreadcrumbList\",\"@id\":\"https:\/\/atsamed.com.mx\/bomba-arcomed\/#breadcrumb\",\"itemListElement\":[{\"@type\":\"ListItem\",\"position\":1,\"name\":\"Inicio\",\"item\":\"https:\/\/atsamed.com.mx\/\"},{\"@type\":\"ListItem\",\"position\":2,\"name\":\"Bomba Volum\u00e9trica Arcomed MVP 7000\"}]},{\"@type\":\"WebSite\",\"@id\":\"https:\/\/atsamed.com.mx\/#website\",\"url\":\"https:\/\/atsamed.com.mx\/\",\"name\":\"Atsamed\",\"description\":\"Abastecedor terap\u00e9utico\",\"publisher\":{\"@id\":\"https:\/\/atsamed.com.mx\/#organization\"},\"potentialAction\":[{\"@type\":\"SearchAction\",\"target\":{\"@type\":\"EntryPoint\",\"urlTemplate\":\"https:\/\/atsamed.com.mx\/?s={search_term_string}\"},\"query-input\":{\"@type\":\"PropertyValueSpecification\",\"valueRequired\":true,\"valueName\":\"search_term_string\"}}],\"inLanguage\":\"en-US\"},{\"@type\":\"Organization\",\"@id\":\"https:\/\/atsamed.com.mx\/#organization\",\"name\":\"atsamed\",\"url\":\"https:\/\/atsamed.com.mx\/\",\"logo\":{\"@type\":\"ImageObject\",\"inLanguage\":\"en-US\",\"@id\":\"https:\/\/atsamed.com.mx\/#\/schema\/logo\/image\/\",\"url\":\"https:\/\/atsamed.com.mx\/wp-content\/uploads\/2021\/07\/cropped-Logo-ATSA-Transparencia.png\",\"contentUrl\":\"https:\/\/atsamed.com.mx\/wp-content\/uploads\/2021\/07\/cropped-Logo-ATSA-Transparencia.png\",\"width\":641,\"height\":184,\"caption\":\"atsamed\"},\"image\":{\"@id\":\"https:\/\/atsamed.com.mx\/#\/schema\/logo\/image\/\"},\"sameAs\":[\"https:\/\/www.facebook.com\/atsamed.mx\",\"https:\/\/mx.linkedin.com\/company\/atsamed\"]}]}<\/script>\n<!-- \/ Yoast SEO plugin. -->","yoast_head_json":{"title":"Bomba Volum\u00e9trica Arcomed MVP 7000 - Atsamed","robots":{"index":"index","follow":"follow","max-snippet":"max-snippet:-1","max-image-preview":"max-image-preview:large","max-video-preview":"max-video-preview:-1"},"canonical":"https:\/\/atsamed.com.mx\/en\/bomba-arcomed\/","og_locale":"en_US","og_type":"article","og_title":"Bomba Volum\u00e9trica Arcomed MVP 7000 - Atsamed","og_description":"Servicios de Renta Bomba Volum\u00e9trica Arcomed MVP 7000 Bomba de infusi\u00f3n volum\u00e9trica, de manejo simple y seguro que realiza el c\u00e1lculo autom\u00e1tico para la administraci\u00f3n de medicamentos. Bomba todo en uno opcional para tci\/ pcea\/ pcs\/ bolo tocol\u00edtico. \u00danica con sistema de reducci\u00f3n de errores en la administraci\u00f3n de medicamentos. El flujo de o.1ml\/h \u2013 [&hellip;]","og_url":"https:\/\/atsamed.com.mx\/en\/bomba-arcomed\/","og_site_name":"Atsamed","article_publisher":"https:\/\/www.facebook.com\/atsamed.mx","article_modified_time":"2022-09-27T21:14:23+00:00","og_image":[{"url":"https:\/\/atsamed.com.mx\/wp-content\/uploads\/2021\/09\/5.jpg","type":"","width":"","height":""}],"twitter_card":"summary_large_image","twitter_misc":{"Est. reading time":"2 minutes"},"schema":{"@context":"https:\/\/schema.org","@graph":[{"@type":"WebPage","@id":"https:\/\/atsamed.com.mx\/bomba-arcomed\/","url":"https:\/\/atsamed.com.mx\/bomba-arcomed\/","name":"Bomba Volum\u00e9trica Arcomed MVP 7000 - Atsamed","isPartOf":{"@id":"https:\/\/atsamed.com.mx\/#website"},"primaryImageOfPage":{"@id":"https:\/\/atsamed.com.mx\/bomba-arcomed\/#primaryimage"},"image":{"@id":"https:\/\/atsamed.com.mx\/bomba-arcomed\/#primaryimage"},"thumbnailUrl":"https:\/\/atsamed.com.mx\/wp-content\/uploads\/2021\/09\/5.jpg","datePublished":"2021-09-02T23:18:03+00:00","dateModified":"2022-09-27T21:14:23+00:00","breadcrumb":{"@id":"https:\/\/atsamed.com.mx\/bomba-arcomed\/#breadcrumb"},"inLanguage":"en-US","potentialAction":[{"@type":"ReadAction","target":["https:\/\/atsamed.com.mx\/bomba-arcomed\/"]}]},{"@type":"ImageObject","inLanguage":"en-US","@id":"https:\/\/atsamed.com.mx\/bomba-arcomed\/#primaryimage","url":"https:\/\/atsamed.com.mx\/wp-content\/uploads\/2021\/09\/5.jpg","contentUrl":"https:\/\/atsamed.com.mx\/wp-content\/uploads\/2021\/09\/5.jpg"},{"@type":"BreadcrumbList","@id":"https:\/\/atsamed.com.mx\/bomba-arcomed\/#breadcrumb","itemListElement":[{"@type":"ListItem","position":1,"name":"Inicio","item":"https:\/\/atsamed.com.mx\/"},{"@type":"ListItem","position":2,"name":"Bomba Volum\u00e9trica Arcomed MVP 7000"}]},{"@type":"WebSite","@id":"https:\/\/atsamed.com.mx\/#website","url":"https:\/\/atsamed.com.mx\/","name":"Atsamed","description":"Abastecedor terap\u00e9utico","publisher":{"@id":"https:\/\/atsamed.com.mx\/#organization"},"potentialAction":[{"@type":"SearchAction","target":{"@type":"EntryPoint","urlTemplate":"https:\/\/atsamed.com.mx\/?s={search_term_string}"},"query-input":{"@type":"PropertyValueSpecification","valueRequired":true,"valueName":"search_term_string"}}],"inLanguage":"en-US"},{"@type":"Organization","@id":"https:\/\/atsamed.com.mx\/#organization","name":"atsamed","url":"https:\/\/atsamed.com.mx\/","logo":{"@type":"ImageObject","inLanguage":"en-US","@id":"https:\/\/atsamed.com.mx\/#\/schema\/logo\/image\/","url":"https:\/\/atsamed.com.mx\/wp-content\/uploads\/2021\/07\/cropped-Logo-ATSA-Transparencia.png","contentUrl":"https:\/\/atsamed.com.mx\/wp-content\/uploads\/2021\/07\/cropped-Logo-ATSA-Transparencia.png","width":641,"height":184,"caption":"atsamed"},"image":{"@id":"https:\/\/atsamed.com.mx\/#\/schema\/logo\/image\/"},"sameAs":["https:\/\/www.facebook.com\/atsamed.mx","https:\/\/mx.linkedin.com\/company\/atsamed"]}]}},"_links":{"self":[{"href":"https:\/\/atsamed.com.mx\/en\/wp-json\/wp\/v2\/pages\/3259","targetHints":{"allow":["GET"]}}],"collection":[{"href":"https:\/\/atsamed.com.mx\/en\/wp-json\/wp\/v2\/pages"}],"about":[{"href":"https:\/\/atsamed.com.mx\/en\/wp-json\/wp\/v2\/types\/page"}],"author":[{"embeddable":true,"href":"https:\/\/atsamed.com.mx\/en\/wp-json\/wp\/v2\/users\/1"}],"replies":[{"embeddable":true,"href":"https:\/\/atsamed.com.mx\/en\/wp-json\/wp\/v2\/comments?post=3259"}],"version-history":[{"count":26,"href":"https:\/\/atsamed.com.mx\/en\/wp-json\/wp\/v2\/pages\/3259\/revisions"}],"predecessor-version":[{"id":5364,"href":"https:\/\/atsamed.com.mx\/en\/wp-json\/wp\/v2\/pages\/3259\/revisions\/5364"}],"wp:attachment":[{"href":"https:\/\/atsamed.com.mx\/en\/wp-json\/wp\/v2\/media?parent=3259"}],"curies":[{"name":"wp","href":"https:\/\/api.w.org\/{rel}","templated":true}]}}