{"id":3256,"date":"2021-09-02T18:17:29","date_gmt":"2021-09-02T23:17:29","guid":{"rendered":"https:\/\/atsamed.com.mx\/?page_id=3256"},"modified":"2023-06-13T14:24:41","modified_gmt":"2023-06-13T19:24:41","slug":"bomba-de-infusion-jeringa-medfusion-3500","status":"publish","type":"page","link":"https:\/\/atsamed.com.mx\/en\/bomba-de-infusion-jeringa-medfusion-3500\/","title":{"rendered":"Medfusion 3500 Syringe Infusion Pump"},"content":{"rendered":"<div data-elementor-type=\"wp-page\" data-elementor-id=\"3256\" class=\"elementor elementor-3256\" data-elementor-post-type=\"page\">\n\t\t\t\t\t\t<section class=\"elementor-section elementor-top-section elementor-element elementor-element-77d3b834 elementor-section-boxed elementor-section-height-default elementor-section-height-default\" data-id=\"77d3b834\" data-element_type=\"section\">\n\t\t\t\t\t\t<div class=\"elementor-container elementor-column-gap-wider\">\n\t\t\t\t\t<div class=\"elementor-column elementor-col-50 elementor-top-column elementor-element elementor-element-53177075\" data-id=\"53177075\" data-element_type=\"column\">\n\t\t\t<div class=\"elementor-widget-wrap elementor-element-populated\">\n\t\t\t\t\t\t<div class=\"elementor-element elementor-element-76aba99 elementor-widget elementor-widget-image\" data-id=\"76aba99\" data-element_type=\"widget\" data-widget_type=\"image.default\">\n\t\t\t\t<div class=\"elementor-widget-container\">\n\t\t\t\t\t\t\t\t\t\t\t\t\t\t\t<img fetchpriority=\"high\" decoding=\"async\" width=\"1000\" height=\"1000\" src=\"https:\/\/atsamed.com.mx\/wp-content\/uploads\/2021\/09\/3.jpg\" class=\"attachment-large size-large wp-image-3690\" alt=\"\" srcset=\"https:\/\/atsamed.com.mx\/wp-content\/uploads\/2021\/09\/3.jpg 1000w, https:\/\/atsamed.com.mx\/wp-content\/uploads\/2021\/09\/3-300x300.jpg 300w, https:\/\/atsamed.com.mx\/wp-content\/uploads\/2021\/09\/3-150x150.jpg 150w, https:\/\/atsamed.com.mx\/wp-content\/uploads\/2021\/09\/3-768x768.jpg 768w, https:\/\/atsamed.com.mx\/wp-content\/uploads\/2021\/09\/3-12x12.jpg 12w, https:\/\/atsamed.com.mx\/wp-content\/uploads\/2021\/09\/3-600x600.jpg 600w, https:\/\/atsamed.com.mx\/wp-content\/uploads\/2021\/09\/3-100x100.jpg 100w\" sizes=\"(max-width: 1000px) 100vw, 1000px\" \/>\t\t\t\t\t\t\t\t\t\t\t\t\t\t\t<\/div>\n\t\t\t\t<\/div>\n\t\t\t\t\t<\/div>\n\t\t<\/div>\n\t\t\t\t<div class=\"elementor-column elementor-col-50 elementor-top-column elementor-element elementor-element-251eb857\" data-id=\"251eb857\" data-element_type=\"column\" data-settings=\"{&quot;background_background&quot;:&quot;classic&quot;}\">\n\t\t\t<div class=\"elementor-widget-wrap elementor-element-populated\">\n\t\t\t\t\t\t<div class=\"elementor-element elementor-element-7ae08965 elementor-widget elementor-widget-heading\" data-id=\"7ae08965\" data-element_type=\"widget\" data-widget_type=\"heading.default\">\n\t\t\t\t<div class=\"elementor-widget-container\">\n\t\t\t\t\t<h2 class=\"elementor-heading-title elementor-size-default\">Rental Services<\/h2>\t\t\t\t<\/div>\n\t\t\t\t<\/div>\n\t\t\t\t<div class=\"elementor-element elementor-element-60611dc3 elementor-widget elementor-widget-heading\" data-id=\"60611dc3\" data-element_type=\"widget\" data-widget_type=\"heading.default\">\n\t\t\t\t<div class=\"elementor-widget-container\">\n\t\t\t\t\t<h2 class=\"elementor-heading-title elementor-size-default\">Medfusion 3500 Syringe Infusion Pump<\/h2>\t\t\t\t<\/div>\n\t\t\t\t<\/div>\n\t\t\t\t<div class=\"elementor-element elementor-element-3c574c15 elementor-widget elementor-widget-text-editor\" data-id=\"3c574c15\" data-element_type=\"widget\" data-widget_type=\"text-editor.default\">\n\t\t\t\t<div class=\"elementor-widget-container\">\n\t\t\t\t\t\t\t\t\t<p>Bomba de Infusi\u00f3n de Jeringa, para uso pedi\u00e1trico, arterial, epidural, intravenosa, subcut\u00e1nea y de medicaci\u00f3n. Dise\u00f1ada para la administraci\u00f3n de fluidos y velocidades controladas con precisi\u00f3n permitiendo la reducci\u00f3n de errores en la medicaci\u00f3n con tecnolog\u00eda avanzada y f\u00e1cil de usar. Detecci\u00f3n autom\u00e1tica de diferentes tama\u00f1os de Jeringa de 1 ml a 60 ml.<\/p><p>Ideal for the services of:<\/p><ul><li>Neonatal Intensive Care Unit<\/li><li>Pediatric Intensive Care Unit<\/li><li>Anesthesia<\/li><\/ul>\t\t\t\t\t\t\t\t<\/div>\n\t\t\t\t<\/div>\n\t\t\t\t<div class=\"elementor-element elementor-element-3301d2e elementor-widget__width-initial elementor-widget elementor-widget-image\" data-id=\"3301d2e\" data-element_type=\"widget\" data-widget_type=\"image.default\">\n\t\t\t\t<div class=\"elementor-widget-container\">\n\t\t\t\t\t\t\t\t\t\t\t\t\t\t\t<img decoding=\"async\" width=\"500\" height=\"300\" src=\"https:\/\/atsamed.com.mx\/wp-content\/uploads\/2023\/06\/Imagen-de-WhatsApp-2023-06-01-a-las-12.36.54.jpg\" class=\"attachment-medium_large size-medium_large wp-image-5686\" alt=\"\" srcset=\"https:\/\/atsamed.com.mx\/wp-content\/uploads\/2023\/06\/Imagen-de-WhatsApp-2023-06-01-a-las-12.36.54.jpg 500w, https:\/\/atsamed.com.mx\/wp-content\/uploads\/2023\/06\/Imagen-de-WhatsApp-2023-06-01-a-las-12.36.54-300x180.jpg 300w, https:\/\/atsamed.com.mx\/wp-content\/uploads\/2023\/06\/Imagen-de-WhatsApp-2023-06-01-a-las-12.36.54-18x12.jpg 18w\" sizes=\"(max-width: 500px) 100vw, 500px\" \/>\t\t\t\t\t\t\t\t\t\t\t\t\t\t\t<\/div>\n\t\t\t\t<\/div>\n\t\t\t\t\t<\/div>\n\t\t<\/div>\n\t\t\t\t\t<\/div>\n\t\t<\/section>\n\t\t\t\t<\/div>","protected":false},"excerpt":{"rendered":"<p>Servicios de Renta Bomba de Infusi\u00f3n Jeringa Medfusion 3500 Bomba de Infusi\u00f3n de Jeringa, para uso pedi\u00e1trico, arterial, epidural, intravenosa, subcut\u00e1nea y de medicaci\u00f3n. Dise\u00f1ada para la administraci\u00f3n de fluidos y velocidades controladas con precisi\u00f3n permitiendo la reducci\u00f3n de errores en la medicaci\u00f3n con tecnolog\u00eda avanzada y f\u00e1cil de usar. Detecci\u00f3n autom\u00e1tica de diferentes tama\u00f1os [&hellip;]<\/p>","protected":false},"author":1,"featured_media":0,"parent":0,"menu_order":0,"comment_status":"closed","ping_status":"closed","template":"","meta":{"site-sidebar-layout":"no-sidebar","site-content-layout":"page-builder","ast-site-content-layout":"default","site-content-style":"default","site-sidebar-style":"default","ast-global-header-display":"","ast-banner-title-visibility":"","ast-main-header-display":"","ast-hfb-above-header-display":"","ast-hfb-below-header-display":"","ast-hfb-mobile-header-display":"","site-post-title":"disabled","ast-breadcrumbs-content":"","ast-featured-img":"disabled","footer-sml-layout":"","theme-transparent-header-meta":"default","adv-header-id-meta":"","stick-header-meta":"","header-above-stick-meta":"","header-main-stick-meta":"","header-below-stick-meta":"","astra-migrate-meta-layouts":"default","ast-page-background-enabled":"default","ast-page-background-meta":{"desktop":{"background-color":"var(--ast-global-color-4)","background-image":"","background-repeat":"repeat","background-position":"center center","background-size":"auto","background-attachment":"scroll","background-type":"","background-media":"","overlay-type":"","overlay-color":"","overlay-opacity":"","overlay-gradient":""},"tablet":{"background-color":"","background-image":"","background-repeat":"repeat","background-position":"center center","background-size":"auto","background-attachment":"scroll","background-type":"","background-media":"","overlay-type":"","overlay-color":"","overlay-opacity":"","overlay-gradient":""},"mobile":{"background-color":"","background-image":"","background-repeat":"repeat","background-position":"center center","background-size":"auto","background-attachment":"scroll","background-type":"","background-media":"","overlay-type":"","overlay-color":"","overlay-opacity":"","overlay-gradient":""}},"ast-content-background-meta":{"desktop":{"background-color":"var(--ast-global-color-5)","background-image":"","background-repeat":"repeat","background-position":"center center","background-size":"auto","background-attachment":"scroll","background-type":"","background-media":"","overlay-type":"","overlay-color":"","overlay-opacity":"","overlay-gradient":""},"tablet":{"background-color":"var(--ast-global-color-5)","background-image":"","background-repeat":"repeat","background-position":"center center","background-size":"auto","background-attachment":"scroll","background-type":"","background-media":"","overlay-type":"","overlay-color":"","overlay-opacity":"","overlay-gradient":""},"mobile":{"background-color":"var(--ast-global-color-5)","background-image":"","background-repeat":"repeat","background-position":"center center","background-size":"auto","background-attachment":"scroll","background-type":"","background-media":"","overlay-type":"","overlay-color":"","overlay-opacity":"","overlay-gradient":""}},"_joinchat":[],"footnotes":""},"class_list":["post-3256","page","type-page","status-publish","hentry"],"yoast_head":"<!-- This site is optimized with the Yoast SEO plugin v26.1.1 - https:\/\/yoast.com\/wordpress\/plugins\/seo\/ -->\n<title>Bomba de Infusi\u00f3n Jeringa Medfusion 3500 - Atsamed<\/title>\n<meta name=\"robots\" content=\"index, follow, max-snippet:-1, max-image-preview:large, max-video-preview:-1\" \/>\n<link rel=\"canonical\" href=\"https:\/\/atsamed.com.mx\/en\/bomba-de-infusion-jeringa-medfusion-3500\/\" \/>\n<meta property=\"og:locale\" content=\"en_US\" \/>\n<meta property=\"og:type\" content=\"article\" \/>\n<meta property=\"og:title\" content=\"Bomba de Infusi\u00f3n Jeringa Medfusion 3500 - Atsamed\" \/>\n<meta property=\"og:description\" content=\"Servicios de Renta Bomba de Infusi\u00f3n Jeringa Medfusion 3500 Bomba de Infusi\u00f3n de Jeringa, para uso pedi\u00e1trico, arterial, epidural, intravenosa, subcut\u00e1nea y de medicaci\u00f3n. Dise\u00f1ada para la administraci\u00f3n de fluidos y velocidades controladas con precisi\u00f3n permitiendo la reducci\u00f3n de errores en la medicaci\u00f3n con tecnolog\u00eda avanzada y f\u00e1cil de usar. Detecci\u00f3n autom\u00e1tica de diferentes tama\u00f1os [&hellip;]\" \/>\n<meta property=\"og:url\" content=\"https:\/\/atsamed.com.mx\/en\/bomba-de-infusion-jeringa-medfusion-3500\/\" \/>\n<meta property=\"og:site_name\" content=\"Atsamed\" \/>\n<meta property=\"article:publisher\" content=\"https:\/\/www.facebook.com\/atsamed.mx\" \/>\n<meta property=\"article:modified_time\" content=\"2023-06-13T19:24:41+00:00\" \/>\n<meta property=\"og:image\" content=\"https:\/\/atsamed.com.mx\/wp-content\/uploads\/2021\/09\/3.jpg\" \/>\n<meta name=\"twitter:card\" content=\"summary_large_image\" \/>\n<meta name=\"twitter:label1\" content=\"Est. reading time\" \/>\n\t<meta name=\"twitter:data1\" content=\"1 minute\" \/>\n<script type=\"application\/ld+json\" class=\"yoast-schema-graph\">{\"@context\":\"https:\/\/schema.org\",\"@graph\":[{\"@type\":\"WebPage\",\"@id\":\"https:\/\/atsamed.com.mx\/bomba-de-infusion-jeringa-medfusion-3500\/\",\"url\":\"https:\/\/atsamed.com.mx\/bomba-de-infusion-jeringa-medfusion-3500\/\",\"name\":\"Bomba de Infusi\u00f3n Jeringa Medfusion 3500 - Atsamed\",\"isPartOf\":{\"@id\":\"https:\/\/atsamed.com.mx\/#website\"},\"primaryImageOfPage\":{\"@id\":\"https:\/\/atsamed.com.mx\/bomba-de-infusion-jeringa-medfusion-3500\/#primaryimage\"},\"image\":{\"@id\":\"https:\/\/atsamed.com.mx\/bomba-de-infusion-jeringa-medfusion-3500\/#primaryimage\"},\"thumbnailUrl\":\"https:\/\/atsamed.com.mx\/wp-content\/uploads\/2021\/09\/3.jpg\",\"datePublished\":\"2021-09-02T23:17:29+00:00\",\"dateModified\":\"2023-06-13T19:24:41+00:00\",\"breadcrumb\":{\"@id\":\"https:\/\/atsamed.com.mx\/bomba-de-infusion-jeringa-medfusion-3500\/#breadcrumb\"},\"inLanguage\":\"en-US\",\"potentialAction\":[{\"@type\":\"ReadAction\",\"target\":[\"https:\/\/atsamed.com.mx\/bomba-de-infusion-jeringa-medfusion-3500\/\"]}]},{\"@type\":\"ImageObject\",\"inLanguage\":\"en-US\",\"@id\":\"https:\/\/atsamed.com.mx\/bomba-de-infusion-jeringa-medfusion-3500\/#primaryimage\",\"url\":\"https:\/\/atsamed.com.mx\/wp-content\/uploads\/2021\/09\/3.jpg\",\"contentUrl\":\"https:\/\/atsamed.com.mx\/wp-content\/uploads\/2021\/09\/3.jpg\"},{\"@type\":\"BreadcrumbList\",\"@id\":\"https:\/\/atsamed.com.mx\/bomba-de-infusion-jeringa-medfusion-3500\/#breadcrumb\",\"itemListElement\":[{\"@type\":\"ListItem\",\"position\":1,\"name\":\"Inicio\",\"item\":\"https:\/\/atsamed.com.mx\/\"},{\"@type\":\"ListItem\",\"position\":2,\"name\":\"Bomba de Infusi\u00f3n Jeringa Medfusion 3500\"}]},{\"@type\":\"WebSite\",\"@id\":\"https:\/\/atsamed.com.mx\/#website\",\"url\":\"https:\/\/atsamed.com.mx\/\",\"name\":\"Atsamed\",\"description\":\"Abastecedor terap\u00e9utico\",\"publisher\":{\"@id\":\"https:\/\/atsamed.com.mx\/#organization\"},\"potentialAction\":[{\"@type\":\"SearchAction\",\"target\":{\"@type\":\"EntryPoint\",\"urlTemplate\":\"https:\/\/atsamed.com.mx\/?s={search_term_string}\"},\"query-input\":{\"@type\":\"PropertyValueSpecification\",\"valueRequired\":true,\"valueName\":\"search_term_string\"}}],\"inLanguage\":\"en-US\"},{\"@type\":\"Organization\",\"@id\":\"https:\/\/atsamed.com.mx\/#organization\",\"name\":\"atsamed\",\"url\":\"https:\/\/atsamed.com.mx\/\",\"logo\":{\"@type\":\"ImageObject\",\"inLanguage\":\"en-US\",\"@id\":\"https:\/\/atsamed.com.mx\/#\/schema\/logo\/image\/\",\"url\":\"https:\/\/atsamed.com.mx\/wp-content\/uploads\/2021\/07\/cropped-Logo-ATSA-Transparencia.png\",\"contentUrl\":\"https:\/\/atsamed.com.mx\/wp-content\/uploads\/2021\/07\/cropped-Logo-ATSA-Transparencia.png\",\"width\":641,\"height\":184,\"caption\":\"atsamed\"},\"image\":{\"@id\":\"https:\/\/atsamed.com.mx\/#\/schema\/logo\/image\/\"},\"sameAs\":[\"https:\/\/www.facebook.com\/atsamed.mx\",\"https:\/\/mx.linkedin.com\/company\/atsamed\"]}]}<\/script>\n<!-- \/ Yoast SEO plugin. -->","yoast_head_json":{"title":"Bomba de Infusi\u00f3n Jeringa Medfusion 3500 - Atsamed","robots":{"index":"index","follow":"follow","max-snippet":"max-snippet:-1","max-image-preview":"max-image-preview:large","max-video-preview":"max-video-preview:-1"},"canonical":"https:\/\/atsamed.com.mx\/en\/bomba-de-infusion-jeringa-medfusion-3500\/","og_locale":"en_US","og_type":"article","og_title":"Bomba de Infusi\u00f3n Jeringa Medfusion 3500 - Atsamed","og_description":"Servicios de Renta Bomba de Infusi\u00f3n Jeringa Medfusion 3500 Bomba de Infusi\u00f3n de Jeringa, para uso pedi\u00e1trico, arterial, epidural, intravenosa, subcut\u00e1nea y de medicaci\u00f3n. Dise\u00f1ada para la administraci\u00f3n de fluidos y velocidades controladas con precisi\u00f3n permitiendo la reducci\u00f3n de errores en la medicaci\u00f3n con tecnolog\u00eda avanzada y f\u00e1cil de usar. Detecci\u00f3n autom\u00e1tica de diferentes tama\u00f1os [&hellip;]","og_url":"https:\/\/atsamed.com.mx\/en\/bomba-de-infusion-jeringa-medfusion-3500\/","og_site_name":"Atsamed","article_publisher":"https:\/\/www.facebook.com\/atsamed.mx","article_modified_time":"2023-06-13T19:24:41+00:00","og_image":[{"url":"https:\/\/atsamed.com.mx\/wp-content\/uploads\/2021\/09\/3.jpg","type":"","width":"","height":""}],"twitter_card":"summary_large_image","twitter_misc":{"Est. reading time":"1 minute"},"schema":{"@context":"https:\/\/schema.org","@graph":[{"@type":"WebPage","@id":"https:\/\/atsamed.com.mx\/bomba-de-infusion-jeringa-medfusion-3500\/","url":"https:\/\/atsamed.com.mx\/bomba-de-infusion-jeringa-medfusion-3500\/","name":"Bomba de Infusi\u00f3n Jeringa Medfusion 3500 - Atsamed","isPartOf":{"@id":"https:\/\/atsamed.com.mx\/#website"},"primaryImageOfPage":{"@id":"https:\/\/atsamed.com.mx\/bomba-de-infusion-jeringa-medfusion-3500\/#primaryimage"},"image":{"@id":"https:\/\/atsamed.com.mx\/bomba-de-infusion-jeringa-medfusion-3500\/#primaryimage"},"thumbnailUrl":"https:\/\/atsamed.com.mx\/wp-content\/uploads\/2021\/09\/3.jpg","datePublished":"2021-09-02T23:17:29+00:00","dateModified":"2023-06-13T19:24:41+00:00","breadcrumb":{"@id":"https:\/\/atsamed.com.mx\/bomba-de-infusion-jeringa-medfusion-3500\/#breadcrumb"},"inLanguage":"en-US","potentialAction":[{"@type":"ReadAction","target":["https:\/\/atsamed.com.mx\/bomba-de-infusion-jeringa-medfusion-3500\/"]}]},{"@type":"ImageObject","inLanguage":"en-US","@id":"https:\/\/atsamed.com.mx\/bomba-de-infusion-jeringa-medfusion-3500\/#primaryimage","url":"https:\/\/atsamed.com.mx\/wp-content\/uploads\/2021\/09\/3.jpg","contentUrl":"https:\/\/atsamed.com.mx\/wp-content\/uploads\/2021\/09\/3.jpg"},{"@type":"BreadcrumbList","@id":"https:\/\/atsamed.com.mx\/bomba-de-infusion-jeringa-medfusion-3500\/#breadcrumb","itemListElement":[{"@type":"ListItem","position":1,"name":"Inicio","item":"https:\/\/atsamed.com.mx\/"},{"@type":"ListItem","position":2,"name":"Bomba de Infusi\u00f3n Jeringa Medfusion 3500"}]},{"@type":"WebSite","@id":"https:\/\/atsamed.com.mx\/#website","url":"https:\/\/atsamed.com.mx\/","name":"Atsamed","description":"Abastecedor terap\u00e9utico","publisher":{"@id":"https:\/\/atsamed.com.mx\/#organization"},"potentialAction":[{"@type":"SearchAction","target":{"@type":"EntryPoint","urlTemplate":"https:\/\/atsamed.com.mx\/?s={search_term_string}"},"query-input":{"@type":"PropertyValueSpecification","valueRequired":true,"valueName":"search_term_string"}}],"inLanguage":"en-US"},{"@type":"Organization","@id":"https:\/\/atsamed.com.mx\/#organization","name":"atsamed","url":"https:\/\/atsamed.com.mx\/","logo":{"@type":"ImageObject","inLanguage":"en-US","@id":"https:\/\/atsamed.com.mx\/#\/schema\/logo\/image\/","url":"https:\/\/atsamed.com.mx\/wp-content\/uploads\/2021\/07\/cropped-Logo-ATSA-Transparencia.png","contentUrl":"https:\/\/atsamed.com.mx\/wp-content\/uploads\/2021\/07\/cropped-Logo-ATSA-Transparencia.png","width":641,"height":184,"caption":"atsamed"},"image":{"@id":"https:\/\/atsamed.com.mx\/#\/schema\/logo\/image\/"},"sameAs":["https:\/\/www.facebook.com\/atsamed.mx","https:\/\/mx.linkedin.com\/company\/atsamed"]}]}},"_links":{"self":[{"href":"https:\/\/atsamed.com.mx\/en\/wp-json\/wp\/v2\/pages\/3256","targetHints":{"allow":["GET"]}}],"collection":[{"href":"https:\/\/atsamed.com.mx\/en\/wp-json\/wp\/v2\/pages"}],"about":[{"href":"https:\/\/atsamed.com.mx\/en\/wp-json\/wp\/v2\/types\/page"}],"author":[{"embeddable":true,"href":"https:\/\/atsamed.com.mx\/en\/wp-json\/wp\/v2\/users\/1"}],"replies":[{"embeddable":true,"href":"https:\/\/atsamed.com.mx\/en\/wp-json\/wp\/v2\/comments?post=3256"}],"version-history":[{"count":29,"href":"https:\/\/atsamed.com.mx\/en\/wp-json\/wp\/v2\/pages\/3256\/revisions"}],"predecessor-version":[{"id":5692,"href":"https:\/\/atsamed.com.mx\/en\/wp-json\/wp\/v2\/pages\/3256\/revisions\/5692"}],"wp:attachment":[{"href":"https:\/\/atsamed.com.mx\/en\/wp-json\/wp\/v2\/media?parent=3256"}],"curies":[{"name":"wp","href":"https:\/\/api.w.org\/{rel}","templated":true}]}}