{"id":3250,"date":"2021-09-02T18:15:51","date_gmt":"2021-09-02T23:15:51","guid":{"rendered":"https:\/\/atsamed.com.mx\/?page_id=3250"},"modified":"2022-09-27T16:16:45","modified_gmt":"2022-09-27T21:16:45","slug":"bomba-kangaroo","status":"publish","type":"page","link":"https:\/\/atsamed.com.mx\/en\/bomba-kangaroo\/","title":{"rendered":"Bomba de Alimentaci\u00f3n Enteral"},"content":{"rendered":"<div data-elementor-type=\"wp-page\" data-elementor-id=\"3250\" class=\"elementor elementor-3250\" data-elementor-post-type=\"page\">\n\t\t\t\t\t\t<section class=\"elementor-section elementor-top-section elementor-element elementor-element-42d55617 elementor-section-boxed elementor-section-height-default elementor-section-height-default\" data-id=\"42d55617\" data-element_type=\"section\">\n\t\t\t\t\t\t<div class=\"elementor-container elementor-column-gap-wider\">\n\t\t\t\t\t<div class=\"elementor-column elementor-col-50 elementor-top-column elementor-element elementor-element-71a57ebf\" data-id=\"71a57ebf\" data-element_type=\"column\">\n\t\t\t<div class=\"elementor-widget-wrap elementor-element-populated\">\n\t\t\t\t\t\t<div class=\"elementor-element elementor-element-086f434 elementor-widget elementor-widget-image\" data-id=\"086f434\" data-element_type=\"widget\" data-widget_type=\"image.default\">\n\t\t\t\t<div class=\"elementor-widget-container\">\n\t\t\t\t\t\t\t\t\t\t\t\t\t\t\t<img fetchpriority=\"high\" decoding=\"async\" width=\"1000\" height=\"1000\" src=\"https:\/\/atsamed.com.mx\/wp-content\/uploads\/2021\/09\/4.jpg\" class=\"attachment-large size-large wp-image-3689\" alt=\"\" srcset=\"https:\/\/atsamed.com.mx\/wp-content\/uploads\/2021\/09\/4.jpg 1000w, https:\/\/atsamed.com.mx\/wp-content\/uploads\/2021\/09\/4-300x300.jpg 300w, https:\/\/atsamed.com.mx\/wp-content\/uploads\/2021\/09\/4-150x150.jpg 150w, https:\/\/atsamed.com.mx\/wp-content\/uploads\/2021\/09\/4-768x768.jpg 768w, https:\/\/atsamed.com.mx\/wp-content\/uploads\/2021\/09\/4-12x12.jpg 12w, https:\/\/atsamed.com.mx\/wp-content\/uploads\/2021\/09\/4-600x600.jpg 600w, https:\/\/atsamed.com.mx\/wp-content\/uploads\/2021\/09\/4-100x100.jpg 100w\" sizes=\"(max-width: 1000px) 100vw, 1000px\" \/>\t\t\t\t\t\t\t\t\t\t\t\t\t\t\t<\/div>\n\t\t\t\t<\/div>\n\t\t\t\t\t<\/div>\n\t\t<\/div>\n\t\t\t\t<div class=\"elementor-column elementor-col-50 elementor-top-column elementor-element elementor-element-4295df22\" data-id=\"4295df22\" data-element_type=\"column\" data-settings=\"{&quot;background_background&quot;:&quot;classic&quot;}\">\n\t\t\t<div class=\"elementor-widget-wrap elementor-element-populated\">\n\t\t\t\t\t\t<div class=\"elementor-element elementor-element-2d9f55c7 elementor-widget elementor-widget-heading\" data-id=\"2d9f55c7\" data-element_type=\"widget\" data-widget_type=\"heading.default\">\n\t\t\t\t<div class=\"elementor-widget-container\">\n\t\t\t\t\t<h2 class=\"elementor-heading-title elementor-size-default\">Rental Services<\/h2>\t\t\t\t<\/div>\n\t\t\t\t<\/div>\n\t\t\t\t<div class=\"elementor-element elementor-element-3d2c27c6 elementor-widget elementor-widget-heading\" data-id=\"3d2c27c6\" data-element_type=\"widget\" data-widget_type=\"heading.default\">\n\t\t\t\t<div class=\"elementor-widget-container\">\n\t\t\t\t\t<h2 class=\"elementor-heading-title elementor-size-default\">Enteral Feeding Pump - Kangaroo ePump<\/h2>\t\t\t\t<\/div>\n\t\t\t\t<\/div>\n\t\t\t\t<div class=\"elementor-element elementor-element-354a1890 elementor-widget elementor-widget-text-editor\" data-id=\"354a1890\" data-element_type=\"widget\" data-widget_type=\"text-editor.default\">\n\t\t\t\t<div class=\"elementor-widget-container\">\n\t\t\t\t\t\t\t\t\t<p><strong>Feeding with irrigation \/ rinsing<\/strong><\/p><p>The only enteral feeding pump on the market that allows the desired scheduling of nutrition and irrigation ensuring that the patient is well fed, hydrated and safe. Easy operation, allows review of feeding history, as well as feed administration in continuous and intermittent mode. Improves tolerance of nutrition.<\/p><ul><li>Bolus Feeding Option (intermittent).<\/li><li>Continuous feeding.<\/li><li>Action \"RESUME IN\" to stop the administration for 30 minutes and automatically resume the administration, keeping the same values.<\/li><li>KTO action (keep probe open).<\/li><li>Lightweight, Easy to Handle, Ideal for Homecare, Design for feeding, Enteral.<\/li><\/ul>\t\t\t\t\t\t\t\t<\/div>\n\t\t\t\t<\/div>\n\t\t\t\t\t<\/div>\n\t\t<\/div>\n\t\t\t\t\t<\/div>\n\t\t<\/section>\n\t\t\t\t<section class=\"elementor-section elementor-top-section elementor-element elementor-element-83d9ba9 elementor-section-boxed elementor-section-height-default elementor-section-height-default\" data-id=\"83d9ba9\" data-element_type=\"section\">\n\t\t\t\t\t\t<div class=\"elementor-container elementor-column-gap-default\">\n\t\t\t\t\t<div class=\"elementor-column elementor-col-50 elementor-top-column elementor-element elementor-element-db50dd2\" data-id=\"db50dd2\" data-element_type=\"column\">\n\t\t\t<div class=\"elementor-widget-wrap elementor-element-populated\">\n\t\t\t\t\t\t<div class=\"elementor-element elementor-element-72486b2 elementor-widget elementor-widget-text-editor\" data-id=\"72486b2\" data-element_type=\"widget\" data-widget_type=\"text-editor.default\">\n\t\t\t\t<div class=\"elementor-widget-container\">\n\t\t\t\t\t\t\t\t\t<p><strong>Characteristics:<\/strong><\/p><ul><li>Autonomous<\/li><li>Smart technology<\/li><li>Ease of operation<\/li><li>Power history up to 72 hrs<\/li><li>DEHP Free Pump Kit<\/li><li>Anti-free-flow pump kit<\/li><li>Pressure PSI 15 psi. Reduces unnecessary stoppages and occlusion flow error alarms.<\/li><\/ul>\t\t\t\t\t\t\t\t<\/div>\n\t\t\t\t<\/div>\n\t\t\t\t\t<\/div>\n\t\t<\/div>\n\t\t\t\t<div class=\"elementor-column elementor-col-50 elementor-top-column elementor-element elementor-element-3ebb8cc\" data-id=\"3ebb8cc\" data-element_type=\"column\">\n\t\t\t<div class=\"elementor-widget-wrap elementor-element-populated\">\n\t\t\t\t\t\t<div class=\"elementor-element elementor-element-ad85647 elementor-widget elementor-widget-image\" data-id=\"ad85647\" data-element_type=\"widget\" data-widget_type=\"image.default\">\n\t\t\t\t<div class=\"elementor-widget-container\">\n\t\t\t\t\t\t\t\t\t\t\t\t\t\t\t<img decoding=\"async\" width=\"539\" height=\"297\" src=\"https:\/\/atsamed.com.mx\/wp-content\/uploads\/2021\/09\/4.png\" class=\"attachment-large size-large wp-image-3386\" alt=\"\" srcset=\"https:\/\/atsamed.com.mx\/wp-content\/uploads\/2021\/09\/4.png 539w, https:\/\/atsamed.com.mx\/wp-content\/uploads\/2021\/09\/4-300x165.png 300w, https:\/\/atsamed.com.mx\/wp-content\/uploads\/2021\/09\/4-18x10.png 18w\" sizes=\"(max-width: 539px) 100vw, 539px\" \/>\t\t\t\t\t\t\t\t\t\t\t\t\t\t\t<\/div>\n\t\t\t\t<\/div>\n\t\t\t\t\t<\/div>\n\t\t<\/div>\n\t\t\t\t\t<\/div>\n\t\t<\/section>\n\t\t\t\t<\/div>","protected":false},"excerpt":{"rendered":"<p>Servicios de Renta Bomba de Alimentaci\u00f3n Enteral- Kangaroo ePump. Alimentaci\u00f3n con irrigaci\u00f3n\/enjuague \u00danica bomba de alimentaci\u00f3n enteral en el mercado que permite la programaci\u00f3n deseada de nutrici\u00f3n e irrigaci\u00f3n asegurando que el paciente est\u00e9 bien alimentado, hidratado y seguro. F\u00e1cil operaci\u00f3n, permite revisar el historial de alimentaci\u00f3n, as\u00ed como administraci\u00f3n de alimento en modo continuo [&hellip;]<\/p>","protected":false},"author":1,"featured_media":0,"parent":0,"menu_order":0,"comment_status":"closed","ping_status":"closed","template":"","meta":{"site-sidebar-layout":"no-sidebar","site-content-layout":"page-builder","ast-site-content-layout":"default","site-content-style":"default","site-sidebar-style":"default","ast-global-header-display":"","ast-banner-title-visibility":"","ast-main-header-display":"","ast-hfb-above-header-display":"","ast-hfb-below-header-display":"","ast-hfb-mobile-header-display":"","site-post-title":"disabled","ast-breadcrumbs-content":"","ast-featured-img":"disabled","footer-sml-layout":"","theme-transparent-header-meta":"default","adv-header-id-meta":"","stick-header-meta":"","header-above-stick-meta":"","header-main-stick-meta":"","header-below-stick-meta":"","astra-migrate-meta-layouts":"default","ast-page-background-enabled":"default","ast-page-background-meta":{"desktop":{"background-color":"var(--ast-global-color-4)","background-image":"","background-repeat":"repeat","background-position":"center center","background-size":"auto","background-attachment":"scroll","background-type":"","background-media":"","overlay-type":"","overlay-color":"","overlay-opacity":"","overlay-gradient":""},"tablet":{"background-color":"","background-image":"","background-repeat":"repeat","background-position":"center center","background-size":"auto","background-attachment":"scroll","background-type":"","background-media":"","overlay-type":"","overlay-color":"","overlay-opacity":"","overlay-gradient":""},"mobile":{"background-color":"","background-image":"","background-repeat":"repeat","background-position":"center center","background-size":"auto","background-attachment":"scroll","background-type":"","background-media":"","overlay-type":"","overlay-color":"","overlay-opacity":"","overlay-gradient":""}},"ast-content-background-meta":{"desktop":{"background-color":"var(--ast-global-color-5)","background-image":"","background-repeat":"repeat","background-position":"center center","background-size":"auto","background-attachment":"scroll","background-type":"","background-media":"","overlay-type":"","overlay-color":"","overlay-opacity":"","overlay-gradient":""},"tablet":{"background-color":"var(--ast-global-color-5)","background-image":"","background-repeat":"repeat","background-position":"center center","background-size":"auto","background-attachment":"scroll","background-type":"","background-media":"","overlay-type":"","overlay-color":"","overlay-opacity":"","overlay-gradient":""},"mobile":{"background-color":"var(--ast-global-color-5)","background-image":"","background-repeat":"repeat","background-position":"center center","background-size":"auto","background-attachment":"scroll","background-type":"","background-media":"","overlay-type":"","overlay-color":"","overlay-opacity":"","overlay-gradient":""}},"_joinchat":[],"footnotes":""},"class_list":["post-3250","page","type-page","status-publish","hentry"],"yoast_head":"<!-- This site is optimized with the Yoast SEO plugin v26.1.1 - https:\/\/yoast.com\/wordpress\/plugins\/seo\/ -->\n<title>Bomba de Alimentaci\u00f3n Enteral - Atsamed<\/title>\n<meta name=\"robots\" content=\"index, follow, max-snippet:-1, max-image-preview:large, max-video-preview:-1\" \/>\n<link rel=\"canonical\" href=\"https:\/\/atsamed.com.mx\/en\/bomba-kangaroo\/\" \/>\n<meta property=\"og:locale\" content=\"en_US\" \/>\n<meta property=\"og:type\" content=\"article\" \/>\n<meta property=\"og:title\" content=\"Bomba de Alimentaci\u00f3n Enteral - Atsamed\" \/>\n<meta property=\"og:description\" content=\"Servicios de Renta Bomba de Alimentaci\u00f3n Enteral- Kangaroo ePump. Alimentaci\u00f3n con irrigaci\u00f3n\/enjuague \u00danica bomba de alimentaci\u00f3n enteral en el mercado que permite la programaci\u00f3n deseada de nutrici\u00f3n e irrigaci\u00f3n asegurando que el paciente est\u00e9 bien alimentado, hidratado y seguro. F\u00e1cil operaci\u00f3n, permite revisar el historial de alimentaci\u00f3n, as\u00ed como administraci\u00f3n de alimento en modo continuo [&hellip;]\" \/>\n<meta property=\"og:url\" content=\"https:\/\/atsamed.com.mx\/en\/bomba-kangaroo\/\" \/>\n<meta property=\"og:site_name\" content=\"Atsamed\" \/>\n<meta property=\"article:publisher\" content=\"https:\/\/www.facebook.com\/atsamed.mx\" \/>\n<meta property=\"article:modified_time\" content=\"2022-09-27T21:16:45+00:00\" \/>\n<meta property=\"og:image\" content=\"https:\/\/atsamed.com.mx\/wp-content\/uploads\/2021\/09\/4.jpg\" \/>\n<meta name=\"twitter:card\" content=\"summary_large_image\" \/>\n<meta name=\"twitter:label1\" content=\"Est. reading time\" \/>\n\t<meta name=\"twitter:data1\" content=\"2 minutes\" \/>\n<script type=\"application\/ld+json\" class=\"yoast-schema-graph\">{\"@context\":\"https:\/\/schema.org\",\"@graph\":[{\"@type\":\"WebPage\",\"@id\":\"https:\/\/atsamed.com.mx\/bomba-kangaroo\/\",\"url\":\"https:\/\/atsamed.com.mx\/bomba-kangaroo\/\",\"name\":\"Bomba de Alimentaci\u00f3n Enteral - Atsamed\",\"isPartOf\":{\"@id\":\"https:\/\/atsamed.com.mx\/#website\"},\"primaryImageOfPage\":{\"@id\":\"https:\/\/atsamed.com.mx\/bomba-kangaroo\/#primaryimage\"},\"image\":{\"@id\":\"https:\/\/atsamed.com.mx\/bomba-kangaroo\/#primaryimage\"},\"thumbnailUrl\":\"https:\/\/atsamed.com.mx\/wp-content\/uploads\/2021\/09\/4.jpg\",\"datePublished\":\"2021-09-02T23:15:51+00:00\",\"dateModified\":\"2022-09-27T21:16:45+00:00\",\"breadcrumb\":{\"@id\":\"https:\/\/atsamed.com.mx\/bomba-kangaroo\/#breadcrumb\"},\"inLanguage\":\"en-US\",\"potentialAction\":[{\"@type\":\"ReadAction\",\"target\":[\"https:\/\/atsamed.com.mx\/bomba-kangaroo\/\"]}]},{\"@type\":\"ImageObject\",\"inLanguage\":\"en-US\",\"@id\":\"https:\/\/atsamed.com.mx\/bomba-kangaroo\/#primaryimage\",\"url\":\"https:\/\/atsamed.com.mx\/wp-content\/uploads\/2021\/09\/4.jpg\",\"contentUrl\":\"https:\/\/atsamed.com.mx\/wp-content\/uploads\/2021\/09\/4.jpg\"},{\"@type\":\"BreadcrumbList\",\"@id\":\"https:\/\/atsamed.com.mx\/bomba-kangaroo\/#breadcrumb\",\"itemListElement\":[{\"@type\":\"ListItem\",\"position\":1,\"name\":\"Inicio\",\"item\":\"https:\/\/atsamed.com.mx\/\"},{\"@type\":\"ListItem\",\"position\":2,\"name\":\"Bomba de Alimentaci\u00f3n Enteral\"}]},{\"@type\":\"WebSite\",\"@id\":\"https:\/\/atsamed.com.mx\/#website\",\"url\":\"https:\/\/atsamed.com.mx\/\",\"name\":\"Atsamed\",\"description\":\"Abastecedor terap\u00e9utico\",\"publisher\":{\"@id\":\"https:\/\/atsamed.com.mx\/#organization\"},\"potentialAction\":[{\"@type\":\"SearchAction\",\"target\":{\"@type\":\"EntryPoint\",\"urlTemplate\":\"https:\/\/atsamed.com.mx\/?s={search_term_string}\"},\"query-input\":{\"@type\":\"PropertyValueSpecification\",\"valueRequired\":true,\"valueName\":\"search_term_string\"}}],\"inLanguage\":\"en-US\"},{\"@type\":\"Organization\",\"@id\":\"https:\/\/atsamed.com.mx\/#organization\",\"name\":\"atsamed\",\"url\":\"https:\/\/atsamed.com.mx\/\",\"logo\":{\"@type\":\"ImageObject\",\"inLanguage\":\"en-US\",\"@id\":\"https:\/\/atsamed.com.mx\/#\/schema\/logo\/image\/\",\"url\":\"https:\/\/atsamed.com.mx\/wp-content\/uploads\/2021\/07\/cropped-Logo-ATSA-Transparencia.png\",\"contentUrl\":\"https:\/\/atsamed.com.mx\/wp-content\/uploads\/2021\/07\/cropped-Logo-ATSA-Transparencia.png\",\"width\":641,\"height\":184,\"caption\":\"atsamed\"},\"image\":{\"@id\":\"https:\/\/atsamed.com.mx\/#\/schema\/logo\/image\/\"},\"sameAs\":[\"https:\/\/www.facebook.com\/atsamed.mx\",\"https:\/\/mx.linkedin.com\/company\/atsamed\"]}]}<\/script>\n<!-- \/ Yoast SEO plugin. -->","yoast_head_json":{"title":"Bomba de Alimentaci\u00f3n Enteral - Atsamed","robots":{"index":"index","follow":"follow","max-snippet":"max-snippet:-1","max-image-preview":"max-image-preview:large","max-video-preview":"max-video-preview:-1"},"canonical":"https:\/\/atsamed.com.mx\/en\/bomba-kangaroo\/","og_locale":"en_US","og_type":"article","og_title":"Bomba de Alimentaci\u00f3n Enteral - Atsamed","og_description":"Servicios de Renta Bomba de Alimentaci\u00f3n Enteral- Kangaroo ePump. Alimentaci\u00f3n con irrigaci\u00f3n\/enjuague \u00danica bomba de alimentaci\u00f3n enteral en el mercado que permite la programaci\u00f3n deseada de nutrici\u00f3n e irrigaci\u00f3n asegurando que el paciente est\u00e9 bien alimentado, hidratado y seguro. F\u00e1cil operaci\u00f3n, permite revisar el historial de alimentaci\u00f3n, as\u00ed como administraci\u00f3n de alimento en modo continuo [&hellip;]","og_url":"https:\/\/atsamed.com.mx\/en\/bomba-kangaroo\/","og_site_name":"Atsamed","article_publisher":"https:\/\/www.facebook.com\/atsamed.mx","article_modified_time":"2022-09-27T21:16:45+00:00","og_image":[{"url":"https:\/\/atsamed.com.mx\/wp-content\/uploads\/2021\/09\/4.jpg","type":"","width":"","height":""}],"twitter_card":"summary_large_image","twitter_misc":{"Est. reading time":"2 minutes"},"schema":{"@context":"https:\/\/schema.org","@graph":[{"@type":"WebPage","@id":"https:\/\/atsamed.com.mx\/bomba-kangaroo\/","url":"https:\/\/atsamed.com.mx\/bomba-kangaroo\/","name":"Bomba de Alimentaci\u00f3n Enteral - Atsamed","isPartOf":{"@id":"https:\/\/atsamed.com.mx\/#website"},"primaryImageOfPage":{"@id":"https:\/\/atsamed.com.mx\/bomba-kangaroo\/#primaryimage"},"image":{"@id":"https:\/\/atsamed.com.mx\/bomba-kangaroo\/#primaryimage"},"thumbnailUrl":"https:\/\/atsamed.com.mx\/wp-content\/uploads\/2021\/09\/4.jpg","datePublished":"2021-09-02T23:15:51+00:00","dateModified":"2022-09-27T21:16:45+00:00","breadcrumb":{"@id":"https:\/\/atsamed.com.mx\/bomba-kangaroo\/#breadcrumb"},"inLanguage":"en-US","potentialAction":[{"@type":"ReadAction","target":["https:\/\/atsamed.com.mx\/bomba-kangaroo\/"]}]},{"@type":"ImageObject","inLanguage":"en-US","@id":"https:\/\/atsamed.com.mx\/bomba-kangaroo\/#primaryimage","url":"https:\/\/atsamed.com.mx\/wp-content\/uploads\/2021\/09\/4.jpg","contentUrl":"https:\/\/atsamed.com.mx\/wp-content\/uploads\/2021\/09\/4.jpg"},{"@type":"BreadcrumbList","@id":"https:\/\/atsamed.com.mx\/bomba-kangaroo\/#breadcrumb","itemListElement":[{"@type":"ListItem","position":1,"name":"Inicio","item":"https:\/\/atsamed.com.mx\/"},{"@type":"ListItem","position":2,"name":"Bomba de Alimentaci\u00f3n Enteral"}]},{"@type":"WebSite","@id":"https:\/\/atsamed.com.mx\/#website","url":"https:\/\/atsamed.com.mx\/","name":"Atsamed","description":"Abastecedor terap\u00e9utico","publisher":{"@id":"https:\/\/atsamed.com.mx\/#organization"},"potentialAction":[{"@type":"SearchAction","target":{"@type":"EntryPoint","urlTemplate":"https:\/\/atsamed.com.mx\/?s={search_term_string}"},"query-input":{"@type":"PropertyValueSpecification","valueRequired":true,"valueName":"search_term_string"}}],"inLanguage":"en-US"},{"@type":"Organization","@id":"https:\/\/atsamed.com.mx\/#organization","name":"atsamed","url":"https:\/\/atsamed.com.mx\/","logo":{"@type":"ImageObject","inLanguage":"en-US","@id":"https:\/\/atsamed.com.mx\/#\/schema\/logo\/image\/","url":"https:\/\/atsamed.com.mx\/wp-content\/uploads\/2021\/07\/cropped-Logo-ATSA-Transparencia.png","contentUrl":"https:\/\/atsamed.com.mx\/wp-content\/uploads\/2021\/07\/cropped-Logo-ATSA-Transparencia.png","width":641,"height":184,"caption":"atsamed"},"image":{"@id":"https:\/\/atsamed.com.mx\/#\/schema\/logo\/image\/"},"sameAs":["https:\/\/www.facebook.com\/atsamed.mx","https:\/\/mx.linkedin.com\/company\/atsamed"]}]}},"_links":{"self":[{"href":"https:\/\/atsamed.com.mx\/en\/wp-json\/wp\/v2\/pages\/3250","targetHints":{"allow":["GET"]}}],"collection":[{"href":"https:\/\/atsamed.com.mx\/en\/wp-json\/wp\/v2\/pages"}],"about":[{"href":"https:\/\/atsamed.com.mx\/en\/wp-json\/wp\/v2\/types\/page"}],"author":[{"embeddable":true,"href":"https:\/\/atsamed.com.mx\/en\/wp-json\/wp\/v2\/users\/1"}],"replies":[{"embeddable":true,"href":"https:\/\/atsamed.com.mx\/en\/wp-json\/wp\/v2\/comments?post=3250"}],"version-history":[{"count":23,"href":"https:\/\/atsamed.com.mx\/en\/wp-json\/wp\/v2\/pages\/3250\/revisions"}],"predecessor-version":[{"id":5371,"href":"https:\/\/atsamed.com.mx\/en\/wp-json\/wp\/v2\/pages\/3250\/revisions\/5371"}],"wp:attachment":[{"href":"https:\/\/atsamed.com.mx\/en\/wp-json\/wp\/v2\/media?parent=3250"}],"curies":[{"name":"wp","href":"https:\/\/api.w.org\/{rel}","templated":true}]}}