{"id":26,"date":"2021-07-27T17:40:39","date_gmt":"2021-07-27T17:40:39","guid":{"rendered":"https:\/\/atsamed.com.mx\/?page_id=26"},"modified":"2021-08-09T16:38:53","modified_gmt":"2021-08-09T21:38:53","slug":"politica-de-privacidad","status":"publish","type":"page","link":"https:\/\/atsamed.com.mx\/en\/politica-de-privacidad\/","title":{"rendered":"Pol\u00edtica de Privacidad"},"content":{"rendered":"<div data-elementor-type=\"wp-page\" data-elementor-id=\"26\" class=\"elementor elementor-26\" data-elementor-post-type=\"page\">\n\t\t\t\t\t\t<section class=\"elementor-section elementor-top-section elementor-element elementor-element-3529911 elementor-section-boxed elementor-section-height-default elementor-section-height-default\" data-id=\"3529911\" data-element_type=\"section\">\n\t\t\t\t\t\t<div class=\"elementor-container elementor-column-gap-default\">\n\t\t\t\t\t<div class=\"elementor-column elementor-col-100 elementor-top-column elementor-element elementor-element-aba833e\" data-id=\"aba833e\" data-element_type=\"column\">\n\t\t\t<div class=\"elementor-widget-wrap elementor-element-populated\">\n\t\t\t\t\t\t<div class=\"elementor-element elementor-element-30616b5 elementor-widget elementor-widget-heading\" data-id=\"30616b5\" data-element_type=\"widget\" data-widget_type=\"heading.default\">\n\t\t\t\t<div class=\"elementor-widget-container\">\n\t\t\t\t\t<h2 class=\"elementor-heading-title elementor-size-default\">AVISO DE PRIVACIDAD ATSA PARA LA PROTECCI\u00d3N DE DATOS \nPERSONALES<\/h2>\t\t\t\t<\/div>\n\t\t\t\t<\/div>\n\t\t\t\t<div class=\"elementor-element elementor-element-97609a1 elementor-widget elementor-widget-text-editor\" data-id=\"97609a1\" data-element_type=\"widget\" data-widget_type=\"text-editor.default\">\n\t\t\t\t<div class=\"elementor-widget-container\">\n\t\t\t\t\t\t\t\t\t<p><strong>ABASTECEDOR TERAP\u00c9UTICO, S.A. de C.V. (\u201cATSA\u201d)<\/strong>, empresa comercializadora, con domicilio ubicado Cruz Valle Verde No 20 INT 3 Col Santa <br \/>Cruz del Monte C.P. 53110 Naucalpan de Ju\u00e1rez Estado de M\u00e9xico, hace de su conocimiento que los datos personales recabados por escrito, v\u00eda electr\u00f3nica, <br \/>telef\u00f3nica, en presencia del propio titular de los datos, o de cualquier otra forma, ser\u00e1 responsabilidad exclusiva de <strong>ATSA<\/strong> en lo que concierne a la forma de obtener <br \/>y tratar dicha informaci\u00f3n incluyendo su correcta protecci\u00f3n. Los datos personales que se requieren obtener, entre otros, son los siguientes: nombre completo, domicilio, clave de R.F.C. con homoclave, direcci\u00f3n de correo electr\u00f3nico, n\u00fameros telef\u00f3nicos, sexo, estado civil, n\u00famero de seguridad social, nivel de estudios, referencias personales y laborales, n\u00famero de cuenta bancaria para el dep\u00f3sito de sueldos y salarios, n\u00famero de c\u00e9dula profesional, n\u00famero de licencia de manejo, tipo de sangre, informaci\u00f3n econ\u00f3mica de empleos anteriores, y aspectos de salud.<\/p><p>En el \u00e1mbito de los servicios a clientes, las finalidades principales del tratamiento <br \/>de los datos personales son:<\/p><p>\u2022 Organizaci\u00f3n de eventos, obsequios, incentivos y encuestas de servicio a clientes;<br \/>\u2022 Env\u00edo de material promocional;<br \/>\u2022 Fines estad\u00edsticos, intercambio de informaci\u00f3n cient\u00edfica y educativa, estudios de mercado;<br \/>\u2022 Reportes a las autoridades sanitarias relativas a posibles experiencias adversas de medicamentos, inspecciones, auditor\u00edas o seg\u00fan sea ordenado autoridades administrativas o judiciales; <br \/>\u2022 An\u00e1lisis de cr\u00e9dito; y<br \/>\u2022 Otras finalidades de naturaleza an\u00e1loga.<br \/>En el \u00e1mbito de los proveedores, las finalidades principales del tratamiento de datos personales son:<br \/>\u2022 Recepci\u00f3n y pago de facturas y\/o recibos de honorarios;<br \/>\u2022 Gesti\u00f3n de proveedores: incluyendo su proceso de selecci\u00f3n y contrataci\u00f3n; la gesti\u00f3n de las solicitudes de \u00f3rdenes de compra y\/o contratos;<br \/>\u2022 Cumplimiento de mandamientos administrativos o judiciales; y<br \/>\u2022 Otras finalidades de naturaleza an\u00e1loga.<br \/>Los datos personales tratados por ATSA se encuentran protegidos por medidas de seguridad administrativas, t\u00e9cnicas y f\u00edsicas adecuadas contra el da\u00f1o, p\u00e9rdida, <br \/>alteraci\u00f3n, destrucci\u00f3n o uso, acceso o tratamiento no autorizados, de conformidad con lo dispuesto en la Ley Federal de Protecci\u00f3n de Datos Personales en Posesi\u00f3n de Particulares, a quien en lo sucesivo se le denominar\u00e1 (\u201cLFPDP\u201d) y en la regulaci\u00f3n administrativa que derive de la misma. Todos los datos personales almacenados en formato electr\u00f3nico, se mantienen en bancos de datos confidenciales y seguros.<br \/>De igual forma, le informamos que sus datos personales pueden ser transferidos y tratados dentro y fuera del pa\u00eds, por personas distintas a esta empresa. En ese <br \/>sentido, su informaci\u00f3n puede ser compartida con terceros que act\u00faen en nombre de ATSA o cualquiera de sus filiales nacionales o extranjeras, para procesarlos de <br \/>acuerdo con el\/los objetivo(s) para los cuales fueron originariamente recopilados o procesarse para cualquier otro objetivo autorizado por la Ley. Estos terceros han <br \/>firmado acuerdos con ATSA en los que se comprometen a utilizar su informaci\u00f3n personal y\/o personal sensible solamente para el cumplimiento de los objetivos <br \/>acordados, as\u00ed como a no vender o revelar su informaci\u00f3n personal y\/o personal sensible a terceros, excepto en aquellos casos autorizados por la Ley, con previa <br \/>autorizaci\u00f3n de ATSA.<br \/>Asimismo, se le comunica que en todo momento tiene derecho de Acceder, Rectificar y Cancelar sus datos personales, as\u00ed como de Oponerse al tratamiento de los mismos o revocar el consentimiento que para tal fin nos haya otorgado. <br \/>Para ejercer los Derechos ARCO, que le concede la ley de la materia, el Titular puede presentar ante ATSA una solicitud de Acceso, Rectificaci\u00f3n, Cancelaci\u00f3n u <br \/>Oposici\u00f3n al tratamiento de datos a trav\u00e9s de los distintos medios que ponemos a su disposici\u00f3n:<br \/><b>Correo electr\u00f3nico<\/b>: privacidad@atsamed.com.mx<br \/><b>Telephone<\/b>: 5562-3432 ext. 137<br \/><b>Directamente acudiendo a nuestro domicilio<\/b> ubicado Cruz Valle <br \/>Verde No 20 INT 3 Col Santa Cruz del Monte C.P. 53110 Naucalpan de Ju\u00e1rez Estado de M\u00e9xico.<br \/>Para ejercer los derechos ARCO, usted debe presentar una solicitud de Acceso, Rectificaci\u00f3n, Cancelaci\u00f3n u Oposici\u00f3n con la informaci\u00f3n y documentaci\u00f3n <br \/>siguiente: (i) el nombre del titular y domicilio u otro medio para comunicarle la respuesta a su solicitud; (ii) los documentos que acrediten su identidad (copia <br \/>simple en formato impreso o electr\u00f3nico de su credencial de elector, pasaporte o FM-3) o, en su caso, la representaci\u00f3n legal del titular (copia simple en formato <br \/>impreso o electr\u00f3nico de la carta poder simple con firma aut\u00f3grafa del titular, dos testigos y el mandatario y sus correspondientes identificaciones oficiales <br \/>credencial de elector, pasaporte o FM-3); (iii) la descripci\u00f3n clara y precisa de los datos personales respecto de los que busca ejercer alguno de los derechos <br \/>ARCO; y (iv) cualquier otro elemento o documento que facilite la localizaci\u00f3n de sus datos personales. <br \/>En el caso de las solicitudes de rectificaci\u00f3n de datos personales, usted deber\u00e1 tambi\u00e9n indicar las modificaciones a realizarse y aportar la documentaci\u00f3n que sustente su petici\u00f3n. ATSA le responder\u00e1 en un plazo m\u00e1ximo de veinte d\u00edas, contados desde la fecha en que recibi\u00f3 la solicitud de acceso, rectificaci\u00f3n, cancelaci\u00f3n u oposici\u00f3n, su determinaci\u00f3n adoptada, a efecto de que, si resulta procedente, se haga efectiva la misma dentro de los quince d\u00edas siguientes a la fecha en que se le comunica la respuesta. Trat\u00e1ndose de solicitudes de acceso a datos personales, ATSA proceder\u00e1 con su entrega previa acreditaci\u00f3n de su identidad del solicitante o de su representante legal, seg\u00fan corresponda. Los plazos antes referidos podr\u00e1n ser ampliados una sola vez por un periodo igual, siempre y cuando as\u00ed lo justifiquen las circunstancias del caso. La entrega de los datos personales ser\u00e1 gratuita, solamente le corresponder\u00e1 cubrir los gastos justificados de env\u00edo o el costo de reproducci\u00f3n en copias u otros formatos. En el caso de que usted reitere su solicitud en un periodo menor a doce meses, deber\u00e1 cubrir los costos correspondientes en t\u00e9rminos de la (\u201cLFPDP\u201d), a menos que existan modificaciones sustanciales al aviso de privacidad que motiven nuevas consultas.<br \/>ATSA podr\u00e1 modificar en cualquier momento el presente Aviso de Privacidad, con el objeto de instrumentar mejoras o incorporar nuevas medidas previstas en la Ley <br \/>y otras disposiciones normativas, cuesti\u00f3n por la cual se le sugiere revisar con regularidad su contenido. Las actualizaciones ser\u00e1n publicadas en con la fecha de <br \/>revisi\u00f3n actualizada la secci\u00f3n correspondiente de la p\u00e1gina web http:\/\/www.atsamed.com.mx Si ATSA hace cambios significativos, tambi\u00e9n le notificar\u00e1 por otros medios tales como el env\u00edo de correo electr\u00f3nico en caso de estar disponible. <br \/>Usted proporciona su consentimiento expreso para la recolecci\u00f3n, tratamiento y uso de sus datos personales conformidad con el presente Aviso de Privacidad al manifestar su voluntad mediante declaraci\u00f3n oral, o a trav\u00e9s de medios electr\u00f3nicos, o al proporcionar voluntariamente a ATSA la informaci\u00f3n solicitada. <br \/>Usted proporciona su consentimiento t\u00e1cito para el tratamiento de sus datos personales al no oponerse a este aviso de privacidad publicado en el sitio <br \/>https:\/\/www.atsamed.com.mx<\/p>\t\t\t\t\t\t\t\t<\/div>\n\t\t\t\t<\/div>\n\t\t\t\t\t<\/div>\n\t\t<\/div>\n\t\t\t\t\t<\/div>\n\t\t<\/section>\n\t\t\t\t<\/div>","protected":false},"excerpt":{"rendered":"<p>AVISO DE PRIVACIDAD ATSA PARA LA PROTECCI\u00d3N DE DATOS PERSONALES ABASTECEDOR TERAP\u00c9UTICO, S.A. de C.V. (\u201cATSA\u201d), empresa comercializadora, con domicilio ubicado Cruz Valle Verde No 20 INT 3 Col Santa Cruz del Monte C.P. 53110 Naucalpan de Ju\u00e1rez Estado de M\u00e9xico, hace de su conocimiento que los datos personales recabados por escrito, v\u00eda electr\u00f3nica, telef\u00f3nica, [&hellip;]<\/p>","protected":false},"author":1,"featured_media":0,"parent":0,"menu_order":0,"comment_status":"closed","ping_status":"closed","template":"","meta":{"site-sidebar-layout":"no-sidebar","site-content-layout":"page-builder","ast-site-content-layout":"default","site-content-style":"default","site-sidebar-style":"default","ast-global-header-display":"","ast-banner-title-visibility":"","ast-main-header-display":"","ast-hfb-above-header-display":"","ast-hfb-below-header-display":"","ast-hfb-mobile-header-display":"","site-post-title":"disabled","ast-breadcrumbs-content":"","ast-featured-img":"disabled","footer-sml-layout":"","theme-transparent-header-meta":"default","adv-header-id-meta":"","stick-header-meta":"","header-above-stick-meta":"","header-main-stick-meta":"","header-below-stick-meta":"","astra-migrate-meta-layouts":"default","ast-page-background-enabled":"default","ast-page-background-meta":{"desktop":{"background-color":"var(--ast-global-color-4)","background-image":"","background-repeat":"repeat","background-position":"center center","background-size":"auto","background-attachment":"scroll","background-type":"","background-media":"","overlay-type":"","overlay-color":"","overlay-opacity":"","overlay-gradient":""},"tablet":{"background-color":"","background-image":"","background-repeat":"repeat","background-position":"center center","background-size":"auto","background-attachment":"scroll","background-type":"","background-media":"","overlay-type":"","overlay-color":"","overlay-opacity":"","overlay-gradient":""},"mobile":{"background-color":"","background-image":"","background-repeat":"repeat","background-position":"center center","background-size":"auto","background-attachment":"scroll","background-type":"","background-media":"","overlay-type":"","overlay-color":"","overlay-opacity":"","overlay-gradient":""}},"ast-content-background-meta":{"desktop":{"background-color":"var(--ast-global-color-5)","background-image":"","background-repeat":"repeat","background-position":"center center","background-size":"auto","background-attachment":"scroll","background-type":"","background-media":"","overlay-type":"","overlay-color":"","overlay-opacity":"","overlay-gradient":""},"tablet":{"background-color":"var(--ast-global-color-5)","background-image":"","background-repeat":"repeat","background-position":"center center","background-size":"auto","background-attachment":"scroll","background-type":"","background-media":"","overlay-type":"","overlay-color":"","overlay-opacity":"","overlay-gradient":""},"mobile":{"background-color":"var(--ast-global-color-5)","background-image":"","background-repeat":"repeat","background-position":"center center","background-size":"auto","background-attachment":"scroll","background-type":"","background-media":"","overlay-type":"","overlay-color":"","overlay-opacity":"","overlay-gradient":""}},"_joinchat":[],"footnotes":""},"class_list":["post-26","page","type-page","status-publish","hentry"],"yoast_head":"<!-- This site is optimized with the Yoast SEO plugin v26.1.1 - https:\/\/yoast.com\/wordpress\/plugins\/seo\/ -->\n<title>Pol\u00edtica de Privacidad - Atsamed<\/title>\n<meta name=\"robots\" content=\"index, follow, max-snippet:-1, max-image-preview:large, max-video-preview:-1\" \/>\n<link rel=\"canonical\" href=\"https:\/\/atsamed.com.mx\/en\/politica-de-privacidad\/\" \/>\n<meta property=\"og:locale\" content=\"en_US\" \/>\n<meta property=\"og:type\" content=\"article\" \/>\n<meta property=\"og:title\" content=\"Pol\u00edtica de Privacidad - Atsamed\" \/>\n<meta property=\"og:description\" content=\"AVISO DE PRIVACIDAD ATSA PARA LA PROTECCI\u00d3N DE DATOS PERSONALES ABASTECEDOR TERAP\u00c9UTICO, S.A. de C.V. (\u201cATSA\u201d), empresa comercializadora, con domicilio ubicado Cruz Valle Verde No 20 INT 3 Col Santa Cruz del Monte C.P. 53110 Naucalpan de Ju\u00e1rez Estado de M\u00e9xico, hace de su conocimiento que los datos personales recabados por escrito, v\u00eda electr\u00f3nica, telef\u00f3nica, [&hellip;]\" \/>\n<meta property=\"og:url\" content=\"https:\/\/atsamed.com.mx\/en\/politica-de-privacidad\/\" \/>\n<meta property=\"og:site_name\" content=\"Atsamed\" \/>\n<meta property=\"article:publisher\" content=\"https:\/\/www.facebook.com\/atsamed.mx\" \/>\n<meta property=\"article:modified_time\" content=\"2021-08-09T21:38:53+00:00\" \/>\n<meta name=\"twitter:card\" content=\"summary_large_image\" \/>\n<meta name=\"twitter:label1\" content=\"Est. reading time\" \/>\n\t<meta name=\"twitter:data1\" content=\"6 minutes\" \/>\n<script type=\"application\/ld+json\" class=\"yoast-schema-graph\">{\"@context\":\"https:\/\/schema.org\",\"@graph\":[{\"@type\":\"WebPage\",\"@id\":\"https:\/\/atsamed.com.mx\/en\/politica-de-privacidad\/\",\"url\":\"https:\/\/atsamed.com.mx\/en\/politica-de-privacidad\/\",\"name\":\"Pol\u00edtica de Privacidad - Atsamed\",\"isPartOf\":{\"@id\":\"https:\/\/atsamed.com.mx\/#website\"},\"datePublished\":\"2021-07-27T17:40:39+00:00\",\"dateModified\":\"2021-08-09T21:38:53+00:00\",\"breadcrumb\":{\"@id\":\"https:\/\/atsamed.com.mx\/en\/politica-de-privacidad\/#breadcrumb\"},\"inLanguage\":\"en-US\",\"potentialAction\":[{\"@type\":\"ReadAction\",\"target\":[\"https:\/\/atsamed.com.mx\/en\/politica-de-privacidad\/\"]}]},{\"@type\":\"BreadcrumbList\",\"@id\":\"https:\/\/atsamed.com.mx\/en\/politica-de-privacidad\/#breadcrumb\",\"itemListElement\":[{\"@type\":\"ListItem\",\"position\":1,\"name\":\"Inicio\",\"item\":\"https:\/\/atsamed.com.mx\/\"},{\"@type\":\"ListItem\",\"position\":2,\"name\":\"Pol\u00edtica de Privacidad\"}]},{\"@type\":\"WebSite\",\"@id\":\"https:\/\/atsamed.com.mx\/#website\",\"url\":\"https:\/\/atsamed.com.mx\/\",\"name\":\"Atsamed\",\"description\":\"Abastecedor terap\u00e9utico\",\"publisher\":{\"@id\":\"https:\/\/atsamed.com.mx\/#organization\"},\"potentialAction\":[{\"@type\":\"SearchAction\",\"target\":{\"@type\":\"EntryPoint\",\"urlTemplate\":\"https:\/\/atsamed.com.mx\/?s={search_term_string}\"},\"query-input\":{\"@type\":\"PropertyValueSpecification\",\"valueRequired\":true,\"valueName\":\"search_term_string\"}}],\"inLanguage\":\"en-US\"},{\"@type\":\"Organization\",\"@id\":\"https:\/\/atsamed.com.mx\/#organization\",\"name\":\"atsamed\",\"url\":\"https:\/\/atsamed.com.mx\/\",\"logo\":{\"@type\":\"ImageObject\",\"inLanguage\":\"en-US\",\"@id\":\"https:\/\/atsamed.com.mx\/#\/schema\/logo\/image\/\",\"url\":\"https:\/\/atsamed.com.mx\/wp-content\/uploads\/2021\/07\/cropped-Logo-ATSA-Transparencia.png\",\"contentUrl\":\"https:\/\/atsamed.com.mx\/wp-content\/uploads\/2021\/07\/cropped-Logo-ATSA-Transparencia.png\",\"width\":641,\"height\":184,\"caption\":\"atsamed\"},\"image\":{\"@id\":\"https:\/\/atsamed.com.mx\/#\/schema\/logo\/image\/\"},\"sameAs\":[\"https:\/\/www.facebook.com\/atsamed.mx\",\"https:\/\/mx.linkedin.com\/company\/atsamed\"]}]}<\/script>\n<!-- \/ Yoast SEO plugin. -->","yoast_head_json":{"title":"Pol\u00edtica de Privacidad - Atsamed","robots":{"index":"index","follow":"follow","max-snippet":"max-snippet:-1","max-image-preview":"max-image-preview:large","max-video-preview":"max-video-preview:-1"},"canonical":"https:\/\/atsamed.com.mx\/en\/politica-de-privacidad\/","og_locale":"en_US","og_type":"article","og_title":"Pol\u00edtica de Privacidad - Atsamed","og_description":"AVISO DE PRIVACIDAD ATSA PARA LA PROTECCI\u00d3N DE DATOS PERSONALES ABASTECEDOR TERAP\u00c9UTICO, S.A. de C.V. (\u201cATSA\u201d), empresa comercializadora, con domicilio ubicado Cruz Valle Verde No 20 INT 3 Col Santa Cruz del Monte C.P. 53110 Naucalpan de Ju\u00e1rez Estado de M\u00e9xico, hace de su conocimiento que los datos personales recabados por escrito, v\u00eda electr\u00f3nica, telef\u00f3nica, [&hellip;]","og_url":"https:\/\/atsamed.com.mx\/en\/politica-de-privacidad\/","og_site_name":"Atsamed","article_publisher":"https:\/\/www.facebook.com\/atsamed.mx","article_modified_time":"2021-08-09T21:38:53+00:00","twitter_card":"summary_large_image","twitter_misc":{"Est. reading time":"6 minutes"},"schema":{"@context":"https:\/\/schema.org","@graph":[{"@type":"WebPage","@id":"https:\/\/atsamed.com.mx\/en\/politica-de-privacidad\/","url":"https:\/\/atsamed.com.mx\/en\/politica-de-privacidad\/","name":"Pol\u00edtica de Privacidad - Atsamed","isPartOf":{"@id":"https:\/\/atsamed.com.mx\/#website"},"datePublished":"2021-07-27T17:40:39+00:00","dateModified":"2021-08-09T21:38:53+00:00","breadcrumb":{"@id":"https:\/\/atsamed.com.mx\/en\/politica-de-privacidad\/#breadcrumb"},"inLanguage":"en-US","potentialAction":[{"@type":"ReadAction","target":["https:\/\/atsamed.com.mx\/en\/politica-de-privacidad\/"]}]},{"@type":"BreadcrumbList","@id":"https:\/\/atsamed.com.mx\/en\/politica-de-privacidad\/#breadcrumb","itemListElement":[{"@type":"ListItem","position":1,"name":"Inicio","item":"https:\/\/atsamed.com.mx\/"},{"@type":"ListItem","position":2,"name":"Pol\u00edtica de Privacidad"}]},{"@type":"WebSite","@id":"https:\/\/atsamed.com.mx\/#website","url":"https:\/\/atsamed.com.mx\/","name":"Atsamed","description":"Abastecedor terap\u00e9utico","publisher":{"@id":"https:\/\/atsamed.com.mx\/#organization"},"potentialAction":[{"@type":"SearchAction","target":{"@type":"EntryPoint","urlTemplate":"https:\/\/atsamed.com.mx\/?s={search_term_string}"},"query-input":{"@type":"PropertyValueSpecification","valueRequired":true,"valueName":"search_term_string"}}],"inLanguage":"en-US"},{"@type":"Organization","@id":"https:\/\/atsamed.com.mx\/#organization","name":"atsamed","url":"https:\/\/atsamed.com.mx\/","logo":{"@type":"ImageObject","inLanguage":"en-US","@id":"https:\/\/atsamed.com.mx\/#\/schema\/logo\/image\/","url":"https:\/\/atsamed.com.mx\/wp-content\/uploads\/2021\/07\/cropped-Logo-ATSA-Transparencia.png","contentUrl":"https:\/\/atsamed.com.mx\/wp-content\/uploads\/2021\/07\/cropped-Logo-ATSA-Transparencia.png","width":641,"height":184,"caption":"atsamed"},"image":{"@id":"https:\/\/atsamed.com.mx\/#\/schema\/logo\/image\/"},"sameAs":["https:\/\/www.facebook.com\/atsamed.mx","https:\/\/mx.linkedin.com\/company\/atsamed"]}]}},"_links":{"self":[{"href":"https:\/\/atsamed.com.mx\/en\/wp-json\/wp\/v2\/pages\/26","targetHints":{"allow":["GET"]}}],"collection":[{"href":"https:\/\/atsamed.com.mx\/en\/wp-json\/wp\/v2\/pages"}],"about":[{"href":"https:\/\/atsamed.com.mx\/en\/wp-json\/wp\/v2\/types\/page"}],"author":[{"embeddable":true,"href":"https:\/\/atsamed.com.mx\/en\/wp-json\/wp\/v2\/users\/1"}],"replies":[{"embeddable":true,"href":"https:\/\/atsamed.com.mx\/en\/wp-json\/wp\/v2\/comments?post=26"}],"version-history":[{"count":10,"href":"https:\/\/atsamed.com.mx\/en\/wp-json\/wp\/v2\/pages\/26\/revisions"}],"predecessor-version":[{"id":846,"href":"https:\/\/atsamed.com.mx\/en\/wp-json\/wp\/v2\/pages\/26\/revisions\/846"}],"wp:attachment":[{"href":"https:\/\/atsamed.com.mx\/en\/wp-json\/wp\/v2\/media?parent=26"}],"curies":[{"name":"wp","href":"https:\/\/api.w.org\/{rel}","templated":true}]}}